{"id":4695,"date":"2026-04-05T07:18:46","date_gmt":"2026-04-05T07:18:46","guid":{"rendered":"https:\/\/lyfilter.com\/"},"modified":"2026-04-05T07:18:46","modified_gmt":"2026-04-05T07:18:46","slug":"lvyuan-high-quality-pleated-water-filter-cartridge-suppliers-for-sea-water","status":"publish","type":"product","link":"https:\/\/lyfilter.com\/pt\/lvyuan-high-quality-pleated-water-filter-cartridge-suppliers-for-sea-water\/","title":{"rendered":"Lvyuan Alta qualidade plissado cartucho de filtro de \u00e1gua Fornecedores para a \u00e1gua do mar"},"content":{"rendered":"<p>Constru\u00eddo para a filtragem da \u00e1gua do mar, este cartucho de filtro de \u00e1gua plissado da Lvyuan suporta um fluxo est\u00e1vel, um encaixe seguro e uma captura fi\u00e1vel de part\u00edculas. O InversaFilterPurification ajuda a manter os sistemas industriais mais limpos e f\u00e1ceis de gerir.<\/p>","protected":false},"excerpt":{"rendered":"<table>\n<thead>\n<tr>\n<th>Local de origem<\/th>\n<th>Guangdong, China<\/th>\n<th>Nome da marca<\/th>\n<th>Lvyuan,OEM,ODM<\/th>\n<th>Material<\/th>\n<th>pp<\/th>\n<\/tr>\n<\/thead>\n<tbody>\n<tr>\n<td>Peso<\/td>\n<td>personalizado<\/td>\n<td>Tamanho<\/td>\n<td>personalizado, slim, jumbo<\/td>\n<td>Pot\u00eancia<\/td>\n<td>0<\/td>\n<\/tr>\n<tr>\n<td>Garantia<\/td>\n<td>N\u00e3o dispon\u00edvel<\/td>\n<td>Carater\u00edstica<\/td>\n<td>aumento da \u00e1rea de filtragem<\/td>\n<td>Certifica\u00e7\u00e3o<\/td>\n<td>SGS<\/td>\n<\/tr>\n<tr>\n<td>Forma<\/td>\n<td>cilindro<\/td>\n<td>Utiliza\u00e7\u00e3o<\/td>\n<td>tratamento da \u00e1gua<\/td>\n<td>Aplica\u00e7\u00e3o<\/td>\n<td>setorial<\/td>\n<\/tr>\n<tr>\n<td>Cor<\/td>\n<td>branco<\/td>\n<td>Embalagem<\/td>\n<td>caixa de papel<\/td>\n<td>Outro nome<\/td>\n<td>cartucho de filtro dobr\u00e1vel<\/td>\n<\/tr>\n<tr>\n<td>OD<\/td>\n<td>69 mm<\/td>\n<td>Servi\u00e7o p\u00f3s-venda prestado<\/td>\n<td>Apoio em linha<\/td>\n<td>Capacidade de fornecimento<\/td>\n<td>500 pe\u00e7as\/pe\u00e7as por semana<\/td>\n<\/tr>\n<\/tbody>\n<\/table>","protected":false},"featured_media":4696,"comment_status":"open","ping_status":"closed","template":"","meta":{"_gspb_post_css":""},"product_brand":[],"product_cat":[21],"product_tag":[1770,1534,1475,1771,1293,1136],"class_list":{"0":"post-4695","1":"product","2":"type-product","3":"status-publish","4":"has-post-thumbnail","6":"product_cat-pleated-filter-cartridge","7":"product_tag-industrial-water-filter-supplier","8":"product_tag-inversafilterpurification","9":"product_tag-lvyuan-pleated-water-filter-cartridge","10":"product_tag-pleated-filter-for-marine-use","11":"product_tag-sea-water-filter-cartridge","12":"product_tag-water-filter-locks","14":"first","15":"instock","16":"shipping-taxable","17":"product-type-simple"},"_links":{"self":[{"href":"https:\/\/lyfilter.com\/pt\/wp-json\/wp\/v2\/product\/4695","targetHints":{"allow":["GET"]}}],"collection":[{"href":"https:\/\/lyfilter.com\/pt\/wp-json\/wp\/v2\/product"}],"about":[{"href":"https:\/\/lyfilter.com\/pt\/wp-json\/wp\/v2\/types\/product"}],"replies":[{"embeddable":true,"href":"https:\/\/lyfilter.com\/pt\/wp-json\/wp\/v2\/comments?post=4695"}],"wp:featuredmedia":[{"embeddable":true,"href":"https:\/\/lyfilter.com\/pt\/wp-json\/wp\/v2\/media\/4696"}],"wp:attachment":[{"href":"https:\/\/lyfilter.com\/pt\/wp-json\/wp\/v2\/media?parent=4695"}],"wp:term":[{"taxonomy":"product_brand","embeddable":true,"href":"https:\/\/lyfilter.com\/pt\/wp-json\/wp\/v2\/product_brand?post=4695"},{"taxonomy":"product_cat","embeddable":true,"href":"https:\/\/lyfilter.com\/pt\/wp-json\/wp\/v2\/product_cat?post=4695"},{"taxonomy":"product_tag","embeddable":true,"href":"https:\/\/lyfilter.com\/pt\/wp-json\/wp\/v2\/product_tag?post=4695"}],"curies":[{"name":"wp","href":"https:\/\/api.w.org\/{rel}","templated":true}]}}