{"id":4692,"date":"2026-04-05T07:15:49","date_gmt":"2026-04-05T07:15:49","guid":{"rendered":"https:\/\/lyfilter.com\/"},"modified":"2026-04-05T07:15:49","modified_gmt":"2026-04-05T07:15:49","slug":"hand-trolley-stainless-steel-10-microns-housing-filter-17-stage-304-316l-cartridge-water-filter-system-with-gas-air-driven-pump","status":"publish","type":"product","link":"https:\/\/lyfilter.com\/pt\/hand-trolley-stainless-steel-10-microns-housing-filter-17-stage-304-316l-cartridge-water-filter-system-with-gas-air-driven-pump\/","title":{"rendered":"Carrinho de m\u00e3o de a\u00e7o inoxid\u00e1vel com filtro de caixa de 10 m\u00edcrons 1~7 fases 304 316L Sistema de filtro de \u00e1gua de cartucho com bomba de ar a g\u00e1s"},"content":{"rendered":"<p>Carrinho de m\u00e3o de a\u00e7o inoxid\u00e1vel de 10 microns com filtro de cartucho de \u00e1gua de 1~7 fases 304 316L com bomba de ar a g\u00e1s. O filtro m\u00f3vel \u00e9 composto por pr\u00e9-filtro, bomba de \u00f3leo e unidade de filtragem, pr\u00e9-filtro para um<\/p>\n<p>rede met\u00e1lica, para evitar que o s\u00f3lido de grandes dimens\u00f5es entre na bomba, a bomba de \u00f3leo \u00e9 normalmente uma bomba de engrenagens, para transportar o \u00f3leo n\u00e3o purificado<\/p>\n<p>O dispositivo de filtragem \u00e9 uma pequena prensa de filtro de placa e estrutura de compress\u00e3o manual,<\/p>\n<p>utilizando papel de filtro especial como meio filtrante. Sob a ajuda da press\u00e3o da bomba de \u00f3leo, o \u00f3leo n\u00e3o purificado entra no<\/p>\n<p>O filtro prensa de placa e estrutura, ser\u00e1 um \u00f3leo de filtro puro depois de passar pelo papel de filtro. As impurezas s\u00f3lidas<\/p>\n<p>presa na superf\u00edcie do papel de filtro, uma pequena quantidade de \u00e1gua \u00e9 absorvida pelo estoma de l\u00e3 do papel de filtro.<\/p>\n<p>A press\u00e3o de filtragem \u00e9 normal, n\u00e3o superior a 0,3 MPa, quando h\u00e1 demasiada deposi\u00e7\u00e3o de impurezas no filtro<\/p>\n<p>superf\u00edcie do papel, a press\u00e3o do filtro \u00e9 aumentada para 0,35 MPa, ou quando a humidade de absor\u00e7\u00e3o do papel de filtro \u00e9<\/p>\n<p>Quando o \u00f3leo est\u00e1 pr\u00f3ximo do estado de satura\u00e7\u00e3o, a humidade residual no filtro de \u00f3leo j\u00e1 n\u00e3o cai, deve ser substitu\u00eddo o papel de filtro. Quando o \u00f3leo tem uma viscosidade elevada, pode ser pr\u00e9-aquecido novamente, de modo a reduzir a viscosidade para reutiliza\u00e7\u00e3o.<\/p>\n<p>Este tipo de m\u00e1quina de filtragem de \u00f3leo pode remover as impurezas s\u00f3lidas e uma pequena quantidade de \u00e1gua, \u00e9 adequado para o \u00f3leo el\u00e9trico geral e refina\u00e7\u00e3o de \u00f3leo lubrificante.<\/p>","protected":false},"excerpt":{"rendered":"<table>\n<thead>\n<tr>\n<th>Sectores aplic\u00e1veis<\/th>\n<th>F\u00e1brica de produ\u00e7\u00e3o, F\u00e1brica de alimentos e bebidas, Quintas, Restaurante, Loja de alimentos, Energia e minas, Lojas de alimentos e bebidas<\/th>\n<th>Local de origem<\/th>\n<th>Guangdong, China<\/th>\n<th>Nome da marca<\/th>\n<th>Lvyuan\/OEM<\/th>\n<\/tr>\n<\/thead>\n<tbody>\n<tr>\n<td>Material<\/td>\n<td>Personalizado<\/td>\n<td>Peso<\/td>\n<td>Personalizado<\/td>\n<td>Tamanho<\/td>\n<td>Personalizado<\/td>\n<\/tr>\n<tr>\n<td>Pot\u00eancia<\/td>\n<td>Personalizado<\/td>\n<td>Garantia<\/td>\n<td>1 ano<\/td>\n<td>Servi\u00e7o p\u00f3s-venda prestado<\/td>\n<td>Apoio em linha<\/td>\n<\/tr>\n<tr>\n<td>Nome do modelo<\/td>\n<td>Filtro com caixa de a\u00e7o inoxid\u00e1vel Sistema de filtragem de \u00e1gua de cartucho de 1~7 fases<\/td>\n<td>Comprimento<\/td>\n<td>10 polegadas 20 polegadas 30 polegadas 40 polegadas<\/td>\n<td>Utiliza\u00e7\u00e3o<\/td>\n<td>Filtragem de \u00f3leo\/g\u00e1s\/ar\/\u00e1gua l\u00edquida<\/td>\n<\/tr>\n<tr>\n<td>Material do corpo principal<\/td>\n<td>A\u00e7o inoxid\u00e1vel 304 \/ 316L<\/td>\n<td>Tipo de caixa do filtro<\/td>\n<td>Tubular<\/td>\n<td>Princ\u00edpio<\/td>\n<td>Filtragem por press\u00e3o<\/td>\n<\/tr>\n<tr>\n<td>Fases<\/td>\n<td>1 - 7 fases<\/td>\n<td>Embalagem<\/td>\n<td>Embalagem de rede ou caixa de madeira<\/td>\n<td>Filtro<\/td>\n<td>Filtro de mangas e filtro de cartucho<\/td>\n<\/tr>\n<tr>\n<td>Carrinho<\/td>\n<td>A\u00e7o inoxid\u00e1vel 304\/316L<\/td>\n<td>Capacidade de fornecimento<\/td>\n<td>100 pe\u00e7as\/pe\u00e7as por dia<\/td>\n<td><\/td>\n<td><\/td>\n<\/tr>\n<\/tbody>\n<\/table>","protected":false},"featured_media":4693,"comment_status":"open","ping_status":"closed","template":"","meta":{"_gspb_post_css":""},"product_brand":[],"product_cat":[15],"product_tag":[1768,1769,1767,1534,292,1136],"class_list":{"0":"post-4692","1":"product","2":"type-product","3":"status-publish","4":"has-post-thumbnail","6":"product_cat-stainless-steel-filter-housing","7":"product_tag-10-micron-cartridge-filter","8":"product_tag-gas-air-driven-pump-filter","9":"product_tag-hand-trolley-water-filter-system","10":"product_tag-inversafilterpurification","11":"product_tag-stainless-steel-housing-filter","12":"product_tag-water-filter-locks","14":"first","15":"instock","16":"shipping-taxable","17":"product-type-simple"},"_links":{"self":[{"href":"https:\/\/lyfilter.com\/pt\/wp-json\/wp\/v2\/product\/4692","targetHints":{"allow":["GET"]}}],"collection":[{"href":"https:\/\/lyfilter.com\/pt\/wp-json\/wp\/v2\/product"}],"about":[{"href":"https:\/\/lyfilter.com\/pt\/wp-json\/wp\/v2\/types\/product"}],"replies":[{"embeddable":true,"href":"https:\/\/lyfilter.com\/pt\/wp-json\/wp\/v2\/comments?post=4692"}],"wp:featuredmedia":[{"embeddable":true,"href":"https:\/\/lyfilter.com\/pt\/wp-json\/wp\/v2\/media\/4693"}],"wp:attachment":[{"href":"https:\/\/lyfilter.com\/pt\/wp-json\/wp\/v2\/media?parent=4692"}],"wp:term":[{"taxonomy":"product_brand","embeddable":true,"href":"https:\/\/lyfilter.com\/pt\/wp-json\/wp\/v2\/product_brand?post=4692"},{"taxonomy":"product_cat","embeddable":true,"href":"https:\/\/lyfilter.com\/pt\/wp-json\/wp\/v2\/product_cat?post=4692"},{"taxonomy":"product_tag","embeddable":true,"href":"https:\/\/lyfilter.com\/pt\/wp-json\/wp\/v2\/product_tag?post=4692"}],"curies":[{"name":"wp","href":"https:\/\/api.w.org\/{rel}","templated":true}]}}