{"id":4683,"date":"2026-04-05T07:10:33","date_gmt":"2026-04-05T07:10:33","guid":{"rendered":"https:\/\/lyfilter.com\/"},"modified":"2026-04-05T07:10:33","modified_gmt":"2026-04-05T07:10:33","slug":"30-40-inch-pp-spun-water-filter-cartridge-with-core-for-stainless-steel-filter-housing-2","status":"publish","type":"product","link":"https:\/\/lyfilter.com\/pt\/30-40-inch-pp-spun-water-filter-cartridge-with-core-for-stainless-steel-filter-housing-2\/","title":{"rendered":"30 40\u201d Inch PP Spun Water Filter Cartridge With Core For Stainless Steel Filter Housing (Cartucho de filtro de \u00e1gua PP com n\u00facleo para caixa de filtro de a\u00e7o inoxid\u00e1vel)"},"content":{"rendered":"<p>Constru\u00eddo para configura\u00e7\u00f5es de filtragem, este cartucho fiado de PP de 30 40\u201d polegadas com n\u00facleo adapta-se com seguran\u00e7a a caixas de a\u00e7o inoxid\u00e1vel. O InversaFilterPurification ajuda a manter um fluxo constante, \u00e1gua mais limpa e um desempenho fi\u00e1vel para a filtragem da \u00e1gua.<\/p>","protected":false},"excerpt":{"rendered":"<table>\n<thead>\n<tr>\n<th>Local de origem<\/th>\n<th>Guangdong, China<\/th>\n<th>Nome da marca<\/th>\n<th>Lvyuan \/ OEM<\/th>\n<th>Material<\/th>\n<th>polipropileno<\/th>\n<\/tr>\n<\/thead>\n<tbody>\n<tr>\n<td>Peso<\/td>\n<td>depende<\/td>\n<td>Tamanho<\/td>\n<td>padr\u00e3o ou personaliza\u00e7\u00e3o<\/td>\n<td>Pot\u00eancia<\/td>\n<td>0<\/td>\n<\/tr>\n<tr>\n<td>Garantia<\/td>\n<td>N\u00e3o dispon\u00edvel<\/td>\n<td>Nome do produto<\/td>\n<td>Cartucho filtrante fiado de 40\u201d pp<\/td>\n<td>Taxa de microns<\/td>\n<td>Cartucho de filtros de 1\/3\/5\/10\/25\/50\/75\/100 m\u00edcrones<\/td>\n<\/tr>\n<tr>\n<td>Certifica\u00e7\u00e3o<\/td>\n<td>CE SGS<\/td>\n<td>aplica\u00e7\u00e3o<\/td>\n<td>pe\u00e7as para filtros de \u00e1gua, Osmose Inversa<\/td>\n<td>Comprimento<\/td>\n<td>5\u2033, 10\u2033, 20\u2033, 30\u2033, 40\u2033, 50\u201d polegadas<\/td>\n<\/tr>\n<tr>\n<td>Meios filtrantes<\/td>\n<td>Polipropileno PP fiado<\/td>\n<td>Tampa da extremidade<\/td>\n<td>DOE\/222Fin\/226Fin\/222Flat\/226Flat<\/td>\n<td>Material da junta\/anel<\/td>\n<td>Sil\u00edcio\/EPDM\/Vit\u00e3o<\/td>\n<\/tr>\n<tr>\n<td>Utiliza\u00e7\u00e3o<\/td>\n<td>Filtro de cartucho para l\u00edquidos<\/td>\n<td>N\u00facleo interno<\/td>\n<td>PP, a\u00e7o inoxid\u00e1vel, nenhum<\/td>\n<td>Servi\u00e7o p\u00f3s-venda prestado<\/td>\n<td>Apoio em linha<\/td>\n<\/tr>\n<tr>\n<td>Capacidade de fornecimento<\/td>\n<td>5000 Pe\u00e7as\/Pe\u00e7as por dia de cartucho de filtro fiado<\/td>\n<td><\/td>\n<td><\/td>\n<td><\/td>\n<td><\/td>\n<\/tr>\n<\/tbody>\n<\/table>","protected":false},"featured_media":4691,"comment_status":"open","ping_status":"closed","template":"","meta":{"_gspb_post_css":""},"product_brand":[],"product_cat":[23],"product_tag":[1765,1534,1764,34,1766,1136],"class_list":{"0":"post-4683","1":"product","2":"type-product","3":"status-publish","4":"has-post-thumbnail","6":"product_cat-pp-filter-cartridge","7":"product_tag-30-40-inch-filter-cartridge","8":"product_tag-inversafilterpurification","9":"product_tag-pp-spun-water-filter-cartridge","10":"product_tag-stainless-steel-filter-housing","11":"product_tag-water-filter-cartridge-with-core","12":"product_tag-water-filter-locks","14":"first","15":"instock","16":"shipping-taxable","17":"product-type-simple"},"_links":{"self":[{"href":"https:\/\/lyfilter.com\/pt\/wp-json\/wp\/v2\/product\/4683","targetHints":{"allow":["GET"]}}],"collection":[{"href":"https:\/\/lyfilter.com\/pt\/wp-json\/wp\/v2\/product"}],"about":[{"href":"https:\/\/lyfilter.com\/pt\/wp-json\/wp\/v2\/types\/product"}],"replies":[{"embeddable":true,"href":"https:\/\/lyfilter.com\/pt\/wp-json\/wp\/v2\/comments?post=4683"}],"wp:featuredmedia":[{"embeddable":true,"href":"https:\/\/lyfilter.com\/pt\/wp-json\/wp\/v2\/media\/4691"}],"wp:attachment":[{"href":"https:\/\/lyfilter.com\/pt\/wp-json\/wp\/v2\/media?parent=4683"}],"wp:term":[{"taxonomy":"product_brand","embeddable":true,"href":"https:\/\/lyfilter.com\/pt\/wp-json\/wp\/v2\/product_brand?post=4683"},{"taxonomy":"product_cat","embeddable":true,"href":"https:\/\/lyfilter.com\/pt\/wp-json\/wp\/v2\/product_cat?post=4683"},{"taxonomy":"product_tag","embeddable":true,"href":"https:\/\/lyfilter.com\/pt\/wp-json\/wp\/v2\/product_tag?post=4683"}],"curies":[{"name":"wp","href":"https:\/\/api.w.org\/{rel}","templated":true}]}}