{"id":4679,"date":"2026-04-05T07:06:05","date_gmt":"2026-04-05T07:06:05","guid":{"rendered":"https:\/\/lyfilter.com\/"},"modified":"2026-04-05T07:06:05","modified_gmt":"2026-04-05T07:06:05","slug":"lvyuan-carbon-block-filter-cartridge-factory-for-industry","status":"publish","type":"product","link":"https:\/\/lyfilter.com\/pt\/lvyuan-carbon-block-filter-cartridge-factory-for-industry\/","title":{"rendered":"F\u00e1brica de cartucho de filtro de bloco de carbono Lvyuan para a ind\u00fastria"},"content":{"rendered":"<p>Concebido para as necessidades de filtragem industrial, o cartucho de filtro de bloco de carbono Lvyuan permite obter \u00e1gua mais limpa, um fluxo constante e um ajuste seguro. A InversaFilterPurification ajuda os compradores a escolher pe\u00e7as duradouras que funcionam sem problemas nos sistemas quotidianos.<\/p>","protected":false},"excerpt":{"rendered":"<table>\n<thead>\n<tr>\n<th>Sectores aplic\u00e1veis<\/th>\n<th>F\u00e1brica de produ\u00e7\u00e3o, F\u00e1brica de alimentos e bebidas, tratamento de \u00e1gua<\/th>\n<th>Servi\u00e7o p\u00f3s-garantia<\/th>\n<th>Apoio em linha<\/th>\n<th>Localiza\u00e7\u00e3o do servi\u00e7o local<\/th>\n<th>nenhum<\/th>\n<\/tr>\n<\/thead>\n<tbody>\n<tr>\n<td>Localiza\u00e7\u00e3o da sala de exposi\u00e7\u00f5es<\/td>\n<td>nenhum<\/td>\n<td>Local de origem<\/td>\n<td>Guangdong, China<\/td>\n<td>Nome da marca<\/td>\n<td>Lvyuan ou OEM\/ ODM<\/td>\n<\/tr>\n<tr>\n<td>Material<\/td>\n<td>carv\u00e3o de coco, carv\u00e3o de coco, carv\u00e3o de carv\u00e3o<\/td>\n<td>Peso<\/td>\n<td>personalizado<\/td>\n<td>Tamanho<\/td>\n<td>personalizado, personalizado<\/td>\n<\/tr>\n<tr>\n<td>Pot\u00eancia<\/td>\n<td>0<\/td>\n<td>Garantia<\/td>\n<td>N\u00e3o dispon\u00edvel<\/td>\n<td>Palavras-chave<\/td>\n<td>filtros de carv\u00e3o ativo<\/td>\n<\/tr>\n<tr>\n<td>Servi\u00e7o p\u00f3s-venda prestado<\/td>\n<td>Apoio em linha<\/td>\n<td>Carater\u00edstica<\/td>\n<td>remover odores, sedimentos, cheiros, etc<\/td>\n<td>Aplica\u00e7\u00e3o<\/td>\n<td>Pr\u00e9-filtragem<\/td>\n<\/tr>\n<tr>\n<td>Cor<\/td>\n<td>Preto\/cinzento<\/td>\n<td>Tipo<\/td>\n<td>Pe\u00e7as para filtros de \u00e1gua<\/td>\n<td>Di\u00e2metro<\/td>\n<td>personalizado<\/td>\n<\/tr>\n<tr>\n<td>taxa de microns<\/td>\n<td>5\/10\/25 m\u00edcrones<\/td>\n<td>Capacidade de fornecimento<\/td>\n<td>500 pe\u00e7as\/pe\u00e7as por semana<\/td>\n<td><\/td>\n<td><\/td>\n<\/tr>\n<\/tbody>\n<\/table>","protected":false},"featured_media":4680,"comment_status":"open","ping_status":"closed","template":"","meta":{"_gspb_post_css":""},"product_brand":[],"product_cat":[1339],"product_tag":[1259,1763,1534,1258,1136,1753],"class_list":{"0":"post-4679","1":"product","2":"type-product","3":"status-publish","4":"has-post-thumbnail","6":"product_cat-carbon-filter","7":"product_tag-carbon-block-water-filter","8":"product_tag-industrial-filter-cartridge-factory","9":"product_tag-inversafilterpurification","10":"product_tag-lvyuan-carbon-block-filter-cartridge","11":"product_tag-water-filter-locks","12":"product_tag-water-filtration-supplier","14":"first","15":"instock","16":"shipping-taxable","17":"product-type-simple"},"_links":{"self":[{"href":"https:\/\/lyfilter.com\/pt\/wp-json\/wp\/v2\/product\/4679","targetHints":{"allow":["GET"]}}],"collection":[{"href":"https:\/\/lyfilter.com\/pt\/wp-json\/wp\/v2\/product"}],"about":[{"href":"https:\/\/lyfilter.com\/pt\/wp-json\/wp\/v2\/types\/product"}],"replies":[{"embeddable":true,"href":"https:\/\/lyfilter.com\/pt\/wp-json\/wp\/v2\/comments?post=4679"}],"wp:featuredmedia":[{"embeddable":true,"href":"https:\/\/lyfilter.com\/pt\/wp-json\/wp\/v2\/media\/4680"}],"wp:attachment":[{"href":"https:\/\/lyfilter.com\/pt\/wp-json\/wp\/v2\/media?parent=4679"}],"wp:term":[{"taxonomy":"product_brand","embeddable":true,"href":"https:\/\/lyfilter.com\/pt\/wp-json\/wp\/v2\/product_brand?post=4679"},{"taxonomy":"product_cat","embeddable":true,"href":"https:\/\/lyfilter.com\/pt\/wp-json\/wp\/v2\/product_cat?post=4679"},{"taxonomy":"product_tag","embeddable":true,"href":"https:\/\/lyfilter.com\/pt\/wp-json\/wp\/v2\/product_tag?post=4679"}],"curies":[{"name":"wp","href":"https:\/\/api.w.org\/{rel}","templated":true}]}}