{"id":4630,"date":"2026-04-05T06:24:51","date_gmt":"2026-04-05T06:24:51","guid":{"rendered":"https:\/\/lyfilter.com\/"},"modified":"2026-04-05T06:24:51","modified_gmt":"2026-04-05T06:24:51","slug":"single-high-pressure-liquid-filter-stainless-304-steel-high-flow-water-filter-housing-for-ro-desalination-water-treatment","status":"publish","type":"product","link":"https:\/\/lyfilter.com\/pt\/single-high-pressure-liquid-filter-stainless-304-steel-high-flow-water-filter-housing-for-ro-desalination-water-treatment\/","title":{"rendered":"Filtro de L\u00edquido de Alta Press\u00e3o Simples A\u00e7o Inoxid\u00e1vel 304 Carca\u00e7a de Filtro de \u00c1gua de Alto Fluxo Para Tratamento de \u00c1gua Ro\/Dessaliniza\u00e7\u00e3o"},"content":{"rendered":"<h3 class=\"do-entry-title\">Embalagem e entrega<\/h3>\n<div class=\"do-entry-list\">\n<dl class=\"do-entry-item\">\n<dt class=\"do-entry-item-key\">Unidades de venda:<\/dt>\n<dd class=\"do-entry-item-val\">Artigo \u00fanico<\/dd>\n<\/dl>\n<dl class=\"do-entry-item\">\n<dt class=\"do-entry-item-key\" title=\"Tamanho da embalagem individual:\">Tamanho da embalagem individual:<\/dt>\n<dd class=\"do-entry-item-val\">35X18X25 cm<\/dd>\n<\/dl>\n<dl class=\"do-entry-item\">\n<dt class=\"do-entry-item-key\" title=\"Peso bruto \u00fanico:\">Peso bruto \u00fanico:<\/dt>\n<dd class=\"do-entry-item-val\">3.000 kg<\/dd>\n<\/dl>\n<dl class=\"do-entry-item\">\n<dt class=\"do-entry-item-key\">Tipo de embalagem:<\/dt>\n<dd class=\"do-entry-item-val pkg-method\">Filtro de l\u00edquido de alta press\u00e3o simples, caixa de filtro de \u00e1gua de alto fluxo em a\u00e7o inoxid\u00e1vel 304 para tratamento de \u00e1gua RO\/dessaliniza\u00e7\u00e3o: Embalagem: Caixa padr\u00e3o de exporta\u00e7\u00e3o \/ Conforme necess\u00e1rio<\/dd>\n<\/dl>\n<dl class=\"do-entry-item\">\n<dt class=\"do-entry-item-key\" title=\"Prazo de execu\u00e7\u00e3o\">Prazo de execu\u00e7\u00e3o\u00a0<i class=\"next-icon next-icon-help next-icon-xs js-leadtimes-tips\"><\/i>:<\/dt>\n<dd class=\"do-entry-item-val\" title=\"Prazo de execu\u00e7\u00e3o\">\n<div class=\"table-responsive\">\n<table class=\"supply-ability-table ui2-table ui2-table-normal ui2-table-zebra ui2-table-hover\">\n<tbody>\n<tr>\n<td>Quantidade (unidades)<\/td>\n<td>1 - 10<\/td>\n<td>11 - 100<\/td>\n<td>&gt;100<\/td>\n<\/tr>\n<tr>\n<td>Est. Tempo (dias)<\/td>\n<td>5<\/td>\n<td>10<\/td>\n<td>A ser negociado<\/td>\n<\/tr>\n<\/tbody>\n<\/table>\n<\/div>\n<\/dd>\n<\/dl>\n<\/div>","protected":false},"excerpt":{"rendered":"<table>\n<thead>\n<tr>\n<th>Campo<\/th>\n<th>Valor<\/th>\n<\/tr>\n<\/thead>\n<tbody>\n<tr>\n<td>Local de origem<\/td>\n<td>Guangdong, China<\/td>\n<\/tr>\n<tr>\n<td>Nome da marca<\/td>\n<td>Personalizado<\/td>\n<\/tr>\n<tr>\n<td>Material<\/td>\n<td>Personalizado<\/td>\n<\/tr>\n<tr>\n<td>Peso<\/td>\n<td>Personalizado<\/td>\n<\/tr>\n<tr>\n<td>Tamanho<\/td>\n<td>Personalizado<\/td>\n<\/tr>\n<tr>\n<td>Pot\u00eancia<\/td>\n<td>0<\/td>\n<\/tr>\n<tr>\n<td>Garantia<\/td>\n<td>1 ano<\/td>\n<\/tr>\n<tr>\n<td>Servi\u00e7o p\u00f3s-venda prestado<\/td>\n<td>Apoio em linha<\/td>\n<\/tr>\n<tr>\n<td>Nome do artigo<\/td>\n<td>Filtro de l\u00edquido \u00fanico em a\u00e7o inoxid\u00e1vel, caixa de filtro de \u00e1gua de caudal elevado<\/td>\n<\/tr>\n<tr>\n<td>Material da caixa<\/td>\n<td>SS304\/SS316L<\/td>\n<\/tr>\n<tr>\n<td>Comprimento do cartucho do filtro<\/td>\n<td>10\u2033 20\u2033 30\u2033 40\u2033<\/td>\n<\/tr>\n<tr>\n<td>Quantidade de filtros de cartucho<\/td>\n<td>N\u00facleo \u00fanico<\/td>\n<\/tr>\n<tr>\n<td>Tratamento de superf\u00edcie<\/td>\n<td>Polido e jato de areia<\/td>\n<\/tr>\n<tr>\n<td>Anel o-ring de veda\u00e7\u00e3o<\/td>\n<td>Sil\u00e1stico\/NBR\/EPDM\/Viton<\/td>\n<\/tr>\n<tr>\n<td>Tipo de tampa superior instalada<\/td>\n<td>Tipo de bra\u00e7adeira<\/td>\n<\/tr>\n<tr>\n<td>Tipo de conetor<\/td>\n<td>222\/226\/DOE<\/td>\n<\/tr>\n<tr>\n<td>Tipo de entrada e de sa\u00edda<\/td>\n<td>Rosca interna<\/td>\n<\/tr>\n<tr>\n<td>M\u00e9todo de acondicionamento<\/td>\n<td>Caixa normalizada para exporta\u00e7\u00e3o<\/td>\n<\/tr>\n<\/tbody>\n<\/table>","protected":false},"featured_media":4632,"comment_status":"open","ping_status":"closed","template":"","meta":{"_gspb_post_css":""},"product_brand":[],"product_cat":[15],"product_tag":[1740,1739,1534,68,1741,1356],"class_list":{"0":"post-4630","1":"product","2":"type-product","3":"status-publish","4":"has-post-thumbnail","6":"product_cat-stainless-steel-filter-housing","7":"product_tag-high-flow-filter-housing","8":"product_tag-high-pressure-water-filter-housing","9":"product_tag-inversafilterpurification","10":"product_tag-liquid-filter-housing","11":"product_tag-ro-desalination-filter-housing","12":"product_tag-stainless-steel-304-filter-housing","14":"first","15":"instock","16":"shipping-taxable","17":"product-type-simple"},"_links":{"self":[{"href":"https:\/\/lyfilter.com\/pt\/wp-json\/wp\/v2\/product\/4630","targetHints":{"allow":["GET"]}}],"collection":[{"href":"https:\/\/lyfilter.com\/pt\/wp-json\/wp\/v2\/product"}],"about":[{"href":"https:\/\/lyfilter.com\/pt\/wp-json\/wp\/v2\/types\/product"}],"replies":[{"embeddable":true,"href":"https:\/\/lyfilter.com\/pt\/wp-json\/wp\/v2\/comments?post=4630"}],"wp:featuredmedia":[{"embeddable":true,"href":"https:\/\/lyfilter.com\/pt\/wp-json\/wp\/v2\/media\/4632"}],"wp:attachment":[{"href":"https:\/\/lyfilter.com\/pt\/wp-json\/wp\/v2\/media?parent=4630"}],"wp:term":[{"taxonomy":"product_brand","embeddable":true,"href":"https:\/\/lyfilter.com\/pt\/wp-json\/wp\/v2\/product_brand?post=4630"},{"taxonomy":"product_cat","embeddable":true,"href":"https:\/\/lyfilter.com\/pt\/wp-json\/wp\/v2\/product_cat?post=4630"},{"taxonomy":"product_tag","embeddable":true,"href":"https:\/\/lyfilter.com\/pt\/wp-json\/wp\/v2\/product_tag?post=4630"}],"curies":[{"name":"wp","href":"https:\/\/api.w.org\/{rel}","templated":true}]}}