{"id":4619,"date":"2026-04-05T06:15:24","date_gmt":"2026-04-05T06:15:24","guid":{"rendered":"https:\/\/lyfilter.com\/"},"modified":"2026-04-05T06:15:24","modified_gmt":"2026-04-05T06:15:24","slug":"150-200-micron-180810mm-ss316l-single-bag-filter-housings","status":"publish","type":"product","link":"https:\/\/lyfilter.com\/pt\/150-200-micron-180810mm-ss316l-single-bag-filter-housings\/","title":{"rendered":"150 200 Micron 180*810mm SS316L Caixas de filtro de saco simples"},"content":{"rendered":"<div id=\"ali-anchor-AliMagic-irt6i0\" class=\"magic-0\" data-section=\"AliMagic-irt6i0\" data-section-title=\"Product Description\"><strong>Caixa de filtro de saco \u00fanico de a\u00e7o inoxid\u00e1vel de entrada superior com 1 5 10 25 50 75 100 150 200 m\u00edcrones<\/strong><\/div>\n<div class=\"magic-0\" data-section=\"AliMagic-irt6i0\" data-section-title=\"Product Description\"><\/div>\n<div class=\"icbu-pc-images magic-1\">\n<div class=\"flex-layout-v\">\n<div class=\"flex-layout-h magic-1\">\n<div class=\"magic-2\">A caixa do filtro de mangas \u00e9 um tipo de equipamento de filtragem multiusos com uma estrutura inovadora, tamanho pequeno, funcionamento simples e flex\u00edvel, poupan\u00e7a de energia, elevada efici\u00eancia, trabalho herm\u00e9tico e forte aplicabilidade. A caixa do filtro de mangas \u00e9 um novo tipo de sistema de filtragem. No interior da caixa do filtro de mangas, o saco de filtro \u00e9 suportado por um cesto de malha met\u00e1lica. O l\u00edquido entra pela entrada e sai pela sa\u00edda depois de ser filtrado pelo saco de filtro. As impurezas s\u00e3o interceptadas no saco de filtro e podem ser utilizadas continuamente ap\u00f3s a substitui\u00e7\u00e3o do saco de filtro.<\/div>\n<div class=\"magic-2\"><\/div>\n<div class=\"magic-2\"><strong>Carater\u00edstica:<\/strong><\/div>\n<div class=\"magic-2\"><\/div>\n<div class=\"magic-2\">\n<ul>\n<li>A caixa do filtro de mangas tem uma estrutura compacta e um tamanho razo\u00e1vel. A instala\u00e7\u00e3o e o funcionamento s\u00e3o simples, c\u00f3modos e ocupam uma \u00e1rea reduzida.<\/li>\n<li>A caixa do filtro de mangas tem uma elevada precis\u00e3o de filtragem, adequada para quaisquer part\u00edculas finas ou mat\u00e9ria em suspens\u00e3o, e a gama de filtragem pode ser de 0,5 a 100 microns.<\/li>\n<li>O fluxo de processamento por unidade de \u00e1rea de filtragem \u00e9 grande, a resist\u00eancia \u00e0 filtragem \u00e9 pequena e a efici\u00eancia da filtragem \u00e9 elevada. A fun\u00e7\u00e3o de filtragem de um saco de filtro de l\u00edquidos \u00e9 equivalente a 5-10 vezes a de um saco de filtro de l\u00edquidos.\u00a0<a href=\"https:\/\/lyfilter.com\/pt\/products.html\/\">elemento filtrante<\/a>, O fluxo de projeto pode satisfazer os requisitos de 1~500m3\/h, e o custo \u00e9 baixo.<\/li>\n<li>A caixa do filtro de mangas tem uma vasta gama de utiliza\u00e7\u00f5es, podendo ser utilizada para filtragem grosseira, filtragem interm\u00e9dia ou filtragem fina; quando se obt\u00e9m o mesmo efeito de filtragem, em compara\u00e7\u00e3o com o filtro fino de placa e estrutura, o elemento filtrante e outros equipamentos, o custo de investimento \u00e9 inferior e a vida \u00fatil \u00e9 As vantagens de um custo de filtragem longo e baixo.<\/li>\n<\/ul>\n<\/div>\n<\/div>\n<\/div>\n<\/div>","protected":false},"excerpt":{"rendered":"<table>\n<thead>\n<tr>\n<th>Campo<\/th>\n<th>Valor<\/th>\n<\/tr>\n<\/thead>\n<tbody>\n<tr>\n<td>Porto de in\u00edcio<\/td>\n<td>Guangzhou<\/td>\n<\/tr>\n<tr>\n<td>Capacidade de produ\u00e7\u00e3o<\/td>\n<td>10000 unidades\/m\u00eas<\/td>\n<\/tr>\n<tr>\n<td>Local de origem<\/td>\n<td>Guangdong, China<\/td>\n<\/tr>\n<tr>\n<td>Pagamento<\/td>\n<td>T\/T<\/td>\n<\/tr>\n<tr>\n<td>QUANTIDADE M\u00c1XIMA DE ENCOMENDA<\/td>\n<td>1 unidade<\/td>\n<\/tr>\n<tr>\n<td>Modelo<\/td>\n<td>LY-HFPL-7<\/td>\n<\/tr>\n<tr>\n<td>Prazo de entrega<\/td>\n<td>No prazo de 7 dias \u00fateis<\/td>\n<\/tr>\n<tr>\n<td>Certifica\u00e7\u00e3o<\/td>\n<td>ISO 9001<\/td>\n<\/tr>\n<tr>\n<td>Marca<\/td>\n<td>OEM\/Lvyuan<\/td>\n<\/tr>\n<\/tbody>\n<\/table>","protected":false},"featured_media":4621,"comment_status":"open","ping_status":"closed","template":"","meta":{"_gspb_post_css":""},"product_brand":[],"product_cat":[15],"product_tag":[1733,1734,1510,1534,1732,1320],"class_list":{"0":"post-4619","1":"product","2":"type-product","3":"status-publish","4":"has-post-thumbnail","6":"product_cat-stainless-steel-filter-housing","7":"product_tag-150-micron-bag-filter-housing","8":"product_tag-200-micron-bag-filter-housing","9":"product_tag-industrial-water-filtration-housing","10":"product_tag-inversafilterpurification","11":"product_tag-ss316l-single-bag-filter-housing","12":"product_tag-stainless-steel-bag-filter","14":"first","15":"instock","16":"shipping-taxable","17":"product-type-simple"},"_links":{"self":[{"href":"https:\/\/lyfilter.com\/pt\/wp-json\/wp\/v2\/product\/4619","targetHints":{"allow":["GET"]}}],"collection":[{"href":"https:\/\/lyfilter.com\/pt\/wp-json\/wp\/v2\/product"}],"about":[{"href":"https:\/\/lyfilter.com\/pt\/wp-json\/wp\/v2\/types\/product"}],"replies":[{"embeddable":true,"href":"https:\/\/lyfilter.com\/pt\/wp-json\/wp\/v2\/comments?post=4619"}],"wp:featuredmedia":[{"embeddable":true,"href":"https:\/\/lyfilter.com\/pt\/wp-json\/wp\/v2\/media\/4621"}],"wp:attachment":[{"href":"https:\/\/lyfilter.com\/pt\/wp-json\/wp\/v2\/media?parent=4619"}],"wp:term":[{"taxonomy":"product_brand","embeddable":true,"href":"https:\/\/lyfilter.com\/pt\/wp-json\/wp\/v2\/product_brand?post=4619"},{"taxonomy":"product_cat","embeddable":true,"href":"https:\/\/lyfilter.com\/pt\/wp-json\/wp\/v2\/product_cat?post=4619"},{"taxonomy":"product_tag","embeddable":true,"href":"https:\/\/lyfilter.com\/pt\/wp-json\/wp\/v2\/product_tag?post=4619"}],"curies":[{"name":"wp","href":"https:\/\/api.w.org\/{rel}","templated":true}]}}