{"id":4617,"date":"2026-04-05T06:13:25","date_gmt":"2026-04-05T06:13:25","guid":{"rendered":"https:\/\/lyfilter.com\/"},"modified":"2026-04-05T06:13:25","modified_gmt":"2026-04-05T06:13:25","slug":"lvyuan-filter-ss-micron-filter-housing-made-in-china-for-water-purifier","status":"publish","type":"product","link":"https:\/\/lyfilter.com\/pt\/lvyuan-filter-ss-micron-filter-housing-made-in-china-for-water-purifier\/","title":{"rendered":"Lvyuan Filter SS Micron Filter Housing Made In China Para Purificador de \u00c1gua"},"content":{"rendered":"<p>Constru\u00edda para uma purifica\u00e7\u00e3o de \u00e1gua fi\u00e1vel, esta caixa de filtro SS micron da Lvyuan Filter oferece durabilidade em a\u00e7o inoxid\u00e1vel, manuseamento est\u00e1vel da press\u00e3o e desempenho de filtragem limpo para uma utiliza\u00e7\u00e3o di\u00e1ria mais segura e suave do sistema.<\/p>","protected":false},"excerpt":{"rendered":"<table>\n<thead>\n<tr>\n<th>Campo<\/th>\n<th>Valor<\/th>\n<\/tr>\n<\/thead>\n<tbody>\n<tr>\n<td>Local de origem<\/td>\n<td>Guangdong, China<\/td>\n<\/tr>\n<tr>\n<td>Nome da marca<\/td>\n<td>Lvyuan,OEM,ODM<\/td>\n<\/tr>\n<tr>\n<td>Material<\/td>\n<td>a\u00e7o inoxid\u00e1vel<\/td>\n<\/tr>\n<tr>\n<td>Peso<\/td>\n<td>personalizado<\/td>\n<\/tr>\n<tr>\n<td>Tamanho<\/td>\n<td>personalizado<\/td>\n<\/tr>\n<tr>\n<td>Pot\u00eancia<\/td>\n<td>personalizado<\/td>\n<\/tr>\n<tr>\n<td>Garantia<\/td>\n<td>1 ano<\/td>\n<\/tr>\n<tr>\n<td>Servi\u00e7o p\u00f3s-venda prestado<\/td>\n<td>Apoio em linha<\/td>\n<\/tr>\n<tr>\n<td>Carater\u00edstica<\/td>\n<td>facilmente parcel\u00e1vel<\/td>\n<\/tr>\n<tr>\n<td>Comprimento<\/td>\n<td>10\u201d, 20\u201d, 30\u2032, \u201940\u201d<\/td>\n<\/tr>\n<tr>\n<td>Certifica\u00e7\u00e3o<\/td>\n<td>ISO, SGS<\/td>\n<\/tr>\n<tr>\n<td>superf\u00edcie<\/td>\n<td>polido ou espelhado<\/td>\n<\/tr>\n<tr>\n<td>Mat\u00e9ria-prima<\/td>\n<td>sus304, sus316<\/td>\n<\/tr>\n<tr>\n<td>Press\u00e3o de trabalho<\/td>\n<td>150 psi<\/td>\n<\/tr>\n<tr>\n<td>Encerramento<\/td>\n<td>mancha e noz<\/td>\n<\/tr>\n<tr>\n<td>quantidade de cartuchos<\/td>\n<td>1 a 160 unidades<\/td>\n<\/tr>\n<tr>\n<td>Palavras-chave<\/td>\n<td>caixa do filtro em a\u00e7o inoxid\u00e1vel<\/td>\n<\/tr>\n<tr>\n<td>Press\u00e3o de funcionamento<\/td>\n<td>7 kg\/cm2<\/td>\n<\/tr>\n<tr>\n<td>Capacidade de fornecimento<\/td>\n<td>5000 unidades\/pe\u00e7as por ano<\/td>\n<\/tr>\n<\/tbody>\n<\/table>","protected":false},"featured_media":4618,"comment_status":"open","ping_status":"closed","template":"","meta":{"_gspb_post_css":""},"product_brand":[],"product_cat":[15],"product_tag":[1731,1534,1242,1730,34,1706],"class_list":{"0":"post-4617","1":"product","2":"type-product","3":"status-publish","4":"has-post-thumbnail","6":"product_cat-stainless-steel-filter-housing","7":"product_tag-china-made-filter-housing","8":"product_tag-inversafilterpurification","9":"product_tag-lvyuan-filter","10":"product_tag-ss-micron-filter-housing","11":"product_tag-stainless-steel-filter-housing","12":"product_tag-water-purifier-housing","14":"first","15":"instock","16":"shipping-taxable","17":"product-type-simple"},"_links":{"self":[{"href":"https:\/\/lyfilter.com\/pt\/wp-json\/wp\/v2\/product\/4617","targetHints":{"allow":["GET"]}}],"collection":[{"href":"https:\/\/lyfilter.com\/pt\/wp-json\/wp\/v2\/product"}],"about":[{"href":"https:\/\/lyfilter.com\/pt\/wp-json\/wp\/v2\/types\/product"}],"replies":[{"embeddable":true,"href":"https:\/\/lyfilter.com\/pt\/wp-json\/wp\/v2\/comments?post=4617"}],"wp:featuredmedia":[{"embeddable":true,"href":"https:\/\/lyfilter.com\/pt\/wp-json\/wp\/v2\/media\/4618"}],"wp:attachment":[{"href":"https:\/\/lyfilter.com\/pt\/wp-json\/wp\/v2\/media?parent=4617"}],"wp:term":[{"taxonomy":"product_brand","embeddable":true,"href":"https:\/\/lyfilter.com\/pt\/wp-json\/wp\/v2\/product_brand?post=4617"},{"taxonomy":"product_cat","embeddable":true,"href":"https:\/\/lyfilter.com\/pt\/wp-json\/wp\/v2\/product_cat?post=4617"},{"taxonomy":"product_tag","embeddable":true,"href":"https:\/\/lyfilter.com\/pt\/wp-json\/wp\/v2\/product_tag?post=4617"}],"curies":[{"name":"wp","href":"https:\/\/api.w.org\/{rel}","templated":true}]}}