{"id":4608,"date":"2026-04-05T06:07:21","date_gmt":"2026-04-05T06:07:21","guid":{"rendered":"https:\/\/lyfilter.com\/"},"modified":"2026-04-05T06:07:21","modified_gmt":"2026-04-05T06:07:21","slug":"50-micron-filter-bag-oem-by-lvyuan-filter","status":"publish","type":"product","link":"https:\/\/lyfilter.com\/pt\/50-micron-filter-bag-oem-by-lvyuan-filter\/","title":{"rendered":"Saco de filtro de 50 m\u00edcrons OEM por Lvyuan Filter"},"content":{"rendered":"<p><b>Detalhes do produto do saco de filtro de 50 m\u00edcrons<\/b><\/p>\n<p>&nbsp;<\/p>\n<p><b>Especifica\u00e7\u00e3o do produto<\/b><\/p>\n<p>Disponibilidade: OEM<\/p>\n<p>&nbsp;<\/p>\n<p><b>Descri\u00e7\u00e3o do produto<\/b><\/p>\n<p>Este saco de filtro de 50 m\u00edcrons \u00e9 desenvolvido utilizando material de qualidade superior em conformidade com as normas internacionais de qualidade. O produto tem um desempenho est\u00e1vel e pode ser armazenado em boas condi\u00e7\u00f5es. A \u2018preocupa\u00e7\u00e3o com as necessidades dos clientes\u2019 \u00e9 a pedra angular do desempenho crescente e cont\u00ednuo da Guangzhou Lvyuan Water Purification Equipment Co.<\/p>\n<p><strong>Saco de filtro de a\u00e7o inoxid\u00e1vel SS 304 316<\/strong><\/p>\n<p>MATERIAL DE FILTRO DE A\u00c7O INOXID\u00c1VEL 304 PREFERIDO<\/p>\n<p>O saco de a\u00e7o inoxid\u00e1vel \u00e9 feito de material SUS304 ou SUS316 de a\u00e7o inoxid\u00e1vel n\u00e3o deform\u00e1vel e tecido numa malha de acordo com as especifica\u00e7\u00f5es especificadas. Ap\u00f3s o aquecimento, torna-se numa malha de monofilamento. A tecelagem constitui uma superf\u00edcie lisa, que \u00e9 f\u00e1cil de limpar e pode ser usada repetidamente. Ao mesmo tempo, \u00e9 adequada para a filtragem de alguns l\u00edquidos com elevado teor de impurezas, o que reduz o custo de filtragem.<\/p>\n<p>EXCIPIENTES DE QUALIDADE SUPERIOR<\/p>\n<p>Acess\u00f3rios de boa qualidade s\u00e3o uma condi\u00e7\u00e3o indispens\u00e1vel para a produ\u00e7\u00e3o de sacos filtrantes de boa qualidade. S\u00f3 atrav\u00e9s do nosso controlo rigoroso dos fornecedores \u00e9 poss\u00edvel selecionar acess\u00f3rios de boa qualidade e s\u00f3 depois de passarem os testes de fluoresc\u00eancia e de plastificantes \u00e9 que podem ser utilizados para produzir sacos de filtro.<\/p>","protected":false},"excerpt":{"rendered":"<table>\n<thead>\n<tr>\n<th>Campo<\/th>\n<th>Valor<\/th>\n<\/tr>\n<\/thead>\n<tbody>\n<tr>\n<td>Pagamento<\/td>\n<td>T\/T, garantia de com\u00e9rcio Alibaba, paypal<\/td>\n<\/tr>\n<tr>\n<td>Modelo<\/td>\n<td>LY-HFPL<\/td>\n<\/tr>\n<tr>\n<td>Prazo de entrega<\/td>\n<td>No prazo de 7 dias \u00fateis<\/td>\n<\/tr>\n<tr>\n<td>Certifica\u00e7\u00e3o<\/td>\n<td>ISO 9001<\/td>\n<\/tr>\n<\/tbody>\n<\/table>","protected":false},"featured_media":4609,"comment_status":"open","ping_status":"closed","template":"","meta":{"_gspb_post_css":""},"product_brand":[],"product_cat":[1054],"product_tag":[1726,1728,1534,1242,1727,1729],"class_list":{"0":"post-4608","1":"product","2":"type-product","3":"status-publish","4":"has-post-thumbnail","6":"product_cat-filter-bag","7":"product_tag-50-micron-filter-bag","8":"product_tag-industrial-filter-bag","9":"product_tag-inversafilterpurification","10":"product_tag-lvyuan-filter","11":"product_tag-oem-filter-bag","12":"product_tag-water-filtration-bag","14":"first","15":"instock","16":"shipping-taxable","17":"product-type-simple"},"_links":{"self":[{"href":"https:\/\/lyfilter.com\/pt\/wp-json\/wp\/v2\/product\/4608","targetHints":{"allow":["GET"]}}],"collection":[{"href":"https:\/\/lyfilter.com\/pt\/wp-json\/wp\/v2\/product"}],"about":[{"href":"https:\/\/lyfilter.com\/pt\/wp-json\/wp\/v2\/types\/product"}],"replies":[{"embeddable":true,"href":"https:\/\/lyfilter.com\/pt\/wp-json\/wp\/v2\/comments?post=4608"}],"wp:featuredmedia":[{"embeddable":true,"href":"https:\/\/lyfilter.com\/pt\/wp-json\/wp\/v2\/media\/4609"}],"wp:attachment":[{"href":"https:\/\/lyfilter.com\/pt\/wp-json\/wp\/v2\/media?parent=4608"}],"wp:term":[{"taxonomy":"product_brand","embeddable":true,"href":"https:\/\/lyfilter.com\/pt\/wp-json\/wp\/v2\/product_brand?post=4608"},{"taxonomy":"product_cat","embeddable":true,"href":"https:\/\/lyfilter.com\/pt\/wp-json\/wp\/v2\/product_cat?post=4608"},{"taxonomy":"product_tag","embeddable":true,"href":"https:\/\/lyfilter.com\/pt\/wp-json\/wp\/v2\/product_tag?post=4608"}],"curies":[{"name":"wp","href":"https:\/\/api.w.org\/{rel}","templated":true}]}}