{"id":4601,"date":"2026-04-05T06:02:39","date_gmt":"2026-04-05T06:02:39","guid":{"rendered":"https:\/\/lyfilter.com\/"},"modified":"2026-04-14T05:35:31","modified_gmt":"2026-04-14T05:35:31","slug":"end-cap-334-single-origin-131-mm-diameter-10-inch-jumbo-high-flow-activated-carbon-block-water-filter-cartridge-for-cto-filter","status":"publish","type":"product","link":"https:\/\/lyfilter.com\/pt\/end-cap-334-single-origin-131-mm-diameter-10-inch-jumbo-high-flow-activated-carbon-block-water-filter-cartridge-for-cto-filter\/","title":{"rendered":"Tampa 334 Origem \u00danica 131 mm Di\u00e2metro 10 Polegadas Jumbo Alto Fluxo Carv\u00e3o Ativado Bloco Filtro de \u00c1gua Cartucho Para Filtro Cto"},"content":{"rendered":"<h3 class=\"do-entry-title\">Embalagem e entrega<\/h3>\n<div class=\"do-entry-list\">\n<dl class=\"do-entry-item\">\n<dt class=\"do-entry-item-key\">Unidades de venda:<\/dt>\n<dd class=\"do-entry-item-val\">Artigo \u00fanico<\/dd>\n<\/dl>\n<dl class=\"do-entry-item\">\n<dt class=\"do-entry-item-key\" title=\"Tamanho da embalagem individual:\">Tamanho da embalagem individual:<\/dt>\n<dd class=\"do-entry-item-val\">35X15X15 cm<\/dd>\n<\/dl>\n<dl class=\"do-entry-item\">\n<dt class=\"do-entry-item-key\" title=\"Peso bruto \u00fanico:\">Peso bruto \u00fanico:<\/dt>\n<dd class=\"do-entry-item-val\">2.000 kg<\/dd>\n<\/dl>\n<dl class=\"do-entry-item\">\n<dt class=\"do-entry-item-key\">Tipo de embalagem:<\/dt>\n<dd class=\"do-entry-item-val pkg-method\">End ca\/p 334 single oring 131mm diameter 10 inch Jumbo high flow activated carbon block water filter cartridge for cto filter poly bag and carton box Caro amigo, podemos fazer diferentes tamanhos de filtro de carv\u00e3o ativado, por favor envie inqu\u00e9rito para o melhor pre\u00e7o. Obrigado.<\/dd>\n<\/dl>\n<dl class=\"do-entry-item\">\n<dt class=\"do-entry-item-key\" title=\"Prazo de execu\u00e7\u00e3o\">Prazo de execu\u00e7\u00e3o\u00a0<i class=\"next-icon next-icon-help next-icon-xs js-leadtimes-tips\"><\/i>:<\/dt>\n<dd class=\"do-entry-item-val\" title=\"Prazo de execu\u00e7\u00e3o\">\n<div class=\"table-responsive\">\n<table class=\"supply-ability-table ui2-table ui2-table-normal ui2-table-zebra ui2-table-hover\">\n<tbody>\n<tr>\n<td>Quantidade (pe\u00e7as)<\/td>\n<td>1 - 10000<\/td>\n<td>&gt;10000<\/td>\n<\/tr>\n<tr>\n<td>Est. Tempo (dias)<\/td>\n<td>15<\/td>\n<td>A ser negociado<\/td>\n<\/tr>\n<\/tbody>\n<\/table>\n<\/div>\n<\/dd>\n<\/dl>\n<\/div>","protected":false},"excerpt":{"rendered":"<table>\n<thead>\n<tr>\n<th>Campo<\/th>\n<th>Valor<\/th>\n<\/tr>\n<\/thead>\n<tbody>\n<tr>\n<td>Garantia<\/td>\n<td>nenhum<\/td>\n<\/tr>\n<tr>\n<td>Aplica\u00e7\u00e3o<\/td>\n<td>Autom\u00f3vel, caravana, exterior, hotel, garagem, comercial, dom\u00e9stico<\/td>\n<\/tr>\n<tr>\n<td>Fonte de energia<\/td>\n<td>Manual<\/td>\n<\/tr>\n<tr>\n<td>Local de origem<\/td>\n<td>Guangdong, China<\/td>\n<\/tr>\n<tr>\n<td>Nome da marca<\/td>\n<td>Lvyuan \/ OEM<\/td>\n<\/tr>\n<tr>\n<td>N\u00famero do modelo<\/td>\n<td>S\u00e9rie LY-FC-AC<\/td>\n<\/tr>\n<tr>\n<td>Nome do produto<\/td>\n<td>filtro de cartucho de carbono de caudal elevado<\/td>\n<\/tr>\n<tr>\n<td>Tamanho<\/td>\n<td>Personalizado<\/td>\n<\/tr>\n<tr>\n<td>Taxa de microns<\/td>\n<td>1, 3, 5, 10, 20, 50, 100um<\/td>\n<\/tr>\n<tr>\n<td>Material<\/td>\n<td>carv\u00e3o ativado, casca de coco<\/td>\n<\/tr>\n<tr>\n<td>Comprimento<\/td>\n<td>OEM, 5\u2033, 10\u2033, 20\u2033, 30\u2033, 40\u2033<\/td>\n<\/tr>\n<tr>\n<td>Di\u00e2metro exterior<\/td>\n<td>OEM, 50, 60, 70, 80 mm<\/td>\n<\/tr>\n<tr>\n<td>Tampa da extremidade<\/td>\n<td>Interface de rosca DOE, SOE, 222, 226, 215, M36, M24, M22, M20<\/td>\n<\/tr>\n<tr>\n<td>Certifica\u00e7\u00e3o<\/td>\n<td>S\/GS\/ISO9001<\/td>\n<\/tr>\n<tr>\n<td>Utiliza\u00e7\u00e3o<\/td>\n<td>Purifica\u00e7\u00e3o do ar ou da \u00e1gua<\/td>\n<\/tr>\n<tr>\n<td>Press\u00e3o de trabalho<\/td>\n<td>0,1 a 30Mpa<\/td>\n<\/tr>\n<\/tbody>\n<\/table>","protected":false},"featured_media":4603,"comment_status":"open","ping_status":"closed","template":"","meta":{"_gspb_post_css":""},"product_brand":[],"product_cat":[20],"product_tag":[1724,1073,1259,1725,1692,1534],"class_list":{"0":"post-4601","1":"product","2":"type-product","3":"status-publish","4":"has-post-thumbnail","6":"product_cat-high-flow-filter-cartridge","7":"product_tag-10-inch-jumbo-cto-filter","8":"product_tag-activated-carbon-block-filter","9":"product_tag-carbon-block-water-filter","10":"product_tag-end-cap-334-filter-cartridge","11":"product_tag-high-flow-water-filter-cartridge","12":"product_tag-inversafilterpurification","14":"first","15":"instock","16":"shipping-taxable","17":"product-type-simple"},"_links":{"self":[{"href":"https:\/\/lyfilter.com\/pt\/wp-json\/wp\/v2\/product\/4601","targetHints":{"allow":["GET"]}}],"collection":[{"href":"https:\/\/lyfilter.com\/pt\/wp-json\/wp\/v2\/product"}],"about":[{"href":"https:\/\/lyfilter.com\/pt\/wp-json\/wp\/v2\/types\/product"}],"replies":[{"embeddable":true,"href":"https:\/\/lyfilter.com\/pt\/wp-json\/wp\/v2\/comments?post=4601"}],"wp:featuredmedia":[{"embeddable":true,"href":"https:\/\/lyfilter.com\/pt\/wp-json\/wp\/v2\/media\/4603"}],"wp:attachment":[{"href":"https:\/\/lyfilter.com\/pt\/wp-json\/wp\/v2\/media?parent=4601"}],"wp:term":[{"taxonomy":"product_brand","embeddable":true,"href":"https:\/\/lyfilter.com\/pt\/wp-json\/wp\/v2\/product_brand?post=4601"},{"taxonomy":"product_cat","embeddable":true,"href":"https:\/\/lyfilter.com\/pt\/wp-json\/wp\/v2\/product_cat?post=4601"},{"taxonomy":"product_tag","embeddable":true,"href":"https:\/\/lyfilter.com\/pt\/wp-json\/wp\/v2\/product_tag?post=4601"}],"curies":[{"name":"wp","href":"https:\/\/api.w.org\/{rel}","templated":true}]}}