{"id":4591,"date":"2026-04-05T04:01:32","date_gmt":"2026-04-05T04:01:32","guid":{"rendered":"https:\/\/lyfilter.com\/"},"modified":"2026-05-08T01:21:00","modified_gmt":"2026-05-08T01:21:00","slug":"high-end-stainless-steel-multi-cartridge-filter-housing-for-biopharmaceutical","status":"publish","type":"product","link":"https:\/\/lyfilter.com\/pt\/high-end-stainless-steel-multi-cartridge-filter-housing-for-biopharmaceutical\/","title":{"rendered":"Caixa de filtro multi-cartucho de a\u00e7o inoxid\u00e1vel de alta qualidade para a ind\u00fastria biofarmac\u00eautica"},"content":{"rendered":"<p>Introdu\u00e7\u00e3o<\/p>\n<p>Unidade de purifica\u00e7\u00e3o de \u00f3leo hidr\u00e1ulico com filtro de 1\/2\/3\/4\/5\/6 fases de alta efic\u00e1cia\/m\u00e1quina de purifica\u00e7\u00e3o de \u00f3leo de cozinha. O filtro m\u00f3vel \u00e9 composto por pr\u00e9-filtro, bomba de \u00f3leo e unidade de filtragem, pr\u00e9-filtro para uma rede met\u00e1lica,<\/p>\n<p>Para evitar a entrada de grandes s\u00f3lidos na bomba, a bomba de \u00f3leo \u00e9 geralmente uma bomba de engrenagens, para transportar o \u00f3leo n\u00e3o purificado<\/p>\n<p>O dispositivo de filtragem \u00e9 uma pequena prensa de filtro de placa e estrutura de compress\u00e3o manual,<\/p>\n<p>utilizando papel de filtro especial como meio filtrante. Sob a ajuda da press\u00e3o da bomba de \u00f3leo, o \u00f3leo n\u00e3o purificado entra no<\/p>\n<p>O filtro prensa de placa e estrutura, ser\u00e1 um \u00f3leo de filtro puro depois de passar pelo papel de filtro. As impurezas s\u00f3lidas s\u00e3o retidas<\/p>\n<p>na superf\u00edcie do papel de filtro, uma pequena quantidade de \u00e1gua \u00e9 absorvida pelo estoma de l\u00e3 do papel de filtro.<\/p>\n<p>A press\u00e3o normal n\u00e3o \u00e9 superior a 0,3 MPa, quando h\u00e1 demasiada deposi\u00e7\u00e3o de impurezas na superf\u00edcie do papel de filtro,<\/p>\n<p>a press\u00e3o do filtro \u00e9 aumentada para 0,35 MPa, ou quando a humidade de absor\u00e7\u00e3o do papel de filtro est\u00e1 pr\u00f3xima da satura\u00e7\u00e3o<\/p>\n<p>Se a humidade residual no filtro de \u00f3leo j\u00e1 n\u00e3o cair, deve ser substitu\u00eddo o papel de filtro. Quando o \u00f3leo tem uma<\/p>\n<p>Este tipo de m\u00e1quina de filtragem de \u00f3leo pode ser pr\u00e9-aquecido novamente, a fim de reduzir a viscosidade para reutiliza\u00e7\u00e3o.<\/p>\n<p>pode remover as impurezas s\u00f3lidas e uma pequena quantidade de \u00e1gua, \u00e9 adequado para o \u00f3leo el\u00e9trico geral e<\/p>\n<p>refina\u00e7\u00e3o de \u00f3leos lubrificantes.<\/p>","protected":false},"excerpt":{"rendered":"<table>\n<thead>\n<tr>\n<th>Campo<\/th>\n<th>Valor<\/th>\n<\/tr>\n<\/thead>\n<tbody>\n<tr>\n<td>Sectores aplic\u00e1veis<\/td>\n<td>Lojas de repara\u00e7\u00e3o de m\u00e1quinas, F\u00e1brica de alimentos e bebidas, Restaurante, Loja de alimentos, Energia e minas, Lojas de alimentos e bebidas<\/td>\n<\/tr>\n<tr>\n<td>Local de origem<\/td>\n<td>Guangdong, China<\/td>\n<\/tr>\n<tr>\n<td>Nome da marca<\/td>\n<td>Lvyuan\/OEM<\/td>\n<\/tr>\n<tr>\n<td>Material<\/td>\n<td>Personalizado<\/td>\n<\/tr>\n<tr>\n<td>Peso<\/td>\n<td>Personalizado<\/td>\n<\/tr>\n<tr>\n<td>Tamanho<\/td>\n<td>Personalizado<\/td>\n<\/tr>\n<tr>\n<td>Pot\u00eancia<\/td>\n<td>Personalizado<\/td>\n<\/tr>\n<tr>\n<td>Garantia<\/td>\n<td>1 ano<\/td>\n<\/tr>\n<tr>\n<td>Servi\u00e7o p\u00f3s-venda prestado<\/td>\n<td>Apoio em linha<\/td>\n<\/tr>\n<tr>\n<td>Nome do modelo<\/td>\n<td>Unidade de purifica\u00e7\u00e3o de \u00f3leo hidr\u00e1ulico\/m\u00e1quina de purifica\u00e7\u00e3o de \u00f3leo de cozinha<\/td>\n<\/tr>\n<tr>\n<td>Comprimento<\/td>\n<td>10 polegadas 20 polegadas 30 polegadas 40 polegadas<\/td>\n<\/tr>\n<tr>\n<td>Utiliza\u00e7\u00e3o<\/td>\n<td>Filtragem \u00f3leo\/\u00e1gua<\/td>\n<\/tr>\n<tr>\n<td>Material do corpo principal<\/td>\n<td>A\u00e7o inoxid\u00e1vel 304 \/ 316<\/td>\n<\/tr>\n<tr>\n<td>Tipo de caixa do filtro<\/td>\n<td>Tubular<\/td>\n<\/tr>\n<tr>\n<td>Princ\u00edpio<\/td>\n<td>Filtragem por press\u00e3o<\/td>\n<\/tr>\n<tr>\n<td>Fases<\/td>\n<td>1 - 6 fases<\/td>\n<\/tr>\n<tr>\n<td>Embalagem<\/td>\n<td>Embalagem de rede ou caixa de madeira<\/td>\n<\/tr>\n<tr>\n<td>Capacidade de fornecimento<\/td>\n<td>100 Unidades\/Unidades por dia<\/td>\n<\/tr>\n<\/tbody>\n<\/table>","protected":false},"featured_media":4592,"comment_status":"open","ping_status":"closed","template":"","meta":{"_gspb_post_css":""},"product_brand":[],"product_cat":[15],"product_tag":[1715,1716,1717,1534,1463,34],"class_list":{"0":"post-4591","1":"product","2":"type-product","3":"status-publish","4":"has-post-thumbnail","6":"product_cat-stainless-steel-filter-housing","7":"product_tag-biopharmaceutical-filtration","8":"product_tag-high-purity-filter-housing","9":"product_tag-industrial-water-purification","10":"product_tag-inversafilterpurification","11":"product_tag-multi-cartridge-filter-housing","12":"product_tag-stainless-steel-filter-housing","14":"first","15":"instock","16":"shipping-taxable","17":"product-type-simple"},"_links":{"self":[{"href":"https:\/\/lyfilter.com\/pt\/wp-json\/wp\/v2\/product\/4591","targetHints":{"allow":["GET"]}}],"collection":[{"href":"https:\/\/lyfilter.com\/pt\/wp-json\/wp\/v2\/product"}],"about":[{"href":"https:\/\/lyfilter.com\/pt\/wp-json\/wp\/v2\/types\/product"}],"replies":[{"embeddable":true,"href":"https:\/\/lyfilter.com\/pt\/wp-json\/wp\/v2\/comments?post=4591"}],"wp:featuredmedia":[{"embeddable":true,"href":"https:\/\/lyfilter.com\/pt\/wp-json\/wp\/v2\/media\/4592"}],"wp:attachment":[{"href":"https:\/\/lyfilter.com\/pt\/wp-json\/wp\/v2\/media?parent=4591"}],"wp:term":[{"taxonomy":"product_brand","embeddable":true,"href":"https:\/\/lyfilter.com\/pt\/wp-json\/wp\/v2\/product_brand?post=4591"},{"taxonomy":"product_cat","embeddable":true,"href":"https:\/\/lyfilter.com\/pt\/wp-json\/wp\/v2\/product_cat?post=4591"},{"taxonomy":"product_tag","embeddable":true,"href":"https:\/\/lyfilter.com\/pt\/wp-json\/wp\/v2\/product_tag?post=4591"}],"curies":[{"name":"wp","href":"https:\/\/api.w.org\/{rel}","templated":true}]}}