{"id":4588,"date":"2026-04-05T03:58:40","date_gmt":"2026-04-05T03:58:40","guid":{"rendered":"https:\/\/lyfilter.com\/"},"modified":"2026-04-05T03:58:40","modified_gmt":"2026-04-05T03:58:40","slug":"lvyuan-filter-ss316-filter-housing-factory-price-for-industry","status":"publish","type":"product","link":"https:\/\/lyfilter.com\/pt\/lvyuan-filter-ss316-filter-housing-factory-price-for-industry\/","title":{"rendered":"Lvyuan Filter SS316 Filter Housing Pre\u00e7o de f\u00e1brica para a ind\u00fastria"},"content":{"rendered":"<p>Constru\u00edda para configura\u00e7\u00f5es exigentes de tratamento de \u00e1gua, a caixa do filtro Lvyuan SS316 combina uma forte resist\u00eancia \u00e0 corros\u00e3o, uma veda\u00e7\u00e3o fi\u00e1vel e um valor direto de f\u00e1brica para suportar uma filtragem suave na utiliza\u00e7\u00e3o di\u00e1ria das linhas de purifica\u00e7\u00e3o industrial.<\/p>","protected":false},"excerpt":{"rendered":"<table>\n<thead>\n<tr>\n<th>Campo<\/th>\n<th>Valor<\/th>\n<\/tr>\n<\/thead>\n<tbody>\n<tr>\n<td>Servi\u00e7o p\u00f3s-garantia<\/td>\n<td>Apoio em linha<\/td>\n<\/tr>\n<tr>\n<td>Localiza\u00e7\u00e3o do servi\u00e7o local<\/td>\n<td>nenhum<\/td>\n<\/tr>\n<tr>\n<td>Localiza\u00e7\u00e3o da sala de exposi\u00e7\u00f5es<\/td>\n<td>nenhum<\/td>\n<\/tr>\n<tr>\n<td>Inspe\u00e7\u00e3o de sa\u00edda de v\u00eddeo<\/td>\n<td>Fornecido<\/td>\n<\/tr>\n<tr>\n<td>Relat\u00f3rio de ensaio de m\u00e1quinas<\/td>\n<td>Fornecido<\/td>\n<\/tr>\n<tr>\n<td>Tipo de marketing<\/td>\n<td>Produto normal<\/td>\n<\/tr>\n<tr>\n<td>Garantia dos componentes principais<\/td>\n<td>N\u00e3o dispon\u00edvel<\/td>\n<\/tr>\n<tr>\n<td>Local de origem<\/td>\n<td>Guangdong, China<\/td>\n<\/tr>\n<tr>\n<td>Nome da marca<\/td>\n<td>Lvyuan \/ OEM<\/td>\n<\/tr>\n<tr>\n<td>Material<\/td>\n<td>a\u00e7o inoxid\u00e1vel<\/td>\n<\/tr>\n<tr>\n<td>Peso<\/td>\n<td>depende<\/td>\n<\/tr>\n<tr>\n<td>Tamanho<\/td>\n<td>depende<\/td>\n<\/tr>\n<tr>\n<td>Pot\u00eancia<\/td>\n<td>0<\/td>\n<\/tr>\n<tr>\n<td>Garantia<\/td>\n<td>1 ano<\/td>\n<\/tr>\n<tr>\n<td>Servi\u00e7o p\u00f3s-venda prestado<\/td>\n<td>Apoio em linha<\/td>\n<\/tr>\n<tr>\n<td>Nome do produto<\/td>\n<td>caixa de filtro de cartucho sanit\u00e1rio<\/td>\n<\/tr>\n<tr>\n<td>materiais de habita\u00e7\u00e3o<\/td>\n<td>ss304, 316, 316L<\/td>\n<\/tr>\n<tr>\n<td>Quantidade de filtros de cartucho<\/td>\n<td>1 - 160PCS para op\u00e7\u00e3o<\/td>\n<\/tr>\n<tr>\n<td>Comprimento do cartucho do filtro<\/td>\n<td>5, 10, 20, 30, 40, 60 polegadas, OEM<\/td>\n<\/tr>\n<tr>\n<td>Tratamento de superf\u00edcie<\/td>\n<td>Polido e jato de areia<\/td>\n<\/tr>\n<tr>\n<td>Tipo de tampa superior instalada<\/td>\n<td>Parafusos de eleva\u00e7\u00e3o\/Flange\/Tipo de grampo<\/td>\n<\/tr>\n<tr>\n<td>Utiliza\u00e7\u00e3o<\/td>\n<td>esta\u00e7\u00e3o de tratamento de \u00e1gua\/l\u00edquidos<\/td>\n<\/tr>\n<tr>\n<td>Embalagem<\/td>\n<td>Caixa de madeira<\/td>\n<\/tr>\n<tr>\n<td>Tipo de conetor<\/td>\n<td>c\u00f3digo 0 3 6 7 8 9<\/td>\n<\/tr>\n<tr>\n<td>Certifica\u00e7\u00e3o<\/td>\n<td>CE ISO SGS<\/td>\n<\/tr>\n<tr>\n<td>Componentes principais<\/td>\n<td>recipiente de filtro de cartucho<\/td>\n<\/tr>\n<tr>\n<td>Capacidade de fornecimento<\/td>\n<td>500 pe\u00e7as por m\u00eas Caixa sanit\u00e1ria com v\u00e1rios cartuchos<\/td>\n<\/tr>\n<\/tbody>\n<\/table>","protected":false},"featured_media":4589,"comment_status":"open","ping_status":"closed","template":"","meta":{"_gspb_post_css":""},"product_brand":[],"product_cat":[15],"product_tag":[1661,1714,1264,1349,34,44],"class_list":{"0":"post-4588","1":"product","2":"type-product","3":"status-publish","4":"has-post-thumbnail","6":"product_cat-stainless-steel-filter-housing","7":"product_tag-factory-price-filter-housing","8":"product_tag-industrial-purification-filter","9":"product_tag-industrial-water-filter-housing","10":"product_tag-lvyuan-ss316-filter-housing","11":"product_tag-stainless-steel-filter-housing","12":"product_tag-water-filtration-system","14":"first","15":"instock","16":"shipping-taxable","17":"product-type-simple"},"_links":{"self":[{"href":"https:\/\/lyfilter.com\/pt\/wp-json\/wp\/v2\/product\/4588","targetHints":{"allow":["GET"]}}],"collection":[{"href":"https:\/\/lyfilter.com\/pt\/wp-json\/wp\/v2\/product"}],"about":[{"href":"https:\/\/lyfilter.com\/pt\/wp-json\/wp\/v2\/types\/product"}],"replies":[{"embeddable":true,"href":"https:\/\/lyfilter.com\/pt\/wp-json\/wp\/v2\/comments?post=4588"}],"wp:featuredmedia":[{"embeddable":true,"href":"https:\/\/lyfilter.com\/pt\/wp-json\/wp\/v2\/media\/4589"}],"wp:attachment":[{"href":"https:\/\/lyfilter.com\/pt\/wp-json\/wp\/v2\/media?parent=4588"}],"wp:term":[{"taxonomy":"product_brand","embeddable":true,"href":"https:\/\/lyfilter.com\/pt\/wp-json\/wp\/v2\/product_brand?post=4588"},{"taxonomy":"product_cat","embeddable":true,"href":"https:\/\/lyfilter.com\/pt\/wp-json\/wp\/v2\/product_cat?post=4588"},{"taxonomy":"product_tag","embeddable":true,"href":"https:\/\/lyfilter.com\/pt\/wp-json\/wp\/v2\/product_tag?post=4588"}],"curies":[{"name":"wp","href":"https:\/\/api.w.org\/{rel}","templated":true}]}}