{"id":4582,"date":"2026-04-05T03:53:37","date_gmt":"2026-04-05T03:53:37","guid":{"rendered":"https:\/\/lyfilter.com\/"},"modified":"2026-05-08T01:26:46","modified_gmt":"2026-05-08T01:26:46","slug":"stainless-steel-304-316l-sterile-air-filter-and-steam-filter-housing","status":"publish","type":"product","link":"https:\/\/lyfilter.com\/pt\/stainless-steel-304-316l-sterile-air-filter-and-steam-filter-housing\/","title":{"rendered":"Caixa do filtro de ar est\u00e9ril e do filtro de vapor em a\u00e7o inoxid\u00e1vel 304 316L"},"content":{"rendered":"<p><strong>Caixa do filtro de ar est\u00e9ril e do filtro de vapor em a\u00e7o inoxid\u00e1vel 304 316L<\/strong><\/p>\n<ul>\n<li>Tamanho - Certifique-se de que obt\u00e9m um inv\u00f3lucro adequado ao tamanho do seu filtro. Os tamanhos mais comuns s\u00e3o 12x24x1, 16x25x1, 20x25x1 polegadas. Me\u00e7a o seu filtro atual para encontrar o tamanho certo.<\/li>\n<li>Material - O a\u00e7o inoxid\u00e1vel \u00e9 dur\u00e1vel e f\u00e1cil de limpar. Certifique-se de que \u00e9 inoxid\u00e1vel de grau 304 ou 316 para resist\u00eancia \u00e0 corros\u00e3o.<\/li>\n<li>Veda\u00e7\u00e3o - Procure uma junta de veda\u00e7\u00e3o estanque para evitar fugas de ar. As juntas de espuma ou borracha funcionam bem.<\/li>\n<li>Acesso - As caixas com uma tampa amov\u00edvel ou um painel de acesso lateral facilitam a substitui\u00e7\u00e3o dos filtros. O acesso apenas pelo topo pode ser mais complicado.<\/li>\n<li>Montagem - Escolha uma caixa que se adapte \u00e0 sua instala\u00e7\u00e3o - montagem horizontal, vertical ou em condutas.<\/li>\n<li>Caudal de ar - Verifique a classifica\u00e7\u00e3o do caudal de ar e certifique-se de que corresponde ou excede o caudal de ar do seu sistema AVAC. Se for demasiado pequeno, ir\u00e1 restringir o fluxo de ar.<\/li>\n<li>Press\u00e3o - Para sistemas HVAC centrais, a caixa deve ser classificada para a press\u00e3o est\u00e1tica que o sistema requer.<\/li>\n<li>Carater\u00edsticas - Podem ser \u00fateis carater\u00edsticas adicionais, como um visor para verificar o estado do filtro ou uma sa\u00edda de ar manual para libertar o ar retido.<\/li>\n<\/ul>","protected":false},"excerpt":{"rendered":"<table>\n<thead>\n<tr>\n<th>Campo<\/th>\n<th>Valor<\/th>\n<th>Campo<\/th>\n<th>Valor<\/th>\n<\/tr>\n<\/thead>\n<tbody>\n<tr>\n<td>Porto de in\u00edcio<\/td>\n<td>Guangzhou<\/td>\n<td>Capacidade de produ\u00e7\u00e3o<\/td>\n<td>10000 unidades\/m\u00eas<\/td>\n<\/tr>\n<tr>\n<td>Local de origem<\/td>\n<td>Guangdong, China<\/td>\n<td>Pagamento<\/td>\n<td>T\/T, Garantia de com\u00e9rcio de Alibaba, OA<\/td>\n<\/tr>\n<tr>\n<td>QUANTIDADE M\u00c1XIMA DE ENCOMENDA<\/td>\n<td>1 unidade<\/td>\n<td>Modelo<\/td>\n<td>LY-FB<\/td>\n<\/tr>\n<tr>\n<td>Prazo de entrega<\/td>\n<td>No prazo de 7 dias \u00fateis<\/td>\n<td>Certifica\u00e7\u00e3o<\/td>\n<td>ISO 9001<\/td>\n<\/tr>\n<tr>\n<td>Marca<\/td>\n<td>OEM\/Lvyuan<\/td>\n<td><\/td>\n<td><\/td>\n<\/tr>\n<\/tbody>\n<\/table>","protected":false},"featured_media":4587,"comment_status":"open","ping_status":"closed","template":"","meta":{"_gspb_post_css":""},"product_brand":[],"product_cat":[15],"product_tag":[1680,1534,1356,1646,1210,1713],"class_list":{"0":"post-4582","1":"product","2":"type-product","3":"status-publish","4":"has-post-thumbnail","6":"product_cat-stainless-steel-filter-housing","7":"product_tag-compressed-air-filtration","8":"product_tag-inversafilterpurification","9":"product_tag-stainless-steel-304-filter-housing","10":"product_tag-stainless-steel-316l-filter-housing","11":"product_tag-steam-filter-housing","12":"product_tag-sterile-air-filter-housing","14":"first","15":"instock","16":"shipping-taxable","17":"product-type-simple"},"_links":{"self":[{"href":"https:\/\/lyfilter.com\/pt\/wp-json\/wp\/v2\/product\/4582","targetHints":{"allow":["GET"]}}],"collection":[{"href":"https:\/\/lyfilter.com\/pt\/wp-json\/wp\/v2\/product"}],"about":[{"href":"https:\/\/lyfilter.com\/pt\/wp-json\/wp\/v2\/types\/product"}],"replies":[{"embeddable":true,"href":"https:\/\/lyfilter.com\/pt\/wp-json\/wp\/v2\/comments?post=4582"}],"wp:featuredmedia":[{"embeddable":true,"href":"https:\/\/lyfilter.com\/pt\/wp-json\/wp\/v2\/media\/4587"}],"wp:attachment":[{"href":"https:\/\/lyfilter.com\/pt\/wp-json\/wp\/v2\/media?parent=4582"}],"wp:term":[{"taxonomy":"product_brand","embeddable":true,"href":"https:\/\/lyfilter.com\/pt\/wp-json\/wp\/v2\/product_brand?post=4582"},{"taxonomy":"product_cat","embeddable":true,"href":"https:\/\/lyfilter.com\/pt\/wp-json\/wp\/v2\/product_cat?post=4582"},{"taxonomy":"product_tag","embeddable":true,"href":"https:\/\/lyfilter.com\/pt\/wp-json\/wp\/v2\/product_tag?post=4582"}],"curies":[{"name":"wp","href":"https:\/\/api.w.org\/{rel}","templated":true}]}}