{"id":4559,"date":"2026-04-05T03:34:48","date_gmt":"2026-04-05T03:34:48","guid":{"rendered":"https:\/\/lyfilter.com\/"},"modified":"2026-04-05T03:34:48","modified_gmt":"2026-04-05T03:34:48","slug":"10-20-30-40-inch-high-flow-ss-water-filter-housing-stainless-steel-housing-with-cartridge-filter","status":"publish","type":"product","link":"https:\/\/lyfilter.com\/pt\/10-20-30-40-inch-high-flow-ss-water-filter-housing-stainless-steel-housing-with-cartridge-filter\/","title":{"rendered":"10 20 30 40 polegadas Caixa de filtro de \u00e1gua SS de alto fluxo\/Caixa de a\u00e7o inoxid\u00e1vel com filtro de cartucho"},"content":{"rendered":"<p>Esta caixa de filtro de \u00e1gua SS de caudal elevado est\u00e1 dispon\u00edvel em tamanhos de 10, 20, 30 e 40 polegadas para necessidades de purifica\u00e7\u00e3o flex\u00edveis. A sua constru\u00e7\u00e3o em a\u00e7o inoxid\u00e1vel suporta uma forte filtragem por cartucho, um fluxo constante e um desempenho fi\u00e1vel na utiliza\u00e7\u00e3o do sistema.<\/p>","protected":false},"excerpt":{"rendered":"<table>\n<thead>\n<tr>\n<th>Campo<\/th>\n<th>Valor<\/th>\n<th>Campo<\/th>\n<th>Valor<\/th>\n<\/tr>\n<\/thead>\n<tbody>\n<tr>\n<td>Local de origem<\/td>\n<td>Guangdong, China<\/td>\n<td>Nome da marca<\/td>\n<td>Lvyuan,OEM,ODM<\/td>\n<\/tr>\n<tr>\n<td>Material<\/td>\n<td>a\u00e7o inoxid\u00e1vel<\/td>\n<td>Peso<\/td>\n<td>personalizado<\/td>\n<\/tr>\n<tr>\n<td>Tamanho<\/td>\n<td>personalizado, 10\u201d, 20\u201d, 30\u201d, 40\u201d<\/td>\n<td>Pot\u00eancia<\/td>\n<td>0<\/td>\n<\/tr>\n<tr>\n<td>Garantia<\/td>\n<td>1 ano<\/td>\n<td>Servi\u00e7o p\u00f3s-venda prestado<\/td>\n<td>Apoio em linha<\/td>\n<\/tr>\n<tr>\n<td>Carater\u00edstica<\/td>\n<td>facilmente parcel\u00e1vel<\/td>\n<td>Certifica\u00e7\u00e3o<\/td>\n<td>SGS<\/td>\n<\/tr>\n<tr>\n<td>Forma<\/td>\n<td>cilindro<\/td>\n<td>Utiliza\u00e7\u00e3o<\/td>\n<td>filtragem de \u00e1gua<\/td>\n<\/tr>\n<tr>\n<td>Aplica\u00e7\u00e3o<\/td>\n<td>setorial<\/td>\n<td>superf\u00edcie<\/td>\n<td>polido<\/td>\n<\/tr>\n<tr>\n<td>Modelo<\/td>\n<td>LY03<\/td>\n<td>Mat\u00e9ria-prima<\/td>\n<td>a\u00e7o inoxid\u00e1vel<\/td>\n<\/tr>\n<tr>\n<td>Press\u00e3o de trabalho<\/td>\n<td>150 psi<\/td>\n<td>Capacidade de fornecimento<\/td>\n<td>5000 unidades\/pe\u00e7as por ano<\/td>\n<\/tr>\n<\/tbody>\n<\/table>","protected":false},"featured_media":4561,"comment_status":"open","ping_status":"closed","template":"","meta":{"_gspb_post_css":""},"product_brand":[],"product_cat":[15],"product_tag":[1702,1701,1700,1534,34,1703],"class_list":{"0":"post-4559","1":"product","2":"type-product","3":"status-publish","4":"has-post-thumbnail","6":"product_cat-stainless-steel-filter-housing","7":"product_tag-10-20-30-40-inch-filter-housing","8":"product_tag-cartridge-filter-housing","9":"product_tag-high-flow-ss-water-filter-housing","10":"product_tag-inversafilterpurification","11":"product_tag-stainless-steel-filter-housing","12":"product_tag-water-purification-housing","14":"first","15":"instock","16":"shipping-taxable","17":"product-type-simple"},"_links":{"self":[{"href":"https:\/\/lyfilter.com\/pt\/wp-json\/wp\/v2\/product\/4559","targetHints":{"allow":["GET"]}}],"collection":[{"href":"https:\/\/lyfilter.com\/pt\/wp-json\/wp\/v2\/product"}],"about":[{"href":"https:\/\/lyfilter.com\/pt\/wp-json\/wp\/v2\/types\/product"}],"replies":[{"embeddable":true,"href":"https:\/\/lyfilter.com\/pt\/wp-json\/wp\/v2\/comments?post=4559"}],"wp:featuredmedia":[{"embeddable":true,"href":"https:\/\/lyfilter.com\/pt\/wp-json\/wp\/v2\/media\/4561"}],"wp:attachment":[{"href":"https:\/\/lyfilter.com\/pt\/wp-json\/wp\/v2\/media?parent=4559"}],"wp:term":[{"taxonomy":"product_brand","embeddable":true,"href":"https:\/\/lyfilter.com\/pt\/wp-json\/wp\/v2\/product_brand?post=4559"},{"taxonomy":"product_cat","embeddable":true,"href":"https:\/\/lyfilter.com\/pt\/wp-json\/wp\/v2\/product_cat?post=4559"},{"taxonomy":"product_tag","embeddable":true,"href":"https:\/\/lyfilter.com\/pt\/wp-json\/wp\/v2\/product_tag?post=4559"}],"curies":[{"name":"wp","href":"https:\/\/api.w.org\/{rel}","templated":true}]}}