{"id":4552,"date":"2026-04-05T03:27:37","date_gmt":"2026-04-05T03:27:37","guid":{"rendered":"https:\/\/lyfilter.com\/"},"modified":"2026-04-05T03:27:37","modified_gmt":"2026-04-05T03:27:37","slug":"lvyuan-filter-stainless-steel-filter-elements-series-for-purify","status":"publish","type":"product","link":"https:\/\/lyfilter.com\/pt\/lvyuan-filter-stainless-steel-filter-elements-series-for-purify\/","title":{"rendered":"Filtro Lvyuan S\u00e9rie de elementos filtrantes de a\u00e7o inoxid\u00e1vel para purifica\u00e7\u00e3o"},"content":{"rendered":"<p><b>Vantagens da empresa<\/b><br \/>\n<b>1.<\/b>\u00a0O fabrico de\u00a0<a href=\"https:\/\/lyfilter.com\/pt\/\">Filtro Lvyuan<\/a>\u00a0inclui v\u00e1rias fases importantes. Estas incluem principalmente a conce\u00e7\u00e3o do desenho mec\u00e2nico, a prepara\u00e7\u00e3o dos materiais met\u00e1licos, o fabrico e a soldadura das pe\u00e7as, a montagem e a coloca\u00e7\u00e3o em funcionamento. Existe uma porosidade diferente ao longo da profundidade do seu meio filtrante<br \/>\n<b>2.<\/b>\u00a0O produto tem uma baixa condutividade t\u00e9rmica e \u00e9 um bom isolante. As pessoas podem utiliz\u00e1-lo para servir num prato ou para reter \u00e1gua quente sem se preocuparem com o facto de estar demasiado quente ao toque. O meio filtrante \u00e9 ligado termicamente para evitar a liberta\u00e7\u00e3o de fibras, proporcionando simultaneamente taxas de fluxo consistentes<br \/>\n<b>3.<\/b>\u00a0O produto n\u00e3o \u00e9 suscet\u00edvel \u00e0 corros\u00e3o. A sua superf\u00edcie foi tratada com uma camada de tinta mec\u00e2nica que tem uma fun\u00e7\u00e3o de prote\u00e7\u00e3o. Pode controlar eficazmente a precis\u00e3o da filtragem<br \/>\n<b>4.<\/b>\u00a0O produto \u00e9 de constru\u00e7\u00e3o robusta. Tem uma conce\u00e7\u00e3o mecanicamente robusta que pode suportar as condi\u00e7\u00f5es de funcionamento e os ambientes a que est\u00e1 exposto. Est\u00e1 dispon\u00edvel numa vasta sele\u00e7\u00e3o de classifica\u00e7\u00f5es de microns de 1 a 100 \u03bcm<br \/>\n<b>5.<\/b>\u00a0O produto possui uma boa dissipa\u00e7\u00e3o de calor. As suas aberturas de ventila\u00e7\u00e3o promovem o fluxo de ar da frente para tr\u00e1s e mant\u00eam-no fresco, o que contribui para o seu bom funcionamento. Foi concebido com poros graduados para ajudar a reter os contaminantes em toda a sec\u00e7\u00e3o transversal para uma maior efici\u00eancia<\/p>\n<div class=\"pro_aliData\">\n<div class=\"detail-box\">\n<div class=\"scc-wrapper detail-module module-cspu\" data-module=\"cspu\"><\/div>\n<div class=\"scc-wrapper detail-module module-productPackagingAndQuickDetail\" data-spm=\"prilinga1e\">\n<div class=\"widget-detail-overview\">\n<div class=\"do-title\">Vis\u00e3o geral<\/div>\n<div id=\"car-parts-model\"><\/div>\n<div class=\"do-content\">\n<div class=\"do-overview\">\n<div class=\"do-entry do-entry-separate\">\n<div class=\"do-entry-title\">Detalhes r\u00e1pidos<\/div>\n<\/div>\n<\/div>\n<\/div>\n<\/div>\n<\/div>\n<\/div>\n<\/div>","protected":false},"excerpt":{"rendered":"<table>\n<thead>\n<tr>\n<th>Campo<\/th>\n<th>Valor<\/th>\n<th>Campo<\/th>\n<th>Valor<\/th>\n<\/tr>\n<\/thead>\n<tbody>\n<tr>\n<td>Servi\u00e7o p\u00f3s-garantia<\/td>\n<td>Apoio em linha<\/td>\n<td>Localiza\u00e7\u00e3o do servi\u00e7o local<\/td>\n<td>nenhum<\/td>\n<\/tr>\n<tr>\n<td>Localiza\u00e7\u00e3o da sala de exposi\u00e7\u00f5es<\/td>\n<td>nenhum<\/td>\n<td>Inspe\u00e7\u00e3o de sa\u00edda de v\u00eddeo<\/td>\n<td>Fornecido<\/td>\n<\/tr>\n<tr>\n<td>Relat\u00f3rio de ensaio de m\u00e1quinas<\/td>\n<td>Fornecido<\/td>\n<td>Tipo de marketing<\/td>\n<td>Produto normal<\/td>\n<\/tr>\n<tr>\n<td>Garantia dos componentes principais<\/td>\n<td>1 ano<\/td>\n<td>Componentes principais<\/td>\n<td>Recipiente sob press\u00e3o<\/td>\n<\/tr>\n<tr>\n<td>Local de origem<\/td>\n<td>Guangdong, China<\/td>\n<td>Nome da marca<\/td>\n<td>Lvyuan\/OEM<\/td>\n<\/tr>\n<tr>\n<td>Garantia<\/td>\n<td>1 ano<\/td>\n<td>Servi\u00e7o p\u00f3s-venda prestado<\/td>\n<td>Apoio em linha<\/td>\n<\/tr>\n<tr>\n<td>Nome do produto<\/td>\n<td>Cartucho de filtro plissado SS<\/td>\n<td>Taxa de microns<\/td>\n<td>0,1 a 300 m\u00edcrones<\/td>\n<\/tr>\n<tr>\n<td>Dimens\u00e3o OEM<\/td>\n<td>Dispon\u00edvel<\/td>\n<td>Comprimento<\/td>\n<td>5\u2033, 10\u2033, 20\u2033, 30\u2033, 40\u2033, 50\u201d, 60\u201d polegadas<\/td>\n<\/tr>\n<tr>\n<td>A\u00e7o inoxid\u00e1vel Material<\/td>\n<td>304, 316, 316L<\/td>\n<td>Formul\u00e1rio de interface<\/td>\n<td>222,226,215, interface de rosca M36, M24, M22, M20<\/td>\n<\/tr>\n<tr>\n<td>Camada<\/td>\n<td>filtro de cartucho plissado\/malha<\/td>\n<td>Utiliza\u00e7\u00e3o<\/td>\n<td>filtragem de gases e l\u00edquidos<\/td>\n<\/tr>\n<tr>\n<td>Resist\u00eancia ao calor<\/td>\n<td>- 200 - 500 graus<\/td>\n<td>Press\u00e3o de trabalho<\/td>\n<td>0,1 a 30Mpa<\/td>\n<\/tr>\n<tr>\n<td>Capacidade de fornecimento<\/td>\n<td>5000 unidades\/pe\u00e7as por dia<\/td>\n<td>Produto<\/td>\n<td>cartucho de filtro c\u00f3digo 7<\/td>\n<\/tr>\n<\/tbody>\n<\/table>","protected":false},"featured_media":4554,"comment_status":"open","ping_status":"closed","template":"","meta":{"_gspb_post_css":""},"product_brand":[],"product_cat":[18],"product_tag":[1697,1534,1242,1696,1695,340],"class_list":{"0":"post-4552","1":"product","2":"type-product","3":"status-publish","4":"has-post-thumbnail","6":"product_cat-sintered-metal-filters","7":"product_tag-industrial-filtration-element","8":"product_tag-inversafilterpurification","9":"product_tag-lvyuan-filter","10":"product_tag-purification-filter-series","11":"product_tag-stainless-steel-filter-elements","12":"product_tag-water-treatment-filter","14":"first","15":"instock","16":"shipping-taxable","17":"product-type-simple"},"_links":{"self":[{"href":"https:\/\/lyfilter.com\/pt\/wp-json\/wp\/v2\/product\/4552","targetHints":{"allow":["GET"]}}],"collection":[{"href":"https:\/\/lyfilter.com\/pt\/wp-json\/wp\/v2\/product"}],"about":[{"href":"https:\/\/lyfilter.com\/pt\/wp-json\/wp\/v2\/types\/product"}],"replies":[{"embeddable":true,"href":"https:\/\/lyfilter.com\/pt\/wp-json\/wp\/v2\/comments?post=4552"}],"wp:featuredmedia":[{"embeddable":true,"href":"https:\/\/lyfilter.com\/pt\/wp-json\/wp\/v2\/media\/4554"}],"wp:attachment":[{"href":"https:\/\/lyfilter.com\/pt\/wp-json\/wp\/v2\/media?parent=4552"}],"wp:term":[{"taxonomy":"product_brand","embeddable":true,"href":"https:\/\/lyfilter.com\/pt\/wp-json\/wp\/v2\/product_brand?post=4552"},{"taxonomy":"product_cat","embeddable":true,"href":"https:\/\/lyfilter.com\/pt\/wp-json\/wp\/v2\/product_cat?post=4552"},{"taxonomy":"product_tag","embeddable":true,"href":"https:\/\/lyfilter.com\/pt\/wp-json\/wp\/v2\/product_tag?post=4552"}],"curies":[{"name":"wp","href":"https:\/\/api.w.org\/{rel}","templated":true}]}}