{"id":4521,"date":"2026-04-05T02:56:37","date_gmt":"2026-04-05T02:56:37","guid":{"rendered":"https:\/\/lyfilter.com\/"},"modified":"2026-04-21T02:51:15","modified_gmt":"2026-04-21T02:51:15","slug":"ss-304-316-stainless-steel-filter-housing-sterile-air-filter-for-compressed-air-filtration-system","status":"publish","type":"product","link":"https:\/\/lyfilter.com\/pt\/ss-304-316-stainless-steel-filter-housing-sterile-air-filter-for-compressed-air-filtration-system\/","title":{"rendered":"Caixa de filtro de a\u00e7o inoxid\u00e1vel SS 304 316 Filtro de ar est\u00e9ril para sistema de filtragem de ar comprimido"},"content":{"rendered":"<p>Esta caixa de filtro em a\u00e7o inoxid\u00e1vel SS 304 e 316 foi concebida para sistemas de ar esterilizado e ar comprimido. Suporta um fluxo limpo, ajuda a proteger o equipamento e proporciona uma filtragem fi\u00e1vel com uma estrutura forte para uma utiliza\u00e7\u00e3o di\u00e1ria est\u00e1vel.<\/p>","protected":false},"excerpt":{"rendered":"<table>\n<thead>\n<tr>\n<th>Campo<\/th>\n<th>Valor<\/th>\n<th>Campo<\/th>\n<th>Valor<\/th>\n<\/tr>\n<\/thead>\n<tbody>\n<tr>\n<td>Local de origem<\/td>\n<td>Guangdong, China<\/td>\n<td>Nome da marca<\/td>\n<td>Lvyuan \/ OEM<\/td>\n<\/tr>\n<tr>\n<td>Material<\/td>\n<td>a\u00e7o inoxid\u00e1vel<\/td>\n<td>Peso<\/td>\n<td>depende<\/td>\n<\/tr>\n<tr>\n<td>Tamanho<\/td>\n<td>padr\u00e3o, personaliza\u00e7\u00e3o<\/td>\n<td>Pot\u00eancia<\/td>\n<td>0<\/td>\n<\/tr>\n<tr>\n<td>Garantia<\/td>\n<td>1 ano<\/td>\n<td>Servi\u00e7o p\u00f3s-venda prestado<\/td>\n<td>Apoio em linha<\/td>\n<\/tr>\n<tr>\n<td>Nome do produto<\/td>\n<td>Caixa do filtro de ar em a\u00e7o inoxid\u00e1vel<\/td>\n<td>material da caixa<\/td>\n<td>sus304, 316, 316L<\/td>\n<\/tr>\n<tr>\n<td>Quantidade de filtros de cartucho<\/td>\n<td>1 - 160 elementos\/rodadas<\/td>\n<td>Comprimento do cartucho do filtro<\/td>\n<td>5, 10, 20, 30, 40, 60 polegadas, OEM<\/td>\n<\/tr>\n<tr>\n<td>Tratamento de superf\u00edcie<\/td>\n<td>Polido e jato de areia<\/td>\n<td>Tipo de tampa superior instalada<\/td>\n<td>parafusos\/Flange\/Tipo de grampo<\/td>\n<\/tr>\n<tr>\n<td>Utiliza\u00e7\u00e3o<\/td>\n<td>esta\u00e7\u00e3o de tratamento de \u00e1gua\/l\u00edquidos<\/td>\n<td>Espessura da parede<\/td>\n<td>1-5mm<\/td>\n<\/tr>\n<tr>\n<td>Tipo de conetor<\/td>\n<td>c\u00f3digo 0 3 6 7 8 9<\/td>\n<td>Certifica\u00e7\u00e3o<\/td>\n<td>CE ISO SGS<\/td>\n<\/tr>\n<tr>\n<td>Capacidade de fornecimento<\/td>\n<td>2000 pe\u00e7as\/pe\u00e7as por m\u00eas<\/td>\n<td>Produto<\/td>\n<td>Filtro de ar est\u00e9ril<\/td>\n<\/tr>\n<\/tbody>\n<\/table>","protected":false},"featured_media":4525,"comment_status":"open","ping_status":"closed","template":"","meta":{"_gspb_post_css":""},"product_brand":[],"product_cat":[15],"product_tag":[1680,1534,1448,1678,34,1679],"class_list":{"0":"post-4521","1":"product","2":"type-product","3":"status-publish","4":"has-post-thumbnail","6":"product_cat-stainless-steel-filter-housing","7":"product_tag-compressed-air-filtration","8":"product_tag-inversafilterpurification","9":"product_tag-ss-304-filter-housing","10":"product_tag-ss-316-filter-housing","11":"product_tag-stainless-steel-filter-housing","12":"product_tag-sterile-air-filter","14":"first","15":"instock","16":"shipping-taxable","17":"product-type-simple"},"_links":{"self":[{"href":"https:\/\/lyfilter.com\/pt\/wp-json\/wp\/v2\/product\/4521","targetHints":{"allow":["GET"]}}],"collection":[{"href":"https:\/\/lyfilter.com\/pt\/wp-json\/wp\/v2\/product"}],"about":[{"href":"https:\/\/lyfilter.com\/pt\/wp-json\/wp\/v2\/types\/product"}],"replies":[{"embeddable":true,"href":"https:\/\/lyfilter.com\/pt\/wp-json\/wp\/v2\/comments?post=4521"}],"wp:featuredmedia":[{"embeddable":true,"href":"https:\/\/lyfilter.com\/pt\/wp-json\/wp\/v2\/media\/4525"}],"wp:attachment":[{"href":"https:\/\/lyfilter.com\/pt\/wp-json\/wp\/v2\/media?parent=4521"}],"wp:term":[{"taxonomy":"product_brand","embeddable":true,"href":"https:\/\/lyfilter.com\/pt\/wp-json\/wp\/v2\/product_brand?post=4521"},{"taxonomy":"product_cat","embeddable":true,"href":"https:\/\/lyfilter.com\/pt\/wp-json\/wp\/v2\/product_cat?post=4521"},{"taxonomy":"product_tag","embeddable":true,"href":"https:\/\/lyfilter.com\/pt\/wp-json\/wp\/v2\/product_tag?post=4521"}],"curies":[{"name":"wp","href":"https:\/\/api.w.org\/{rel}","templated":true}]}}