{"id":4496,"date":"2026-04-05T02:40:02","date_gmt":"2026-04-05T02:40:02","guid":{"rendered":"https:\/\/lyfilter.com\/"},"modified":"2026-04-05T02:40:02","modified_gmt":"2026-04-05T02:40:02","slug":"lvyuan-filter-stainless-steel-sintered-filter-cartridge-with-custom-services-for-water-purification","status":"publish","type":"product","link":"https:\/\/lyfilter.com\/pt\/lvyuan-filter-stainless-steel-sintered-filter-cartridge-with-custom-services-for-water-purification\/","title":{"rendered":"Lvyuan Filter Cartucho de filtro sinterizado de a\u00e7o inoxid\u00e1vel com servi\u00e7os personalizados para purifica\u00e7\u00e3o de \u00e1gua"},"content":{"rendered":"<p>O cartucho de filtro sinterizado de a\u00e7o inoxid\u00e1vel da Lvyuan suporta o fluxo de \u00e1gua limpa com uma constru\u00e7\u00e3o s\u00f3lida, filtragem e op\u00e7\u00f5es de servi\u00e7o personalizadas. Ajuda a reduzir as impurezas, proporcionando um desempenho duradouro para as necessidades dom\u00e9sticas e industriais.<\/p>","protected":false},"excerpt":{"rendered":"<table>\n<thead>\n<tr>\n<th>Campo<\/th>\n<th>Valor<\/th>\n<th>Campo<\/th>\n<th>Valor<\/th>\n<\/tr>\n<\/thead>\n<tbody>\n<tr>\n<td>Sectores aplic\u00e1veis<\/td>\n<td>F\u00e1brica de produ\u00e7\u00e3o, F\u00e1brica de alimentos e bebidas, tratamento de \u00e1gua<\/td>\n<td>Local de origem<\/td>\n<td>Guangdong, China<\/td>\n<\/tr>\n<tr>\n<td>Nome da marca<\/td>\n<td>Lvyuan,OEM,ODM<\/td>\n<td>Material<\/td>\n<td>p\u00f3 de tit\u00e2nio, p\u00f3 de tit\u00e2nio<\/td>\n<\/tr>\n<tr>\n<td>Peso<\/td>\n<td>personalizado<\/td>\n<td>Tamanho<\/td>\n<td>personalizado<\/td>\n<\/tr>\n<tr>\n<td>Pot\u00eancia<\/td>\n<td>0<\/td>\n<td>Garantia<\/td>\n<td>N\u00e3o dispon\u00edvel<\/td>\n<\/tr>\n<tr>\n<td>Carater\u00edstica<\/td>\n<td>boa permeabilidade<\/td>\n<td>Comprimento<\/td>\n<td>10\/20\/30\/40 Polegadas<\/td>\n<\/tr>\n<tr>\n<td>Forma<\/td>\n<td>cilindro<\/td>\n<td>Utiliza\u00e7\u00e3o<\/td>\n<td>tratamento da \u00e1gua<\/td>\n<\/tr>\n<tr>\n<td>Aplica\u00e7\u00e3o<\/td>\n<td>setorial<\/td>\n<td>Cor<\/td>\n<td>cinzento<\/td>\n<\/tr>\n<tr>\n<td>Embalagem<\/td>\n<td>caixa de papel<\/td>\n<td>taxa de remo\u00e7\u00e3o<\/td>\n<td>0,2 a 100 m\u00edcrones<\/td>\n<\/tr>\n<tr>\n<td>Vantagem<\/td>\n<td>f\u00e1cil de limpar<\/td>\n<td>Servi\u00e7o p\u00f3s-venda prestado<\/td>\n<td>Apoio em linha, sem servi\u00e7o p\u00f3s-venda<\/td>\n<\/tr>\n<tr>\n<td>Capacidade de fornecimento<\/td>\n<td>500 pe\u00e7as\/pe\u00e7as por m\u00eas<\/td>\n<td><\/td>\n<td><\/td>\n<\/tr>\n<\/tbody>\n<\/table>","protected":false},"featured_media":4497,"comment_status":"open","ping_status":"closed","template":"","meta":{"_gspb_post_css":""},"product_brand":[],"product_cat":[15],"product_tag":[1673,38,1242,1237,1167,1182],"class_list":{"0":"post-4496","1":"product","2":"type-product","3":"status-publish","4":"has-post-thumbnail","6":"product_cat-stainless-steel-filter-housing","7":"product_tag-custom-filter-services","8":"product_tag-industrial-water-filtration","9":"product_tag-lvyuan-filter","10":"product_tag-sintered-filter-cartridge","11":"product_tag-stainless-steel-filter-cartridge","12":"product_tag-water-purification-filter","14":"first","15":"instock","16":"shipping-taxable","17":"product-type-simple"},"_links":{"self":[{"href":"https:\/\/lyfilter.com\/pt\/wp-json\/wp\/v2\/product\/4496","targetHints":{"allow":["GET"]}}],"collection":[{"href":"https:\/\/lyfilter.com\/pt\/wp-json\/wp\/v2\/product"}],"about":[{"href":"https:\/\/lyfilter.com\/pt\/wp-json\/wp\/v2\/types\/product"}],"replies":[{"embeddable":true,"href":"https:\/\/lyfilter.com\/pt\/wp-json\/wp\/v2\/comments?post=4496"}],"wp:featuredmedia":[{"embeddable":true,"href":"https:\/\/lyfilter.com\/pt\/wp-json\/wp\/v2\/media\/4497"}],"wp:attachment":[{"href":"https:\/\/lyfilter.com\/pt\/wp-json\/wp\/v2\/media?parent=4496"}],"wp:term":[{"taxonomy":"product_brand","embeddable":true,"href":"https:\/\/lyfilter.com\/pt\/wp-json\/wp\/v2\/product_brand?post=4496"},{"taxonomy":"product_cat","embeddable":true,"href":"https:\/\/lyfilter.com\/pt\/wp-json\/wp\/v2\/product_cat?post=4496"},{"taxonomy":"product_tag","embeddable":true,"href":"https:\/\/lyfilter.com\/pt\/wp-json\/wp\/v2\/product_tag?post=4496"}],"curies":[{"name":"wp","href":"https:\/\/api.w.org\/{rel}","templated":true}]}}