{"id":4489,"date":"2026-04-05T02:30:57","date_gmt":"2026-04-05T02:30:57","guid":{"rendered":"https:\/\/lyfilter.com\/"},"modified":"2026-04-05T02:30:57","modified_gmt":"2026-04-05T02:30:57","slug":"lvyuan-ss-bag-filter-wholesale-for-factory","status":"publish","type":"product","link":"https:\/\/lyfilter.com\/pt\/lvyuan-ss-bag-filter-wholesale-for-factory\/","title":{"rendered":"Filtro de saco SS Lvyuan por atacado para a f\u00e1brica"},"content":{"rendered":"<h3 class=\"do-entry-title\">Embalagem e entrega<\/h3>\n<div class=\"do-entry-list\">\n<dl class=\"do-entry-item\">\n<dt class=\"do-entry-item-key\">Unidades de venda:<\/dt>\n<dd class=\"do-entry-item-val\">Artigo \u00fanico<\/dd>\n<\/dl>\n<dl class=\"do-entry-item\">\n<dt class=\"do-entry-item-key\" title=\"Tamanho da embalagem individual:\">Tamanho da embalagem individual:<\/dt>\n<dd class=\"do-entry-item-val\">65X65X170 cm<\/dd>\n<\/dl>\n<dl class=\"do-entry-item\">\n<dt class=\"do-entry-item-key\" title=\"Peso bruto \u00fanico:\">Peso bruto \u00fanico:<\/dt>\n<dd class=\"do-entry-item-val\">56.500 kg<\/dd>\n<\/dl>\n<dl class=\"do-entry-item\">\n<dt class=\"do-entry-item-key\">Tipo de embalagem:<\/dt>\n<dd class=\"do-entry-item-val pkg-method\">caixa de papel e caixa de madeira.<\/dd>\n<\/dl>\n<dl class=\"do-entry-item\">\n<dt class=\"do-entry-item-key\" title=\"Prazo de execu\u00e7\u00e3o\">Prazo de execu\u00e7\u00e3o\u00a0<i class=\"next-icon next-icon-help next-icon-xs js-leadtimes-tips\"><\/i>:<\/dt>\n<dd class=\"do-entry-item-val\" title=\"Prazo de execu\u00e7\u00e3o\">\n<div class=\"table-responsive\">\n<table class=\"supply-ability-table ui2-table ui2-table-normal ui2-table-zebra ui2-table-hover\">\n<tbody>\n<tr>\n<td>Quantidade (pe\u00e7as)<\/td>\n<td>1 - 10<\/td>\n<td>11 - 20<\/td>\n<td>21 - 50<\/td>\n<td>&gt;50<\/td>\n<\/tr>\n<tr>\n<td>Est. Tempo (dias)<\/td>\n<td>15<\/td>\n<td>25<\/td>\n<td>35<\/td>\n<td>A ser negociado<\/td>\n<\/tr>\n<\/tbody>\n<\/table>\n<\/div>\n<p><b>Vantagens da empresa<\/b><br \/>\n<b>1.<\/b>\u00a0O filtro de mangas inoxid\u00e1vel Lvyuan foi concebido com elevados padr\u00f5es. Foi concebido para cumprir, testar ou estar em conformidade com normas internacionais como a prote\u00e7\u00e3o IP, UL e CE. Oferece excelente filtragem e boa estabilidade t\u00e9rmica<br \/>\n<b>2.<\/b>\u00a0Este produto n\u00e3o produz ru\u00eddos de zumbido indesej\u00e1veis que podem causar problemas auditivos. Assim, os operadores podem desfrutar de um ambiente de trabalho tranquilo. Tem uma grande \u00e1rea de filtragem efectiva<br \/>\n<b>3.<\/b>\u00a0O filtro de mangas ss apresenta melhores propriedades de filtro de mangas inoxid\u00e1vel, bem como carater\u00edsticas de alojamento de filtro de mangas inoxid\u00e1vel. \u00c9 fornecido com uma ampla gama de comprimentos para caixas padr\u00e3o e de fluxo total<\/dd>\n<\/dl>\n<\/div>","protected":false},"excerpt":{"rendered":"<table>\n<thead>\n<tr>\n<th>Campo<\/th>\n<th>Valor<\/th>\n<th>Campo<\/th>\n<th>Valor<\/th>\n<\/tr>\n<\/thead>\n<tbody>\n<tr>\n<td>Sectores aplic\u00e1veis<\/td>\n<td>F\u00e1brica de produ\u00e7\u00e3o, F\u00e1brica de alimentos e bebidas, tratamento de \u00e1gua<\/td>\n<td>Local de origem<\/td>\n<td>Guangdong, China<\/td>\n<\/tr>\n<tr>\n<td>Nome da marca<\/td>\n<td>Lvyuan, OEM, ODM<\/td>\n<td>Material<\/td>\n<td>a\u00e7o inoxid\u00e1vel 304<\/td>\n<\/tr>\n<tr>\n<td>Peso<\/td>\n<td>personalizado<\/td>\n<td>Tamanho<\/td>\n<td>personalizado<\/td>\n<\/tr>\n<tr>\n<td>Garantia<\/td>\n<td>1 ano<\/td>\n<td>Servi\u00e7o p\u00f3s-venda prestado<\/td>\n<td>Apoio em linha<\/td>\n<\/tr>\n<tr>\n<td>Carater\u00edstica<\/td>\n<td>Boa veda\u00e7\u00e3o<\/td>\n<td>tamanho do saco de filtro<\/td>\n<td>180*810mm<\/td>\n<\/tr>\n<tr>\n<td>Certifica\u00e7\u00e3o<\/td>\n<td>SGS<\/td>\n<td>material<\/td>\n<td>sus304<\/td>\n<\/tr>\n<tr>\n<td>Utiliza\u00e7\u00e3o<\/td>\n<td>filtragem de \u00e1gua<\/td>\n<td>Aplica\u00e7\u00e3o<\/td>\n<td>setorial<\/td>\n<\/tr>\n<tr>\n<td>superf\u00edcie<\/td>\n<td>polido\/espelhado<\/td>\n<td>Modelo<\/td>\n<td>BFW<\/td>\n<\/tr>\n<tr>\n<td>Mat\u00e9ria-prima<\/td>\n<td>a\u00e7o inoxid\u00e1vel<\/td>\n<td>Press\u00e3o de trabalho<\/td>\n<td>100 psi<\/td>\n<\/tr>\n<\/tbody>\n<\/table>","protected":false},"featured_media":4490,"comment_status":"open","ping_status":"closed","template":"","meta":{"_gspb_post_css":""},"product_brand":[],"product_cat":[1135],"product_tag":[1672,1534,1670,1671,1320,1136],"class_list":{"0":"post-4489","1":"product","2":"type-product","3":"status-publish","4":"has-post-thumbnail","6":"product_cat-stainless-steel-bag-filter-housing","7":"product_tag-factory-bag-filter","8":"product_tag-inversafilterpurification","9":"product_tag-lvyuan-ss-bag-filter","10":"product_tag-ss-bag-filter-wholesale","11":"product_tag-stainless-steel-bag-filter","12":"product_tag-water-filter-locks","14":"first","15":"instock","16":"shipping-taxable","17":"product-type-simple"},"_links":{"self":[{"href":"https:\/\/lyfilter.com\/pt\/wp-json\/wp\/v2\/product\/4489","targetHints":{"allow":["GET"]}}],"collection":[{"href":"https:\/\/lyfilter.com\/pt\/wp-json\/wp\/v2\/product"}],"about":[{"href":"https:\/\/lyfilter.com\/pt\/wp-json\/wp\/v2\/types\/product"}],"replies":[{"embeddable":true,"href":"https:\/\/lyfilter.com\/pt\/wp-json\/wp\/v2\/comments?post=4489"}],"wp:featuredmedia":[{"embeddable":true,"href":"https:\/\/lyfilter.com\/pt\/wp-json\/wp\/v2\/media\/4490"}],"wp:attachment":[{"href":"https:\/\/lyfilter.com\/pt\/wp-json\/wp\/v2\/media?parent=4489"}],"wp:term":[{"taxonomy":"product_brand","embeddable":true,"href":"https:\/\/lyfilter.com\/pt\/wp-json\/wp\/v2\/product_brand?post=4489"},{"taxonomy":"product_cat","embeddable":true,"href":"https:\/\/lyfilter.com\/pt\/wp-json\/wp\/v2\/product_cat?post=4489"},{"taxonomy":"product_tag","embeddable":true,"href":"https:\/\/lyfilter.com\/pt\/wp-json\/wp\/v2\/product_tag?post=4489"}],"curies":[{"name":"wp","href":"https:\/\/api.w.org\/{rel}","templated":true}]}}