{"id":4483,"date":"2026-04-04T10:34:10","date_gmt":"2026-04-04T10:34:10","guid":{"rendered":"https:\/\/lyfilter.com\/"},"modified":"2026-04-04T10:34:10","modified_gmt":"2026-04-04T10:34:10","slug":"stainless-filter-housing-iso-9001-by-lvyuan-filter","status":"publish","type":"product","link":"https:\/\/lyfilter.com\/pt\/stainless-filter-housing-iso-9001-by-lvyuan-filter\/","title":{"rendered":"Caixa de filtro inoxid\u00e1vel ISO 9001 por Lvyuan Filter"},"content":{"rendered":"<p><b>Detalhes do produto da caixa do filtro inoxid\u00e1vel<\/b><\/p>\n<p>&nbsp;<\/p>\n<p><b>Especifica\u00e7\u00e3o do produto<\/b><\/p>\n<p>Disponibilidade: OEM<\/p>\n<p>Material: A\u00e7o inoxid\u00e1vel<\/p>\n<p>&nbsp;<\/p>\n<p><b>Vis\u00e3o geral r\u00e1pida<\/b><\/p>\n<p>O equipamento mec\u00e2nico da Lvyuan Water Purification Equipment tem design razo\u00e1vel, estrutura compacta e desempenho est\u00e1vel. Al\u00e9m disso, o nosso produto \u00e9 f\u00e1cil e conveniente para ser operado e instalado. Sendo amplamente reconhecido por mais clientes, acaba por ser eficaz que\u00a0<a href=\"https:\/\/lyfilter.com\/pt\/\">Filtro Lvyuan<\/a>\u00a0precisa tamb\u00e9m de prestar aten\u00e7\u00e3o \u00e0 conce\u00e7\u00e3o da caixa do filtro inoxid\u00e1vel. O bom ambiente da zona de produ\u00e7\u00e3o e da oficina \u00e9 uma das condi\u00e7\u00f5es para melhorar a sua qualidade. Ao mesmo tempo que se concentra na qualidade do produto, a Guangzhou Lvyuan Water Purification Equipment Co., Ltd. estabeleceu uma rede de vendas completa em algumas das principais cidades do pa\u00eds.<\/p>\n<p>&nbsp;<\/p>\n<p><b>Descri\u00e7\u00e3o do produto<\/b><\/p>\n<p>A caixa de filtro inoxid\u00e1vel do equipamento de purifica\u00e7\u00e3o de \u00e1gua Lvyuan foi muito melhorada nos seguintes aspectos.<\/p>\n<p><strong>Caixa do filtro Big Blue de n\u00facleo \u00fanico em a\u00e7o inoxid\u00e1vel<\/strong><\/p>","protected":false},"excerpt":{"rendered":"<table>\n<thead>\n<tr>\n<th>Campo<\/th>\n<th>Valor<\/th>\n<th>Campo<\/th>\n<th>Valor<\/th>\n<\/tr>\n<\/thead>\n<tbody>\n<tr>\n<td>Porto de in\u00edcio<\/td>\n<td>Guangzhou<\/td>\n<td>Capacidade de produ\u00e7\u00e3o<\/td>\n<td>10000 unidades\/m\u00eas<\/td>\n<\/tr>\n<tr>\n<td>Certifica\u00e7\u00e3o<\/td>\n<td>ISO 9001<\/td>\n<td><\/td>\n<td><\/td>\n<\/tr>\n<\/tbody>\n<\/table>","protected":false},"featured_media":4487,"comment_status":"open","ping_status":"closed","template":"","meta":{"_gspb_post_css":""},"product_brand":[],"product_cat":[15],"product_tag":[1534,1303,1186,1541,1136,1443],"class_list":{"0":"post-4483","1":"product","2":"type-product","3":"status-publish","4":"has-post-thumbnail","6":"product_cat-stainless-steel-filter-housing","7":"product_tag-inversafilterpurification","8":"product_tag-iso-9001-filter-housing","9":"product_tag-lvyuan-filter-housing","10":"product_tag-stainless-filter-housing","11":"product_tag-water-filter-locks","12":"product_tag-water-filtration-housing","14":"first","15":"instock","16":"shipping-taxable","17":"product-type-simple"},"_links":{"self":[{"href":"https:\/\/lyfilter.com\/pt\/wp-json\/wp\/v2\/product\/4483","targetHints":{"allow":["GET"]}}],"collection":[{"href":"https:\/\/lyfilter.com\/pt\/wp-json\/wp\/v2\/product"}],"about":[{"href":"https:\/\/lyfilter.com\/pt\/wp-json\/wp\/v2\/types\/product"}],"replies":[{"embeddable":true,"href":"https:\/\/lyfilter.com\/pt\/wp-json\/wp\/v2\/comments?post=4483"}],"wp:featuredmedia":[{"embeddable":true,"href":"https:\/\/lyfilter.com\/pt\/wp-json\/wp\/v2\/media\/4487"}],"wp:attachment":[{"href":"https:\/\/lyfilter.com\/pt\/wp-json\/wp\/v2\/media?parent=4483"}],"wp:term":[{"taxonomy":"product_brand","embeddable":true,"href":"https:\/\/lyfilter.com\/pt\/wp-json\/wp\/v2\/product_brand?post=4483"},{"taxonomy":"product_cat","embeddable":true,"href":"https:\/\/lyfilter.com\/pt\/wp-json\/wp\/v2\/product_cat?post=4483"},{"taxonomy":"product_tag","embeddable":true,"href":"https:\/\/lyfilter.com\/pt\/wp-json\/wp\/v2\/product_tag?post=4483"}],"curies":[{"name":"wp","href":"https:\/\/api.w.org\/{rel}","templated":true}]}}