{"id":4478,"date":"2026-04-04T10:31:21","date_gmt":"2026-04-04T10:31:21","guid":{"rendered":"https:\/\/lyfilter.com\/"},"modified":"2026-04-04T10:31:21","modified_gmt":"2026-04-04T10:31:21","slug":"lvyuan-sintered-ss-filter-cartridges-wholesale-for-factory","status":"publish","type":"product","link":"https:\/\/lyfilter.com\/pt\/lvyuan-sintered-ss-filter-cartridges-wholesale-for-factory\/","title":{"rendered":"Cartuchos de filtro Ss sinterizados Lvyuan por atacado para a f\u00e1brica"},"content":{"rendered":"<p>Feito para as necessidades de filtragem da f\u00e1brica, este cartucho de filtro de ss sinterizado suporta um fluxo constante, uma resist\u00eancia duradoura e um controlo fi\u00e1vel das part\u00edculas. A Lvyuan e a InversaFilterPurification fornecem fornecimento por grosso, qualidade fi\u00e1vel e servi\u00e7o pr\u00e1tico.<\/p>","protected":false},"excerpt":{"rendered":"<table>\n<thead>\n<tr>\n<th>Campo<\/th>\n<th>Valor<\/th>\n<th>Campo<\/th>\n<th>Valor<\/th>\n<\/tr>\n<\/thead>\n<tbody>\n<tr>\n<td>Servi\u00e7o p\u00f3s-garantia<\/td>\n<td>Apoio em linha<\/td>\n<td>Localiza\u00e7\u00e3o do servi\u00e7o local<\/td>\n<td>nenhum<\/td>\n<\/tr>\n<tr>\n<td>Localiza\u00e7\u00e3o da sala de exposi\u00e7\u00f5es<\/td>\n<td>nenhum<\/td>\n<td>Inspe\u00e7\u00e3o de sa\u00edda de v\u00eddeo<\/td>\n<td>Fornecido<\/td>\n<\/tr>\n<tr>\n<td>Relat\u00f3rio de ensaio de m\u00e1quinas<\/td>\n<td>Fornecido<\/td>\n<td>Tipo de marketing<\/td>\n<td>Produto normal<\/td>\n<\/tr>\n<tr>\n<td>Garantia dos componentes principais<\/td>\n<td>1 ano<\/td>\n<td>Componentes principais<\/td>\n<td>Recipiente sob press\u00e3o<\/td>\n<\/tr>\n<tr>\n<td>Local de origem<\/td>\n<td>Guangdong, China<\/td>\n<td>Nome da marca<\/td>\n<td>Lvyuan\/OEM<\/td>\n<\/tr>\n<tr>\n<td>Garantia<\/td>\n<td>1 ano<\/td>\n<td>Servi\u00e7o p\u00f3s-venda prestado<\/td>\n<td>Apoio em linha<\/td>\n<\/tr>\n<tr>\n<td>Palavras-chave<\/td>\n<td>filtro de tipo plissado inoxid\u00e1vel<\/td>\n<td>Di\u00e2metro<\/td>\n<td>Pedido do cliente<\/td>\n<\/tr>\n<tr>\n<td>Material<\/td>\n<td>a\u00e7o inoxid\u00e1vel<\/td>\n<td>Forma<\/td>\n<td>cilindro<\/td>\n<\/tr>\n<tr>\n<td>Utiliza\u00e7\u00e3o<\/td>\n<td>tratamento da \u00e1gua<\/td>\n<td>Aplica\u00e7\u00e3o<\/td>\n<td>setorial<\/td>\n<\/tr>\n<tr>\n<td>Cor<\/td>\n<td>lasca<\/td>\n<td>Embalagem<\/td>\n<td>caixa de papel<\/td>\n<\/tr>\n<tr>\n<td>comprimento<\/td>\n<td>10\/20\/30\/40 polegadas<\/td>\n<td>Vantagem<\/td>\n<td>reutiliza\u00e7\u00e3o<\/td>\n<\/tr>\n<tr>\n<td>Capacidade de fornecimento<\/td>\n<td>10000 pe\u00e7as\/pe\u00e7as por m\u00eas<\/td>\n<td><\/td>\n<td><\/td>\n<\/tr>\n<\/tbody>\n<\/table>","protected":false},"featured_media":4479,"comment_status":"open","ping_status":"closed","template":"","meta":{"_gspb_post_css":""},"product_brand":[],"product_cat":[1202],"product_tag":[1668,1534,1666,1669,1136,1667],"class_list":{"0":"post-4478","1":"product","2":"type-product","3":"status-publish","4":"has-post-thumbnail","6":"product_cat-filter-cartridge","7":"product_tag-factory-filter-cartridge","8":"product_tag-inversafilterpurification","9":"product_tag-lvyuan-sintered-ss-filter-cartridge","10":"product_tag-ss-filter-cartridge-supplier","11":"product_tag-water-filter-locks","12":"product_tag-wholesale-sintered-filter-cartridge","14":"first","15":"instock","16":"shipping-taxable","17":"product-type-simple"},"_links":{"self":[{"href":"https:\/\/lyfilter.com\/pt\/wp-json\/wp\/v2\/product\/4478","targetHints":{"allow":["GET"]}}],"collection":[{"href":"https:\/\/lyfilter.com\/pt\/wp-json\/wp\/v2\/product"}],"about":[{"href":"https:\/\/lyfilter.com\/pt\/wp-json\/wp\/v2\/types\/product"}],"replies":[{"embeddable":true,"href":"https:\/\/lyfilter.com\/pt\/wp-json\/wp\/v2\/comments?post=4478"}],"wp:featuredmedia":[{"embeddable":true,"href":"https:\/\/lyfilter.com\/pt\/wp-json\/wp\/v2\/media\/4479"}],"wp:attachment":[{"href":"https:\/\/lyfilter.com\/pt\/wp-json\/wp\/v2\/media?parent=4478"}],"wp:term":[{"taxonomy":"product_brand","embeddable":true,"href":"https:\/\/lyfilter.com\/pt\/wp-json\/wp\/v2\/product_brand?post=4478"},{"taxonomy":"product_cat","embeddable":true,"href":"https:\/\/lyfilter.com\/pt\/wp-json\/wp\/v2\/product_cat?post=4478"},{"taxonomy":"product_tag","embeddable":true,"href":"https:\/\/lyfilter.com\/pt\/wp-json\/wp\/v2\/product_tag?post=4478"}],"curies":[{"name":"wp","href":"https:\/\/api.w.org\/{rel}","templated":true}]}}