{"id":4476,"date":"2026-04-04T10:28:17","date_gmt":"2026-04-04T10:28:17","guid":{"rendered":"https:\/\/lyfilter.com\/"},"modified":"2026-04-04T10:28:17","modified_gmt":"2026-04-04T10:28:17","slug":"safe-sintered-metal-filter-cartridge-with-custom-services-for-industry","status":"publish","type":"product","link":"https:\/\/lyfilter.com\/pt\/safe-sintered-metal-filter-cartridge-with-custom-services-for-industry\/","title":{"rendered":"Cartucho de filtro de metal sinterizado seguro com servi\u00e7os personalizados para a ind\u00fastria"},"content":{"rendered":"<p>Constru\u00eddo para a filtragem industrial, este cartucho de filtro seguro de metal sinterizado oferece um fluxo est\u00e1vel, uma resist\u00eancia duradoura e um controlo fi\u00e1vel das part\u00edculas. A InversaFilterPurification fornece servi\u00e7os personalizados, apoio pr\u00e1tico e qualidade fi\u00e1vel para utiliza\u00e7\u00e3o na produ\u00e7\u00e3o di\u00e1ria.<\/p>","protected":false},"excerpt":{"rendered":"<table>\n<thead>\n<tr>\n<th>Campo<\/th>\n<th>Valor<\/th>\n<th>Campo<\/th>\n<th>Valor<\/th>\n<\/tr>\n<\/thead>\n<tbody>\n<tr>\n<td>Servi\u00e7o p\u00f3s-garantia<\/td>\n<td>Apoio em linha<\/td>\n<td>Localiza\u00e7\u00e3o do servi\u00e7o local<\/td>\n<td>nenhum<\/td>\n<\/tr>\n<tr>\n<td>Localiza\u00e7\u00e3o da sala de exposi\u00e7\u00f5es<\/td>\n<td>nenhum<\/td>\n<td>Inspe\u00e7\u00e3o de sa\u00edda de v\u00eddeo<\/td>\n<td>Fornecido<\/td>\n<\/tr>\n<tr>\n<td>Relat\u00f3rio de ensaio de m\u00e1quinas<\/td>\n<td>Fornecido<\/td>\n<td>Tipo de marketing<\/td>\n<td>Produto normal<\/td>\n<\/tr>\n<tr>\n<td>Garantia dos componentes principais<\/td>\n<td>1 ano<\/td>\n<td>Componentes principais<\/td>\n<td>Recipiente sob press\u00e3o<\/td>\n<\/tr>\n<tr>\n<td>Local de origem<\/td>\n<td>Guangdong, China<\/td>\n<td>Nome da marca<\/td>\n<td>Lvyuan\/OEM<\/td>\n<\/tr>\n<tr>\n<td>Garantia<\/td>\n<td>1 ano<\/td>\n<td>Servi\u00e7o p\u00f3s-venda prestado<\/td>\n<td>Apoio em linha<\/td>\n<\/tr>\n<tr>\n<td>Nome do produto<\/td>\n<td>filtro de vapor<\/td>\n<td>Taxa de microns<\/td>\n<td>0,1 a 400 m\u00edcrones<\/td>\n<\/tr>\n<tr>\n<td>Dimens\u00e3o OEM<\/td>\n<td>Dispon\u00edvel<\/td>\n<td>Comprimento<\/td>\n<td>5\u2033, 10\u2033, 20\u2033, 30\u2033, 40\u2033, 50\u201d, 60\u201d polegadas<\/td>\n<\/tr>\n<tr>\n<td>A\u00e7o inoxid\u00e1vel Material<\/td>\n<td>304, 316, 316L<\/td>\n<td>Formul\u00e1rio de interface<\/td>\n<td>Interface de rosca 222, 226, 215, M36, M24, M22, M20<\/td>\n<\/tr>\n<tr>\n<td>Camada<\/td>\n<td>filtro de cartucho plissado\/malha<\/td>\n<td>Utiliza\u00e7\u00e3o<\/td>\n<td>filtragem de gases e l\u00edquidos<\/td>\n<\/tr>\n<tr>\n<td>Resist\u00eancia ao calor<\/td>\n<td>-200 - 500 graus<\/td>\n<td>Press\u00e3o de trabalho<\/td>\n<td>0,1 a 30Mpa<\/td>\n<\/tr>\n<\/tbody>\n<\/table>","protected":false},"featured_media":4477,"comment_status":"open","ping_status":"closed","template":"","meta":{"_gspb_post_css":""},"product_brand":[],"product_cat":[1202],"product_tag":[1664,1346,1534,1663,1665,1136],"class_list":{"0":"post-4476","1":"product","2":"type-product","3":"status-publish","4":"has-post-thumbnail","6":"product_cat-filter-cartridge","7":"product_tag-custom-metal-filter-service","8":"product_tag-industrial-sintered-filter","9":"product_tag-inversafilterpurification","10":"product_tag-safe-sintered-metal-filter-cartridge","11":"product_tag-sintered-cartridge-for-industry","12":"product_tag-water-filter-locks","14":"first","15":"instock","16":"shipping-taxable","17":"product-type-simple"},"_links":{"self":[{"href":"https:\/\/lyfilter.com\/pt\/wp-json\/wp\/v2\/product\/4476","targetHints":{"allow":["GET"]}}],"collection":[{"href":"https:\/\/lyfilter.com\/pt\/wp-json\/wp\/v2\/product"}],"about":[{"href":"https:\/\/lyfilter.com\/pt\/wp-json\/wp\/v2\/types\/product"}],"replies":[{"embeddable":true,"href":"https:\/\/lyfilter.com\/pt\/wp-json\/wp\/v2\/comments?post=4476"}],"wp:featuredmedia":[{"embeddable":true,"href":"https:\/\/lyfilter.com\/pt\/wp-json\/wp\/v2\/media\/4477"}],"wp:attachment":[{"href":"https:\/\/lyfilter.com\/pt\/wp-json\/wp\/v2\/media?parent=4476"}],"wp:term":[{"taxonomy":"product_brand","embeddable":true,"href":"https:\/\/lyfilter.com\/pt\/wp-json\/wp\/v2\/product_brand?post=4476"},{"taxonomy":"product_cat","embeddable":true,"href":"https:\/\/lyfilter.com\/pt\/wp-json\/wp\/v2\/product_cat?post=4476"},{"taxonomy":"product_tag","embeddable":true,"href":"https:\/\/lyfilter.com\/pt\/wp-json\/wp\/v2\/product_tag?post=4476"}],"curies":[{"name":"wp","href":"https:\/\/api.w.org\/{rel}","templated":true}]}}