{"id":4473,"date":"2026-04-04T10:23:43","date_gmt":"2026-04-04T10:23:43","guid":{"rendered":"https:\/\/lyfilter.com\/"},"modified":"2026-04-04T10:23:43","modified_gmt":"2026-04-04T10:23:43","slug":"safe-stainless-steel-cartridge-filter-housing-factory-price-for-water-purification","status":"publish","type":"product","link":"https:\/\/lyfilter.com\/pt\/safe-stainless-steel-cartridge-filter-housing-factory-price-for-water-purification\/","title":{"rendered":"Caixa de filtro de cartucho de a\u00e7o inoxid\u00e1vel seguro Pre\u00e7o de f\u00e1brica para purifica\u00e7\u00e3o de \u00e1gua"},"content":{"rendered":"<p><b>Vantagens da empresa<\/b><br \/>\n<b>1.<\/b>\u00a0Detalhes de alta qualidade perfeitamente vis\u00edveis na caixa do filtro de cartucho de a\u00e7o inoxid\u00e1vel. Est\u00e1 dispon\u00edvel numa vasta sele\u00e7\u00e3o de classifica\u00e7\u00f5es de microns de 1 a 100 \u03bcm<br \/>\n<b>2.<\/b>\u00a0O produto \u00e9 econ\u00f3mico e tem sido amplamente utilizado em todos os sectores da vida. O meio filtrante \u00e9 ligado termicamente para evitar a liberta\u00e7\u00e3o de fibras, proporcionando simultaneamente taxas de fluxo consistentes<br \/>\n<b>3.<\/b>\u00a0O produto apresenta uma constru\u00e7\u00e3o robusta. Feito de metais pesados, \u00e9 capaz de suportar v\u00e1rios tipos de elementos, como choques e vibra\u00e7\u00f5es. N\u00e3o segrega material dissol\u00favel durante o funcionamento<br \/>\n<b>4.<\/b>\u00a0O produto tem uma superf\u00edcie met\u00e1lica elegante. Os tratamentos de afia\u00e7\u00e3o e retifica\u00e7\u00e3o de alta precis\u00e3o minimizaram a rugosidade da superf\u00edcie do produto. Tem uma maior capacidade de reten\u00e7\u00e3o de sujidade e uma vida \u00fatil mais longa<br \/>\n<b>5.<\/b>\u00a0O produto \u00e9 f\u00e1cil de utilizar. O visor permite uma visualiza\u00e7\u00e3o completa do estado atual da m\u00e1quina, incluindo o tempo de ciclo, o tempo de inatividade, a efici\u00eancia e o estado de vida das pe\u00e7as. Possui um caudal elevado e uma precis\u00e3o de filtragem est\u00e1vel<\/p>\n<p>&nbsp;<\/p>\n<h3 class=\"do-entry-title\">Embalagem e entrega<\/h3>\n<div class=\"do-entry-list\">\n<dl class=\"do-entry-item\">\n<dt class=\"do-entry-item-key\">Unidades de venda:<\/dt>\n<dd class=\"do-entry-item-val\">Artigo \u00fanico<\/dd>\n<\/dl>\n<dl class=\"do-entry-item\">\n<dt class=\"do-entry-item-key\" title=\"Tamanho da embalagem individual:\">Tamanho da embalagem individual:<\/dt>\n<dd class=\"do-entry-item-val\">35X18X25 cm<\/dd>\n<\/dl>\n<dl class=\"do-entry-item\">\n<dt class=\"do-entry-item-key\" title=\"Peso bruto \u00fanico:\">Peso bruto \u00fanico:<\/dt>\n<dd class=\"do-entry-item-val\">3.000 kg<\/dd>\n<\/dl>\n<dl class=\"do-entry-item\">\n<dt class=\"do-entry-item-key\">Tipo de embalagem:<\/dt>\n<dd class=\"do-entry-item-val pkg-method\">C\u00f3digo de cartucho de filtro \u00fanico de 50 m\u00edcrons filtro de l\u00edquido industrial de a\u00e7o inoxid\u00e1vel de 10 polegadas com caixa SS v\u00e1lvula de drenagem de 1\/4 \u2033: Embalagem: Caixa padr\u00e3o de exporta\u00e7\u00e3o \/ Conforme necess\u00e1rio<\/dd>\n<\/dl>\n<dl class=\"do-entry-item\">\n<dt class=\"do-entry-item-key\" title=\"Prazo de execu\u00e7\u00e3o\">Prazo de execu\u00e7\u00e3o\u00a0<i class=\"next-icon next-icon-help next-icon-xs js-leadtimes-tips\"><\/i>:<\/dt>\n<dd class=\"do-entry-item-val\" title=\"Prazo de execu\u00e7\u00e3o\">\n<div class=\"table-responsive\">\n<table class=\"supply-ability-table ui2-table ui2-table-normal ui2-table-zebra ui2-table-hover\">\n<tbody>\n<tr>\n<td>Quantidade (pe\u00e7as)<\/td>\n<td>1 - 10<\/td>\n<td>11 - 100<\/td>\n<td>&gt;100<\/td>\n<\/tr>\n<tr>\n<td>Est. Tempo (dias)<\/td>\n<td>5<\/td>\n<td>10<\/td>\n<td>A ser negociado<\/td>\n<\/tr>\n<\/tbody>\n<\/table>\n<\/div>\n<\/dd>\n<\/dl>\n<\/div>","protected":false},"excerpt":{"rendered":"<table>\n<thead>\n<tr>\n<th>Campo<\/th>\n<th>Valor<\/th>\n<th>Campo<\/th>\n<th>Valor<\/th>\n<\/tr>\n<\/thead>\n<tbody>\n<tr>\n<td>Local de origem<\/td>\n<td>Guangdong, China<\/td>\n<td>Nome da marca<\/td>\n<td>LVYUAN\/OEM<\/td>\n<\/tr>\n<tr>\n<td>Garantia<\/td>\n<td>1 ano<\/td>\n<td>Servi\u00e7o p\u00f3s-venda prestado<\/td>\n<td>Apoio em linha<\/td>\n<\/tr>\n<tr>\n<td>Nome do artigo<\/td>\n<td>Cartucho filtrante simples filtro de l\u00edquidos industrial em a\u00e7o inoxid\u00e1vel<\/td>\n<td>Material da caixa<\/td>\n<td>SS304\/SS316L<\/td>\n<\/tr>\n<tr>\n<td>Comprimento do cartucho do filtro<\/td>\n<td>10\u2033 20\u2033 30\u2033 40\u2033<\/td>\n<td>Quantidade de filtros de cartucho<\/td>\n<td>N\u00facleo \u00fanico<\/td>\n<\/tr>\n<tr>\n<td>Tratamento de superf\u00edcie<\/td>\n<td>Polido e jato de areia<\/td>\n<td>Anel o-ring de veda\u00e7\u00e3o<\/td>\n<td>Sil\u00e1stico\/NBR\/EPDM\/Viton<\/td>\n<\/tr>\n<tr>\n<td>Tipo de tampa superior instalada<\/td>\n<td>Tipo de bra\u00e7adeira<\/td>\n<td>Tipo de conetor<\/td>\n<td>222\/226\/DOE<\/td>\n<\/tr>\n<tr>\n<td>Tipo de entrada e de sa\u00edda<\/td>\n<td>Rosca interna<\/td>\n<td>M\u00e9todo de acondicionamento<\/td>\n<td>Caixa normalizada para exporta\u00e7\u00e3o<\/td>\n<\/tr>\n<\/tbody>\n<\/table>","protected":false},"featured_media":4475,"comment_status":"open","ping_status":"closed","template":"","meta":{"_gspb_post_css":""},"product_brand":[],"product_cat":[15],"product_tag":[1661,1534,1662,1660,1136,1451],"class_list":{"0":"post-4473","1":"product","2":"type-product","3":"status-publish","4":"has-post-thumbnail","6":"product_cat-stainless-steel-filter-housing","7":"product_tag-factory-price-filter-housing","8":"product_tag-inversafilterpurification","9":"product_tag-safe-water-filter-housing","10":"product_tag-stainless-steel-cartridge-filter-housing","11":"product_tag-water-filter-locks","12":"product_tag-water-purification-filter-housing","14":"first","15":"instock","16":"shipping-taxable","17":"product-type-simple"},"_links":{"self":[{"href":"https:\/\/lyfilter.com\/pt\/wp-json\/wp\/v2\/product\/4473","targetHints":{"allow":["GET"]}}],"collection":[{"href":"https:\/\/lyfilter.com\/pt\/wp-json\/wp\/v2\/product"}],"about":[{"href":"https:\/\/lyfilter.com\/pt\/wp-json\/wp\/v2\/types\/product"}],"replies":[{"embeddable":true,"href":"https:\/\/lyfilter.com\/pt\/wp-json\/wp\/v2\/comments?post=4473"}],"wp:featuredmedia":[{"embeddable":true,"href":"https:\/\/lyfilter.com\/pt\/wp-json\/wp\/v2\/media\/4475"}],"wp:attachment":[{"href":"https:\/\/lyfilter.com\/pt\/wp-json\/wp\/v2\/media?parent=4473"}],"wp:term":[{"taxonomy":"product_brand","embeddable":true,"href":"https:\/\/lyfilter.com\/pt\/wp-json\/wp\/v2\/product_brand?post=4473"},{"taxonomy":"product_cat","embeddable":true,"href":"https:\/\/lyfilter.com\/pt\/wp-json\/wp\/v2\/product_cat?post=4473"},{"taxonomy":"product_tag","embeddable":true,"href":"https:\/\/lyfilter.com\/pt\/wp-json\/wp\/v2\/product_tag?post=4473"}],"curies":[{"name":"wp","href":"https:\/\/api.w.org\/{rel}","templated":true}]}}