{"id":4448,"date":"2026-04-04T10:02:01","date_gmt":"2026-04-04T10:02:01","guid":{"rendered":"https:\/\/lyfilter.com\/"},"modified":"2026-04-04T10:02:01","modified_gmt":"2026-04-04T10:02:01","slug":"lvyuan-pleated-sediment-filter-suppliers-for-sea-water","status":"publish","type":"product","link":"https:\/\/lyfilter.com\/pt\/lvyuan-pleated-sediment-filter-suppliers-for-sea-water\/","title":{"rendered":"Filtro de sedimento plissado Lvyuan Fornecedores para \u00e1gua do mar"},"content":{"rendered":"<p><b>Vantagens da empresa<\/b><br \/>\n<b>1.<\/b>\u00a0<a href=\"https:\/\/lyfilter.com\/pt\/pleated-filter-cartridge.html\/\">elemento filtrante plissado<\/a>\u00a0\u00e9 o modelo cl\u00e1ssico feito por Lvyuan Water Purification Equipment , que \u00e9 muito popular no mercado chin\u00eas. Ele tamb\u00e9m pode filtrar part\u00edculas, organismos microbianos, \u00f3xido f\u00e9rrico e outras impurezas<br \/>\n<b>2.<\/b>\u00a0A Guangzhou Lvyuan Water Purification Equipment Co., Ltd. considera que a diversidade, tal como a qualidade e o servi\u00e7o ao cliente, \u00e9 uma vantagem competitiva. O meio filtrante \u00e9 ligado termicamente para evitar a liberta\u00e7\u00e3o de fibras, ao mesmo tempo que proporciona taxas de fluxo consistentes<br \/>\n<b>3.<\/b>\u00a0O produto tem um ponto de fus\u00e3o fino. \u00c9 um material refrat\u00e1rio optimizado que pode impedir a sua rea\u00e7\u00e3o com os materiais fundidos. \u00c9 resistente \u00e0 putrefa\u00e7\u00e3o, \u00e1cidos e \u00e1lcalis, solventes org\u00e2nicos ou inorg\u00e2nicos<br \/>\n<b>4.<\/b>\u00a0Este produto oferece uma rigidez plana e uma resist\u00eancia \u00e0 flex\u00e3o. Ao empilhar mercadorias, mant\u00e9m-se est\u00e1vel desde que a carga limite n\u00e3o seja atingida. O design de gradiente graduado ajuda-o a evitar o entupimento r\u00e1pido<br \/>\n<b>5.<\/b>\u00a0O produto funciona de forma muito silenciosa. Comparado com as turbinas e\u00f3licas e os dispositivos hidroel\u00e9ctricos, que s\u00e3o incrivelmente ruidosos, n\u00e3o produz qualquer ru\u00eddo. N\u00e3o segrega material dissol\u00favel durante o funcionamento<\/p>\n<div class=\"pro_aliData\">\n<div class=\"detail-box\">\n<div class=\"scc-wrapper detail-module module-cspu\" data-module=\"cspu\"><\/div>\n<div class=\"scc-wrapper detail-module module-productPackagingAndQuickDetail\" data-spm=\"prilinga1e\">\n<div class=\"widget-detail-overview\">\n<div class=\"do-title\">Vis\u00e3o geral<\/div>\n<div id=\"car-parts-model\"><\/div>\n<div class=\"do-content\">\n<div class=\"do-overview\">\n<div class=\"do-entry do-entry-separate\">\n<div class=\"do-entry-title\">Detalhes r\u00e1pidos<\/div>\n<\/div>\n<\/div>\n<\/div>\n<\/div>\n<\/div>\n<\/div>\n<\/div>","protected":false},"excerpt":{"rendered":"<table>\n<thead>\n<tr>\n<th>Campo<\/th>\n<th>Valor<\/th>\n<th>Campo<\/th>\n<th>Valor<\/th>\n<\/tr>\n<\/thead>\n<tbody>\n<tr>\n<td>Servi\u00e7o p\u00f3s-garantia<\/td>\n<td>Apoio em linha<\/td>\n<td>Localiza\u00e7\u00e3o do servi\u00e7o local<\/td>\n<td>nenhum<\/td>\n<\/tr>\n<tr>\n<td>Localiza\u00e7\u00e3o da sala de exposi\u00e7\u00f5es<\/td>\n<td>nenhum<\/td>\n<td>Inspe\u00e7\u00e3o de sa\u00edda de v\u00eddeo<\/td>\n<td>Fornecido<\/td>\n<\/tr>\n<tr>\n<td>Relat\u00f3rio de ensaio de m\u00e1quinas<\/td>\n<td>N\u00e3o dispon\u00edvel<\/td>\n<td>Tipo de marketing<\/td>\n<td>Produto normal<\/td>\n<\/tr>\n<tr>\n<td>Garantia dos componentes principais<\/td>\n<td>N\u00e3o dispon\u00edvel<\/td>\n<td>Local de origem<\/td>\n<td>Guangdong, China<\/td>\n<\/tr>\n<tr>\n<td>Nome da marca<\/td>\n<td>Lvyuan \/ OEM<\/td>\n<td>Material<\/td>\n<td>Elemento de filtro plissado<\/td>\n<\/tr>\n<tr>\n<td>Peso<\/td>\n<td>depende<\/td>\n<td>Tamanho<\/td>\n<td>padr\u00e3o, personaliza\u00e7\u00e3o<\/td>\n<\/tr>\n<tr>\n<td>Pot\u00eancia<\/td>\n<td>0<\/td>\n<td>Garantia<\/td>\n<td>N\u00e3o dispon\u00edvel<\/td>\n<\/tr>\n<tr>\n<td>Nome do produto<\/td>\n<td>filtro de membrana pes<\/td>\n<td>Taxa de microns<\/td>\n<td>0,1, 0,5, 1, 5, 10 ~60um<\/td>\n<\/tr>\n<tr>\n<td>Material do cartucho plissado<\/td>\n<td>PP\/PTFE\/PES \/Nylon 6 \/PVDF<\/td>\n<td>Comprimento<\/td>\n<td>5\u2033, 10\u2033, 20\u2033, 30\u2033, 40\u2033, OEM<\/td>\n<\/tr>\n<tr>\n<td>Meios filtrantes<\/td>\n<td>Membrana de polietersulfona de elevada assimetria<\/td>\n<td>Tampa da extremidade<\/td>\n<td>DOE, 222+Fin, 222+Flat, 226+Fin, 226+Flat<\/td>\n<\/tr>\n<tr>\n<td>Material da junta\/anel<\/td>\n<td>Sil\u00edcio\/EPDM\/NBR\/Viton\/Te-lfon<\/td>\n<td>Utiliza\u00e7\u00e3o<\/td>\n<td>elementos filtrantes para l\u00edquidos, pe\u00e7as para filtros de \u00e1gua<\/td>\n<\/tr>\n<tr>\n<td>N\u00facleo interno<\/td>\n<td>PP \/ a\u00e7o inoxid\u00e1vel<\/td>\n<td>Certifica\u00e7\u00e3o<\/td>\n<td>SGS\/ISO9001<\/td>\n<\/tr>\n<tr>\n<td>Componentes principais<\/td>\n<td>elemento filtrante de cartucho<\/td>\n<td>Capacidade de fornecimento<\/td>\n<td>50000 pe\u00e7as\/pe\u00e7as por m\u00eas de elemento de filtro de \u00e1gua<\/td>\n<\/tr>\n<\/tbody>\n<\/table>","protected":false},"featured_media":4449,"comment_status":"open","ping_status":"closed","template":"","meta":{"_gspb_post_css":""},"product_brand":[],"product_cat":[21],"product_tag":[1534,1643,1645,1644,1544,1136],"class_list":{"0":"post-4448","1":"product","2":"type-product","3":"status-publish","4":"has-post-thumbnail","6":"product_cat-pleated-filter-cartridge","7":"product_tag-inversafilterpurification","8":"product_tag-lvyuan-pleated-sediment-filter","9":"product_tag-marine-water-treatment-filter","10":"product_tag-pleated-water-filter-supplier","11":"product_tag-sea-water-sediment-filter","12":"product_tag-water-filter-locks","14":"first","15":"instock","16":"shipping-taxable","17":"product-type-simple"},"_links":{"self":[{"href":"https:\/\/lyfilter.com\/pt\/wp-json\/wp\/v2\/product\/4448","targetHints":{"allow":["GET"]}}],"collection":[{"href":"https:\/\/lyfilter.com\/pt\/wp-json\/wp\/v2\/product"}],"about":[{"href":"https:\/\/lyfilter.com\/pt\/wp-json\/wp\/v2\/types\/product"}],"replies":[{"embeddable":true,"href":"https:\/\/lyfilter.com\/pt\/wp-json\/wp\/v2\/comments?post=4448"}],"wp:featuredmedia":[{"embeddable":true,"href":"https:\/\/lyfilter.com\/pt\/wp-json\/wp\/v2\/media\/4449"}],"wp:attachment":[{"href":"https:\/\/lyfilter.com\/pt\/wp-json\/wp\/v2\/media?parent=4448"}],"wp:term":[{"taxonomy":"product_brand","embeddable":true,"href":"https:\/\/lyfilter.com\/pt\/wp-json\/wp\/v2\/product_brand?post=4448"},{"taxonomy":"product_cat","embeddable":true,"href":"https:\/\/lyfilter.com\/pt\/wp-json\/wp\/v2\/product_cat?post=4448"},{"taxonomy":"product_tag","embeddable":true,"href":"https:\/\/lyfilter.com\/pt\/wp-json\/wp\/v2\/product_tag?post=4448"}],"curies":[{"name":"wp","href":"https:\/\/api.w.org\/{rel}","templated":true}]}}