{"id":4442,"date":"2026-04-04T09:59:24","date_gmt":"2026-04-04T09:59:24","guid":{"rendered":"https:\/\/lyfilter.com\/"},"modified":"2026-04-04T09:59:24","modified_gmt":"2026-04-04T09:59:24","slug":"factory-price-rv-water-carbon-filter-system-for-industry-water-treatment","status":"publish","type":"product","link":"https:\/\/lyfilter.com\/pt\/factory-price-rv-water-carbon-filter-system-for-industry-water-treatment\/","title":{"rendered":"Pre\u00e7o de F\u00e1brica Sistema de Filtro de Carbono para \u00c1gua de RV para Tratamento de \u00c1gua de Ind\u00fastria"},"content":{"rendered":"<p>Constru\u00eddo para o tratamento de \u00e1gua industrial, este sistema de filtro de carbono para autocaravanas permite um fluxo mais limpo, uma melhor redu\u00e7\u00e3o de odores e um desempenho di\u00e1rio fi\u00e1vel. O InversaFilterPurification oferece valor de pre\u00e7o de f\u00e1brica, qualidade duradoura e suporte pr\u00e1tico de filtragem.<\/p>","protected":false},"excerpt":{"rendered":"<table>\n<thead>\n<tr>\n<th>Campo<\/th>\n<th>Valor<\/th>\n<th>Campo<\/th>\n<th>Valor<\/th>\n<\/tr>\n<\/thead>\n<tbody>\n<tr>\n<td>Servi\u00e7o p\u00f3s-garantia<\/td>\n<td>Apoio em linha<\/td>\n<td>Localiza\u00e7\u00e3o do servi\u00e7o local<\/td>\n<td>nenhum<\/td>\n<\/tr>\n<tr>\n<td>Localiza\u00e7\u00e3o da sala de exposi\u00e7\u00f5es<\/td>\n<td>nenhum<\/td>\n<td>Local de origem<\/td>\n<td>Guangdong, China<\/td>\n<\/tr>\n<tr>\n<td>Nome da marca<\/td>\n<td>Lvyuan ou OEM\/ ODM<\/td>\n<td>Material<\/td>\n<td>carv\u00e3o de coco, carv\u00e3o de coco, carv\u00e3o de carv\u00e3o<\/td>\n<\/tr>\n<tr>\n<td>Peso<\/td>\n<td>personalizado<\/td>\n<td>Tamanho<\/td>\n<td>personalizado, personalizado<\/td>\n<\/tr>\n<tr>\n<td>Pot\u00eancia<\/td>\n<td>0<\/td>\n<td>Garantia<\/td>\n<td>N\u00e3o dispon\u00edvel<\/td>\n<\/tr>\n<tr>\n<td>Palavras-chave<\/td>\n<td>sistema de filtragem de carbono para autocaravanas<\/td>\n<td>Servi\u00e7o p\u00f3s-venda prestado<\/td>\n<td>Apoio em linha<\/td>\n<\/tr>\n<tr>\n<td>Carater\u00edstica<\/td>\n<td>eliminar odores, sedimentos, cheiros, etc.<\/td>\n<td>Aplica\u00e7\u00e3o<\/td>\n<td>Pr\u00e9-filtragem<\/td>\n<\/tr>\n<tr>\n<td>Cor<\/td>\n<td>Preto\/cinzento<\/td>\n<td>Tipo<\/td>\n<td>Pe\u00e7as para filtros de \u00e1gua<\/td>\n<\/tr>\n<tr>\n<td>Di\u00e2metro<\/td>\n<td>personalizado<\/td>\n<td>taxa de microns<\/td>\n<td>5\/10\/25 m\u00edcrones<\/td>\n<\/tr>\n<tr>\n<td>Capacidade de fornecimento<\/td>\n<td>500 pe\u00e7as\/pe\u00e7as por semana<\/td>\n<td><\/td>\n<td><\/td>\n<\/tr>\n<\/tbody>\n<\/table>","protected":false},"featured_media":4447,"comment_status":"open","ping_status":"closed","template":"","meta":{"_gspb_post_css":""},"product_brand":[],"product_cat":[1339],"product_tag":[1642,1075,856,1534,1641,1136],"class_list":{"0":"post-4442","1":"product","2":"type-product","3":"status-publish","4":"has-post-thumbnail","6":"product_cat-carbon-filter","7":"product_tag-carbon-filter-system","8":"product_tag-factory-price-water-filter","9":"product_tag-industrial-water-treatment-filter","10":"product_tag-inversafilterpurification","11":"product_tag-rv-water-carbon-filter-system","12":"product_tag-water-filter-locks","14":"first","15":"instock","16":"shipping-taxable","17":"product-type-simple"},"_links":{"self":[{"href":"https:\/\/lyfilter.com\/pt\/wp-json\/wp\/v2\/product\/4442","targetHints":{"allow":["GET"]}}],"collection":[{"href":"https:\/\/lyfilter.com\/pt\/wp-json\/wp\/v2\/product"}],"about":[{"href":"https:\/\/lyfilter.com\/pt\/wp-json\/wp\/v2\/types\/product"}],"replies":[{"embeddable":true,"href":"https:\/\/lyfilter.com\/pt\/wp-json\/wp\/v2\/comments?post=4442"}],"wp:featuredmedia":[{"embeddable":true,"href":"https:\/\/lyfilter.com\/pt\/wp-json\/wp\/v2\/media\/4447"}],"wp:attachment":[{"href":"https:\/\/lyfilter.com\/pt\/wp-json\/wp\/v2\/media?parent=4442"}],"wp:term":[{"taxonomy":"product_brand","embeddable":true,"href":"https:\/\/lyfilter.com\/pt\/wp-json\/wp\/v2\/product_brand?post=4442"},{"taxonomy":"product_cat","embeddable":true,"href":"https:\/\/lyfilter.com\/pt\/wp-json\/wp\/v2\/product_cat?post=4442"},{"taxonomy":"product_tag","embeddable":true,"href":"https:\/\/lyfilter.com\/pt\/wp-json\/wp\/v2\/product_tag?post=4442"}],"curies":[{"name":"wp","href":"https:\/\/api.w.org\/{rel}","templated":true}]}}