{"id":4429,"date":"2026-04-04T09:53:46","date_gmt":"2026-04-04T09:53:46","guid":{"rendered":"https:\/\/lyfilter.com\/"},"modified":"2026-04-04T09:53:47","modified_gmt":"2026-04-04T09:53:47","slug":"20-inch-water-filter-housing-oem-lvyuan-by-lvyuan-filter","status":"publish","type":"product","link":"https:\/\/lyfilter.com\/pt\/20-inch-water-filter-housing-oem-lvyuan-by-lvyuan-filter\/","title":{"rendered":"Carca\u00e7a de filtro de \u00e1gua de 20 polegadas OEM\/Lvyuan por Lvyuan Filter"},"content":{"rendered":"<p><b>Vantagens da empresa<\/b><\/p>\n<p>- 20 polegadas\u00a0<a href=\"https:\/\/lyfilter.com\/pt\/stainless-steel-filter-housing.html\/\">caixa do filtro de \u00e1gua<\/a>\u00a0ir\u00e1 impressionar os utilizadores com carater\u00edsticas atraentes e estilos distintos.<\/p>\n<p>- Todos os aspectos do produto s\u00e3o rigorosamente testados para cumprir as normas de qualidade internacionais.<\/p>\n<p>- Guangzhou Lvyuan Water Purification Equipment Co., Ltd. cresceu significativamente e ganhou uma reputa\u00e7\u00e3o de lideran\u00e7a, qualidade e integridade no seu respetivo dom\u00ednio.<\/p>\n<p>&nbsp;<\/p>\n<p><strong>Sistema de filtragem m\u00f3vel em a\u00e7o inoxid\u00e1vel<\/strong><\/p>\n<p>O equipamento do sistema de filtro de mangas m\u00f3vel produzido pela Guangzhou Lvyuan inclui um filtro de mangas padr\u00e3o (40AM, 80AM, 40AST, 840AST), bomba pneum\u00e1tica de diafragma de c\u00e2mara dupla Wei Li ou Wilden PW25\/50, caixa de interruptores de controlo, O tubo exterior de recolha DN25, DN50 de sa\u00edda est\u00e1 ligado, e a flange do tubo exterior de recolha DN25, DN50 de entrada ou o dispositivo de liga\u00e7\u00e3o do fio exterior est\u00e1 instalado na plataforma de instala\u00e7\u00e3o do carrinho. Pode ser movido livremente para qualquer linha de produ\u00e7\u00e3o de trabalho com instala\u00e7\u00e3o fixa de um passo para filtra\u00e7\u00e3o.<\/p>","protected":false},"excerpt":{"rendered":"<table>\n<thead>\n<tr>\n<th>Campo<\/th>\n<th>Valor<\/th>\n<\/tr>\n<\/thead>\n<tbody>\n<tr>\n<td>Porto de in\u00edcio<\/td>\n<td>Guangzhou<\/td>\n<\/tr>\n<tr>\n<td>Capacidade de produ\u00e7\u00e3o<\/td>\n<td>10000 unidades\/m\u00eas<\/td>\n<\/tr>\n<tr>\n<td>Pagamento<\/td>\n<td>T\/T, Garantia de com\u00e9rcio de Alibaba<\/td>\n<\/tr>\n<tr>\n<td>Marca<\/td>\n<td>OEM\/Lvyuan<\/td>\n<\/tr>\n<\/tbody>\n<\/table>","protected":false},"featured_media":4435,"comment_status":"open","ping_status":"closed","template":"","meta":{"_gspb_post_css":""},"product_brand":[],"product_cat":[15],"product_tag":[1634,1636,1534,1186,1635,1136],"class_list":{"0":"post-4429","1":"product","2":"type-product","3":"status-publish","4":"has-post-thumbnail","6":"product_cat-stainless-steel-filter-housing","7":"product_tag-20-inch-water-filter-housing","8":"product_tag-filter-housing-for-water-system","9":"product_tag-inversafilterpurification","10":"product_tag-lvyuan-filter-housing","11":"product_tag-water-filter-housing-oem","12":"product_tag-water-filter-locks","14":"first","15":"instock","16":"shipping-taxable","17":"product-type-simple"},"_links":{"self":[{"href":"https:\/\/lyfilter.com\/pt\/wp-json\/wp\/v2\/product\/4429","targetHints":{"allow":["GET"]}}],"collection":[{"href":"https:\/\/lyfilter.com\/pt\/wp-json\/wp\/v2\/product"}],"about":[{"href":"https:\/\/lyfilter.com\/pt\/wp-json\/wp\/v2\/types\/product"}],"replies":[{"embeddable":true,"href":"https:\/\/lyfilter.com\/pt\/wp-json\/wp\/v2\/comments?post=4429"}],"wp:featuredmedia":[{"embeddable":true,"href":"https:\/\/lyfilter.com\/pt\/wp-json\/wp\/v2\/media\/4435"}],"wp:attachment":[{"href":"https:\/\/lyfilter.com\/pt\/wp-json\/wp\/v2\/media?parent=4429"}],"wp:term":[{"taxonomy":"product_brand","embeddable":true,"href":"https:\/\/lyfilter.com\/pt\/wp-json\/wp\/v2\/product_brand?post=4429"},{"taxonomy":"product_cat","embeddable":true,"href":"https:\/\/lyfilter.com\/pt\/wp-json\/wp\/v2\/product_cat?post=4429"},{"taxonomy":"product_tag","embeddable":true,"href":"https:\/\/lyfilter.com\/pt\/wp-json\/wp\/v2\/product_tag?post=4429"}],"curies":[{"name":"wp","href":"https:\/\/api.w.org\/{rel}","templated":true}]}}