{"id":4427,"date":"2026-04-04T09:47:11","date_gmt":"2026-04-04T09:47:11","guid":{"rendered":"https:\/\/lyfilter.com\/"},"modified":"2026-04-04T09:47:11","modified_gmt":"2026-04-04T09:47:11","slug":"low-cost-seawater-desalination-plant-for-boat-on-sailing","status":"publish","type":"product","link":"https:\/\/lyfilter.com\/pt\/low-cost-seawater-desalination-plant-for-boat-on-sailing\/","title":{"rendered":"Usina de dessaliniza\u00e7\u00e3o de \u00e1gua do mar de baixo custo para barco \u00e0 vela"},"content":{"rendered":"<p>Capacidade: 5000LPD a 100000LPD<br \/>\nTDS: 800ppm<br \/>\n\u00c1gua pot\u00e1vel adequada para resid\u00eancias ou navios de mar<\/p>\n<div id=\"J-rich-text-description\">\n<p>- Introdu\u00e7\u00e3o \u00e0 gera\u00e7\u00e3o<\/p>\n<p>Os equipamentos de dessaliniza\u00e7\u00e3o de \u00e1gua do mar de pequena e m\u00e9dia capacidade da s\u00e9rie LY-FSHB s\u00e3o adequados para ilhas, navios de mar, esta\u00e7\u00f5es e cidades costeiras. Removem eficazmente o sal n\u00e3o org\u00e2nico, minerais, v\u00edrus org\u00e2nicos e bact\u00e9rias, revertem a \u00e1gua do mar para \u00e1gua pot\u00e1vel, aplicando a tecnologia avan\u00e7ada de osmose inversa. A \u00e1gua pot\u00e1vel do produto \u00e9 adequada para consumo humano ou irriga\u00e7\u00e3o.<\/p>\n<p>&nbsp;<\/p>\n<p>- Breve processo<\/p>\n<p>\u00c1gua do mar \u2192 reservat\u00f3rio de \u00e1gua\u2192 bomba de refor\u00e7o\u2192 filtro mec\u00e2nico \u2192 filtro de seguran\u00e7a\u2192 bomba de alta press\u00e3o \u2192 m\u00f3dulos de membrana RO de dessaliniza\u00e7\u00e3o da \u00e1gua do mar \u2192 reservat\u00f3rio de \u00e1gua pot\u00e1vel<\/p>\n<p>&nbsp;<\/p>\n<p>- Vantagem<\/p>\n<p>&nbsp;<\/p>\n<p>Este equipamento de \u00e1gua adapta a membrana de osmose inversa de dessaliniza\u00e7\u00e3o de \u00e1gua do mar da Am\u00e9rica DOW, que tem uma elevada taxa de dessaliniza\u00e7\u00e3o e um desempenho est\u00e1vel e seguro. A bomba de alta press\u00e3o RO, que tem prote\u00e7\u00e3o de alta e baixa press\u00e3o da m\u00e1quina, \u00e9 de marca e \u00e9 usada especialmente para dessaliniza\u00e7\u00e3o de \u00e1gua do mar. Este dispositivo pode garantir a seguran\u00e7a de toda a m\u00e1quina. A \u00e1gua pot\u00e1vel produzida por esta m\u00e1quina \u00e9 clara e n\u00e3o tem produtos qu\u00edmicos e podemos beb\u00ea-la diretamente.<\/p>\n<p>Esta m\u00e1quina foi concebida com dimens\u00f5es reduzidas, \u00e9 leve, conveniente para instala\u00e7\u00e3o e adapta\u00e7\u00e3o. \u00c9 f\u00e1cil de operar e de manter.<\/p>\n<p>&nbsp;<\/p>\n<\/div>","protected":false},"excerpt":{"rendered":"<table>\n<thead>\n<tr>\n<th>Campo<\/th>\n<th>Valor<\/th>\n<\/tr>\n<\/thead>\n<tbody>\n<tr>\n<td>Sectores aplic\u00e1veis<\/td>\n<td>F\u00e1brica de produtos alimentares e bebidas, Obras de constru\u00e7\u00e3o, Lojas de produtos alimentares e bebidas<\/td>\n<\/tr>\n<tr>\n<td>Servi\u00e7o p\u00f3s-garantia<\/td>\n<td>Apoio em linha<\/td>\n<\/tr>\n<tr>\n<td>Localiza\u00e7\u00e3o do servi\u00e7o local<\/td>\n<td>nenhum<\/td>\n<\/tr>\n<tr>\n<td>Localiza\u00e7\u00e3o da sala de exposi\u00e7\u00f5es<\/td>\n<td>nenhum<\/td>\n<\/tr>\n<tr>\n<td>Inspe\u00e7\u00e3o de sa\u00edda de v\u00eddeo<\/td>\n<td>Fornecido<\/td>\n<\/tr>\n<tr>\n<td>Relat\u00f3rio de ensaio de m\u00e1quinas<\/td>\n<td>Fornecido<\/td>\n<\/tr>\n<tr>\n<td>Tipo de marketing<\/td>\n<td>Produto normal<\/td>\n<\/tr>\n<tr>\n<td>Garantia dos componentes principais<\/td>\n<td>1 ano<\/td>\n<\/tr>\n<tr>\n<td>Componentes principais<\/td>\n<td>Recipiente sob press\u00e3o, Motor<\/td>\n<\/tr>\n<tr>\n<td>Local de origem<\/td>\n<td>Guangdong, China<\/td>\n<\/tr>\n<tr>\n<td>Nome da marca<\/td>\n<td>Lvyuan\/OEM<\/td>\n<\/tr>\n<tr>\n<td>Garantia<\/td>\n<td>1 ano<\/td>\n<\/tr>\n<tr>\n<td>Servi\u00e7o p\u00f3s-venda prestado<\/td>\n<td>Apoio em linha<\/td>\n<\/tr>\n<tr>\n<td>tipo1<\/td>\n<td>dessaliniza\u00e7\u00e3o da \u00e1gua do mar<\/td>\n<\/tr>\n<tr>\n<td>tipo2<\/td>\n<td>dessaliniza\u00e7\u00e3o de \u00e1guas amargas<\/td>\n<\/tr>\n<tr>\n<td>tipo3<\/td>\n<td>sistema de purifica\u00e7\u00e3o de \u00e1gua ro<\/td>\n<\/tr>\n<tr>\n<td>taxa de \u00e1gua<\/td>\n<td>5000LPD-100000LPD<\/td>\n<\/tr>\n<tr>\n<td>taxa de dessaliniza\u00e7\u00e3o<\/td>\n<td>98%<\/td>\n<\/tr>\n<tr>\n<td>press\u00e3o de trabalho<\/td>\n<td>3,5-6,5MPa<\/td>\n<\/tr>\n<tr>\n<td>utiliza\u00e7\u00e3o<\/td>\n<td>fabrico de \u00e1gua pura para navio \u00e0 vela<\/td>\n<\/tr>\n<tr>\n<td>processo principal<\/td>\n<td>membrana de osmose inversa<\/td>\n<\/tr>\n<tr>\n<td>esteriliza\u00e7\u00e3o<\/td>\n<td>Esterilizador UV<\/td>\n<\/tr>\n<tr>\n<td>utiliza\u00e7\u00e3o2<\/td>\n<td>dessaliniza\u00e7\u00e3o da \u00e1gua do mar para embarca\u00e7\u00f5es<\/td>\n<\/tr>\n<tr>\n<td>Capacidade de fornecimento<\/td>\n<td>5 s\u00e9ries\/sets por semana<\/td>\n<\/tr>\n<\/tbody>\n<\/table>","protected":false},"featured_media":4428,"comment_status":"open","ping_status":"closed","template":"","meta":{"_gspb_post_css":""},"product_brand":[],"product_cat":[1628],"product_tag":[1630,1534,1629,1632,1631,1633],"class_list":{"0":"post-4427","1":"product","2":"type-product","3":"status-publish","4":"has-post-thumbnail","6":"product_cat-seawater-desalination-plant","7":"product_tag-boat-desalination-system","8":"product_tag-inversafilterpurification","9":"product_tag-low-cost-seawater-desalination-plant","10":"product_tag-marine-water-purification","11":"product_tag-sailing-water-maker","12":"product_tag-seawater-treatment-system","14":"first","15":"instock","16":"shipping-taxable","17":"product-type-simple"},"_links":{"self":[{"href":"https:\/\/lyfilter.com\/pt\/wp-json\/wp\/v2\/product\/4427","targetHints":{"allow":["GET"]}}],"collection":[{"href":"https:\/\/lyfilter.com\/pt\/wp-json\/wp\/v2\/product"}],"about":[{"href":"https:\/\/lyfilter.com\/pt\/wp-json\/wp\/v2\/types\/product"}],"replies":[{"embeddable":true,"href":"https:\/\/lyfilter.com\/pt\/wp-json\/wp\/v2\/comments?post=4427"}],"wp:featuredmedia":[{"embeddable":true,"href":"https:\/\/lyfilter.com\/pt\/wp-json\/wp\/v2\/media\/4428"}],"wp:attachment":[{"href":"https:\/\/lyfilter.com\/pt\/wp-json\/wp\/v2\/media?parent=4427"}],"wp:term":[{"taxonomy":"product_brand","embeddable":true,"href":"https:\/\/lyfilter.com\/pt\/wp-json\/wp\/v2\/product_brand?post=4427"},{"taxonomy":"product_cat","embeddable":true,"href":"https:\/\/lyfilter.com\/pt\/wp-json\/wp\/v2\/product_cat?post=4427"},{"taxonomy":"product_tag","embeddable":true,"href":"https:\/\/lyfilter.com\/pt\/wp-json\/wp\/v2\/product_tag?post=4427"}],"curies":[{"name":"wp","href":"https:\/\/api.w.org\/{rel}","templated":true}]}}