{"id":4414,"date":"2026-04-04T09:24:35","date_gmt":"2026-04-04T09:24:35","guid":{"rendered":"https:\/\/lyfilter.com\/"},"modified":"2026-05-08T01:28:26","modified_gmt":"2026-05-08T01:28:26","slug":"water-filter-housing-blue-ro-filter-housing-10-20-for-water-system","status":"publish","type":"product","link":"https:\/\/lyfilter.com\/pt\/water-filter-housing-blue-ro-filter-housing-10-20-for-water-system\/","title":{"rendered":"Caixa de filtro de \u00e1gua azul\/ Caixa de filtro RO 10\u201d 20\u201d para sistema de \u00e1gua"},"content":{"rendered":"<p>Esta caixa de filtro de \u00e1gua azul foi concebida para uma filtragem fi\u00e1vel, proporcionando ao seu sistema de \u00e1gua um ajuste seguro e um fluxo constante. InversaFilterPurification oferece op\u00e7\u00f5es de 10 e 20 polegadas que s\u00e3o f\u00e1ceis de combinar com diferentes configura\u00e7\u00f5es.<\/p>","protected":false},"excerpt":{"rendered":"<table>\n<thead>\n<tr>\n<th>Campo<\/th>\n<th>Valor<\/th>\n<\/tr>\n<\/thead>\n<tbody>\n<tr>\n<td>Sectores aplic\u00e1veis<\/td>\n<td>Hot\u00e9is, f\u00e1bricas de alimentos e bebidas, uso dom\u00e9stico, tratamento de \u00e1gua<\/td>\n<\/tr>\n<tr>\n<td>Local de origem<\/td>\n<td>Guangdong, China<\/td>\n<\/tr>\n<tr>\n<td>Nome da marca<\/td>\n<td>Lvyuan,OEM,ODM<\/td>\n<\/tr>\n<tr>\n<td>Material<\/td>\n<td>pp<\/td>\n<\/tr>\n<tr>\n<td>Peso<\/td>\n<td>personalizado<\/td>\n<\/tr>\n<tr>\n<td>Tamanho<\/td>\n<td>personalizado<\/td>\n<\/tr>\n<tr>\n<td>Pot\u00eancia<\/td>\n<td>personalizado<\/td>\n<\/tr>\n<tr>\n<td>Garantia<\/td>\n<td>N\u00e3o dispon\u00edvel<\/td>\n<\/tr>\n<tr>\n<td>Carater\u00edstica<\/td>\n<td>purifica\u00e7\u00e3o de l\u00edquidos<\/td>\n<\/tr>\n<tr>\n<td>Comprimento<\/td>\n<td>10 polegadas<\/td>\n<\/tr>\n<tr>\n<td>Certifica\u00e7\u00e3o<\/td>\n<td>SGS<\/td>\n<\/tr>\n<tr>\n<td>Forma<\/td>\n<td>cilindro<\/td>\n<\/tr>\n<tr>\n<td>Utiliza\u00e7\u00e3o<\/td>\n<td>tratamento da \u00e1gua<\/td>\n<\/tr>\n<tr>\n<td>Aplica\u00e7\u00e3o<\/td>\n<td>ind\u00fastria, sector dom\u00e9stico<\/td>\n<\/tr>\n<tr>\n<td>Mat\u00e9ria-prima<\/td>\n<td>pp<\/td>\n<\/tr>\n<tr>\n<td>estilo<\/td>\n<td>barato<\/td>\n<\/tr>\n<tr>\n<td>cor<\/td>\n<td>Azul e transparente<\/td>\n<\/tr>\n<tr>\n<td>OD<\/td>\n<td>185 mm<\/td>\n<\/tr>\n<tr>\n<td>Servi\u00e7o p\u00f3s-venda prestado<\/td>\n<td>Apoio em linha<\/td>\n<\/tr>\n<tr>\n<td>Capacidade de fornecimento<\/td>\n<td>500 pe\u00e7as\/pe\u00e7as por dia<\/td>\n<\/tr>\n<\/tbody>\n<\/table>","protected":false},"featured_media":4415,"comment_status":"open","ping_status":"closed","template":"","meta":{"_gspb_post_css":""},"product_brand":[],"product_cat":[1304],"product_tag":[1625,1594,1623,1534,1624,1136],"class_list":{"0":"post-4414","1":"product","2":"type-product","3":"status-publish","4":"has-post-thumbnail","6":"product_cat-10-inch-filter-housing","7":"product_tag-10-inch-water-filter-housing","8":"product_tag-20-inch-filter-housing","9":"product_tag-blue-water-filter-housing","10":"product_tag-inversafilterpurification","11":"product_tag-ro-filter-housing","12":"product_tag-water-filter-locks","14":"first","15":"instock","16":"shipping-taxable","17":"product-type-simple"},"_links":{"self":[{"href":"https:\/\/lyfilter.com\/pt\/wp-json\/wp\/v2\/product\/4414","targetHints":{"allow":["GET"]}}],"collection":[{"href":"https:\/\/lyfilter.com\/pt\/wp-json\/wp\/v2\/product"}],"about":[{"href":"https:\/\/lyfilter.com\/pt\/wp-json\/wp\/v2\/types\/product"}],"replies":[{"embeddable":true,"href":"https:\/\/lyfilter.com\/pt\/wp-json\/wp\/v2\/comments?post=4414"}],"wp:featuredmedia":[{"embeddable":true,"href":"https:\/\/lyfilter.com\/pt\/wp-json\/wp\/v2\/media\/4415"}],"wp:attachment":[{"href":"https:\/\/lyfilter.com\/pt\/wp-json\/wp\/v2\/media?parent=4414"}],"wp:term":[{"taxonomy":"product_brand","embeddable":true,"href":"https:\/\/lyfilter.com\/pt\/wp-json\/wp\/v2\/product_brand?post=4414"},{"taxonomy":"product_cat","embeddable":true,"href":"https:\/\/lyfilter.com\/pt\/wp-json\/wp\/v2\/product_cat?post=4414"},{"taxonomy":"product_tag","embeddable":true,"href":"https:\/\/lyfilter.com\/pt\/wp-json\/wp\/v2\/product_tag?post=4414"}],"curies":[{"name":"wp","href":"https:\/\/api.w.org\/{rel}","templated":true}]}}