{"id":4397,"date":"2026-04-04T09:06:52","date_gmt":"2026-04-04T09:06:52","guid":{"rendered":"https:\/\/lyfilter.com\/"},"modified":"2026-04-04T09:06:52","modified_gmt":"2026-04-04T09:06:52","slug":"best-price-pp-melt-blown-filter-cartridge-with-custom-services-for-water-purifier","status":"publish","type":"product","link":"https:\/\/lyfilter.com\/pt\/best-price-pp-melt-blown-filter-cartridge-with-custom-services-for-water-purifier\/","title":{"rendered":"Melhor pre\u00e7o PP Melt Blown cartucho de filtro com servi\u00e7os personalizados para purificador de \u00e1gua"},"content":{"rendered":"<p><b>Vantagens da empresa<\/b><br \/>\n<b>1.<\/b>\u00a0A conce\u00e7\u00e3o de\u00a0<a href=\"https:\/\/lyfilter.com\/pt\/\">Filtro Lvyuan<\/a>\u00a0\u00e9 rigorosamente conduzida. \u00c9 realizado pelos nossos designers que t\u00eam em grande considera\u00e7\u00e3o a seguran\u00e7a das pe\u00e7as e componentes, a seguran\u00e7a de toda a m\u00e1quina, a seguran\u00e7a de funcionamento e a seguran\u00e7a ambiental. Tem uma maior capacidade de reten\u00e7\u00e3o de sujidade e uma vida \u00fatil mais longa<br \/>\n<b>2.<\/b>\u00a0Desde a sua cria\u00e7\u00e3o, a Guangzhou Lvyuan Water Purification Equipment Co., Ltd. tem recebido elogios de muitos utilizadores. O anel de veda\u00e7\u00e3o em forma de estrela faz com que o\u00a0<a href=\"https:\/\/lyfilter.com\/pt\/products.html\/\">elemento filtrante<\/a>\u00a0f\u00e1cil de desmontar e manter<br \/>\n<b>3.<\/b>\u00a0O produto possui uma excelente veda\u00e7\u00e3o. Os seus componentes e pe\u00e7as de precis\u00e3o est\u00e3o protegidos por uma caixa de prote\u00e7\u00e3o para evitar o impacto acidental e a deposi\u00e7\u00e3o de poeiras. \u00c9 fornecido com uma vasta gama de comprimentos para caixas standard e de fluxo total<\/p>","protected":false},"excerpt":{"rendered":"<table>\n<thead>\n<tr>\n<th>Campo<\/th>\n<th>Valor<\/th>\n<\/tr>\n<\/thead>\n<tbody>\n<tr>\n<td>Sectores aplic\u00e1veis<\/td>\n<td>F\u00e1brica de produ\u00e7\u00e3o, F\u00e1brica de alimentos e bebidas, Uso dom\u00e9stico, tratamento de \u00e1gua<\/td>\n<\/tr>\n<tr>\n<td>Local de origem<\/td>\n<td>Guangdong, China<\/td>\n<\/tr>\n<tr>\n<td>Nome da marca<\/td>\n<td>Lvyuan, OEM, ODM<\/td>\n<\/tr>\n<tr>\n<td>Material<\/td>\n<td>pp<\/td>\n<\/tr>\n<tr>\n<td>Peso<\/td>\n<td>personalizado<\/td>\n<\/tr>\n<tr>\n<td>Tamanho<\/td>\n<td>personalizado, slim, jumbo<\/td>\n<\/tr>\n<tr>\n<td>Pot\u00eancia<\/td>\n<td>0<\/td>\n<\/tr>\n<tr>\n<td>Garantia<\/td>\n<td>N\u00e3o dispon\u00edvel<\/td>\n<\/tr>\n<tr>\n<td>Carater\u00edstica<\/td>\n<td>tamanho e log\u00f3tipo personalizados em a\u00e7o<\/td>\n<\/tr>\n<tr>\n<td>Certifica\u00e7\u00e3o<\/td>\n<td>SGS<\/td>\n<\/tr>\n<tr>\n<td>Forma<\/td>\n<td>cilindro<\/td>\n<\/tr>\n<tr>\n<td>Utiliza\u00e7\u00e3o<\/td>\n<td>tratamento da \u00e1gua<\/td>\n<\/tr>\n<tr>\n<td>Aplica\u00e7\u00e3o<\/td>\n<td>setorial<\/td>\n<\/tr>\n<tr>\n<td>Cor<\/td>\n<td>branco<\/td>\n<\/tr>\n<tr>\n<td>Embalagem<\/td>\n<td>caixa de papel<\/td>\n<\/tr>\n<tr>\n<td>Mat\u00e9ria-prima<\/td>\n<td>fibra pp<\/td>\n<\/tr>\n<tr>\n<td>Apar\u00eancia<\/td>\n<td>em relevo, brilhante, etc.<\/td>\n<\/tr>\n<tr>\n<td>Servi\u00e7o p\u00f3s-venda prestado<\/td>\n<td>Apoio em linha<\/td>\n<\/tr>\n<tr>\n<td>Capacidade de fornecimento<\/td>\n<td>5000 pe\u00e7as\/pe\u00e7as por semana<\/td>\n<\/tr>\n<\/tbody>\n<\/table>","protected":false},"featured_media":4404,"comment_status":"open","ping_status":"closed","template":"","meta":{"_gspb_post_css":""},"product_brand":[],"product_cat":[23],"product_tag":[665,1534,768,325,1613,1165],"class_list":{"0":"post-4397","1":"product","2":"type-product","3":"status-publish","4":"has-post-thumbnail","6":"product_cat-pp-filter-cartridge","7":"product_tag-custom-water-filter-cartridge","8":"product_tag-inversafilterpurification","9":"product_tag-pp-melt-blown-filter-cartridge","10":"product_tag-sediment-filter-cartridge","11":"product_tag-water-filtration-solution","12":"product_tag-water-purifier-filter","14":"first","15":"instock","16":"shipping-taxable","17":"product-type-simple"},"_links":{"self":[{"href":"https:\/\/lyfilter.com\/pt\/wp-json\/wp\/v2\/product\/4397","targetHints":{"allow":["GET"]}}],"collection":[{"href":"https:\/\/lyfilter.com\/pt\/wp-json\/wp\/v2\/product"}],"about":[{"href":"https:\/\/lyfilter.com\/pt\/wp-json\/wp\/v2\/types\/product"}],"replies":[{"embeddable":true,"href":"https:\/\/lyfilter.com\/pt\/wp-json\/wp\/v2\/comments?post=4397"}],"wp:featuredmedia":[{"embeddable":true,"href":"https:\/\/lyfilter.com\/pt\/wp-json\/wp\/v2\/media\/4404"}],"wp:attachment":[{"href":"https:\/\/lyfilter.com\/pt\/wp-json\/wp\/v2\/media?parent=4397"}],"wp:term":[{"taxonomy":"product_brand","embeddable":true,"href":"https:\/\/lyfilter.com\/pt\/wp-json\/wp\/v2\/product_brand?post=4397"},{"taxonomy":"product_cat","embeddable":true,"href":"https:\/\/lyfilter.com\/pt\/wp-json\/wp\/v2\/product_cat?post=4397"},{"taxonomy":"product_tag","embeddable":true,"href":"https:\/\/lyfilter.com\/pt\/wp-json\/wp\/v2\/product_tag?post=4397"}],"curies":[{"name":"wp","href":"https:\/\/api.w.org\/{rel}","templated":true}]}}