{"id":4384,"date":"2026-04-04T08:58:10","date_gmt":"2026-04-04T08:58:10","guid":{"rendered":"https:\/\/lyfilter.com\/"},"modified":"2026-04-04T08:58:10","modified_gmt":"2026-04-04T08:58:10","slug":"lvyuan-filter-pp-sediment-filter-with-good-price-for-water","status":"publish","type":"product","link":"https:\/\/lyfilter.com\/pt\/lvyuan-filter-pp-sediment-filter-with-good-price-for-water\/","title":{"rendered":"Filtro de sedimentos PP da Lvyuan Filter com bom pre\u00e7o para \u00e1gua"},"content":{"rendered":"<p><b>Vantagens da empresa<\/b><br \/>\n<b>1.<\/b>\u00a0<a href=\"https:\/\/lyfilter.com\/pt\/\">Filtro Lvyuan<\/a>\u00a0\u00e9 constru\u00eddo ao abrigo de um processo de produ\u00e7\u00e3o sofisticado. Tem de ser forjado, prensado, soldado, processado mecanicamente, limpo, revestido, etc. Sendo termicamente soldadas, as suas tampas n\u00e3o s\u00e3o suscept\u00edveis de rachar ou cair<br \/>\n<b>2.<\/b>\u00a0O produto tem uma grande variedade de aplica\u00e7\u00f5es para as quais \u00e9 adequado. \u00c9 fabricado em polipropileno 100%<br \/>\n<b>3.<\/b>\u00a0Este produto tem um baixo consumo de energia. Quando n\u00e3o est\u00e1 a funcionar, pode ficar automaticamente em modo de espera para ajudar a minimizar o consumo de energia. Pode fornecer an\u00e1lises e resultados precisos para aplica\u00e7\u00f5es sens\u00edveis de cromatografia i\u00f3nica<br \/>\n<b>4.<\/b>\u00a0Este produto tem as carater\u00edsticas de um funcionamento est\u00e1vel e fi\u00e1vel. Mant\u00e9m o n\u00edvel mais elevado sem interrup\u00e7\u00f5es. Oferece uma excelente filtragem e uma boa estabilidade t\u00e9rmica<br \/>\n<b>5.<\/b>\u00a0A estrutura do produto \u00e9 est\u00e1vel. Os seus componentes mec\u00e2nicos s\u00e3o concebidos para serem r\u00edgidos e robustos para suportar as pe\u00e7as m\u00f3veis. Tamb\u00e9m pode filtrar part\u00edculas, organismos microbianos, \u00f3xido f\u00e9rrico e outras impurezas<\/p>\n<p>&nbsp;<\/p>\n<h3 class=\"do-entry-title\">Embalagem e entrega<\/h3>\n<div class=\"do-entry-list\">\n<dl class=\"do-entry-item\">\n<dt class=\"do-entry-item-key\">Unidades de venda:<\/dt>\n<dd class=\"do-entry-item-val\">Artigo \u00fanico<\/dd>\n<\/dl>\n<dl class=\"do-entry-item\">\n<dt class=\"do-entry-item-key\" title=\"Tamanho da embalagem individual:\">Tamanho da embalagem individual:<\/dt>\n<dd class=\"do-entry-item-val\">20X20X10 cm<\/dd>\n<\/dl>\n<dl class=\"do-entry-item\">\n<dt class=\"do-entry-item-key\" title=\"Peso bruto \u00fanico:\">Peso bruto \u00fanico:<\/dt>\n<dd class=\"do-entry-item-val\">1.000 kg<\/dd>\n<\/dl>\n<dl class=\"do-entry-item\">\n<dt class=\"do-entry-item-key\">Tipo de embalagem:<\/dt>\n<dd class=\"do-entry-item-val pkg-method\">Filtro de p\u00f3 de 40 m\u00edcrons de a\u00e7o inoxid\u00e1vel SS304 316 \/ filtro de vela de metal sinterizado para sistema de filtragem de g\u00e1s: Embalagem individual (caixa interior)<\/dd>\n<\/dl>\n<dl class=\"do-entry-item\">\n<dt class=\"do-entry-item-key\" title=\"Prazo de execu\u00e7\u00e3o\">Prazo de execu\u00e7\u00e3o\u00a0<i class=\"next-icon next-icon-help next-icon-xs js-leadtimes-tips\"><\/i>:<\/dt>\n<dd class=\"do-entry-item-val\" title=\"Prazo de execu\u00e7\u00e3o\">\n<div class=\"table-responsive\">\n<table class=\"supply-ability-table ui2-table ui2-table-normal ui2-table-zebra ui2-table-hover\">\n<tbody>\n<tr>\n<td>Quantidade (pe\u00e7as)<\/td>\n<td>1 - 100<\/td>\n<td>&gt;100<\/td>\n<\/tr>\n<tr>\n<td>Est. Tempo (dias)<\/td>\n<td>10<\/td>\n<td>A ser negociado<\/td>\n<\/tr>\n<\/tbody>\n<\/table>\n<\/div>\n<\/dd>\n<\/dl>\n<\/div>","protected":false},"excerpt":{"rendered":"<table>\n<thead>\n<tr>\n<th>Campo<\/th>\n<th>Valor<\/th>\n<\/tr>\n<\/thead>\n<tbody>\n<tr>\n<td>Sectores aplic\u00e1veis<\/td>\n<td>Lojas de alimentos e bebidas<\/td>\n<\/tr>\n<tr>\n<td>Servi\u00e7o p\u00f3s-garantia<\/td>\n<td>Apoio em linha<\/td>\n<\/tr>\n<tr>\n<td>Localiza\u00e7\u00e3o do servi\u00e7o local<\/td>\n<td>nenhum<\/td>\n<\/tr>\n<tr>\n<td>Localiza\u00e7\u00e3o da sala de exposi\u00e7\u00f5es<\/td>\n<td>nenhum<\/td>\n<\/tr>\n<tr>\n<td>Inspe\u00e7\u00e3o de sa\u00edda de v\u00eddeo<\/td>\n<td>Fornecido<\/td>\n<\/tr>\n<tr>\n<td>Relat\u00f3rio de ensaio de m\u00e1quinas<\/td>\n<td>Fornecido<\/td>\n<\/tr>\n<tr>\n<td>Tipo de marketing<\/td>\n<td>Produto normal<\/td>\n<\/tr>\n<tr>\n<td>Garantia dos componentes principais<\/td>\n<td>1 ano<\/td>\n<\/tr>\n<tr>\n<td>Componentes principais<\/td>\n<td>Recipiente sob press\u00e3o<\/td>\n<\/tr>\n<tr>\n<td>Local de origem<\/td>\n<td>China<\/td>\n<\/tr>\n<tr>\n<td>Garantia<\/td>\n<td>1 ano<\/td>\n<\/tr>\n<tr>\n<td>Servi\u00e7o p\u00f3s-venda prestado<\/td>\n<td>Apoio em linha<\/td>\n<\/tr>\n<tr>\n<td>Nome<\/td>\n<td>filtro de vela em metal sinterizado<\/td>\n<\/tr>\n<tr>\n<td>Material<\/td>\n<td>SS304\/316L<\/td>\n<\/tr>\n<tr>\n<td>Comprimento<\/td>\n<td>10\/20\/30\/40\/60 polegadas<\/td>\n<\/tr>\n<tr>\n<td>Micron<\/td>\n<td>1 - 300um<\/td>\n<\/tr>\n<tr>\n<td>Camadas<\/td>\n<td>5 camadas<\/td>\n<\/tr>\n<tr>\n<td>Formul\u00e1rio de interface<\/td>\n<td>222,226,215, interface de rosca M36, M24, M22, M20<\/td>\n<\/tr>\n<tr>\n<td>Resist\u00eancia ao calor<\/td>\n<td>- 200 - 500 graus<\/td>\n<\/tr>\n<tr>\n<td>Press\u00e3o de trabalho<\/td>\n<td>0,1 - 30Mpa<\/td>\n<\/tr>\n<tr>\n<td>Tamanho<\/td>\n<td>Personalizado<\/td>\n<\/tr>\n<\/tbody>\n<\/table>","protected":false},"featured_media":4386,"comment_status":"open","ping_status":"closed","template":"","meta":{"_gspb_post_css":""},"product_brand":[],"product_cat":[23],"product_tag":[1607,1534,1605,729,1606,1136],"class_list":{"0":"post-4384","1":"product","2":"type-product","3":"status-publish","4":"has-post-thumbnail","6":"product_cat-pp-filter-cartridge","7":"product_tag-affordable-water-sediment-filter","8":"product_tag-inversafilterpurification","9":"product_tag-lvyuan-pp-sediment-filter","10":"product_tag-polypropylene-filter-cartridge","11":"product_tag-pp-sediment-filter-for-water","12":"product_tag-water-filter-locks","14":"first","15":"instock","16":"shipping-taxable","17":"product-type-simple"},"_links":{"self":[{"href":"https:\/\/lyfilter.com\/pt\/wp-json\/wp\/v2\/product\/4384","targetHints":{"allow":["GET"]}}],"collection":[{"href":"https:\/\/lyfilter.com\/pt\/wp-json\/wp\/v2\/product"}],"about":[{"href":"https:\/\/lyfilter.com\/pt\/wp-json\/wp\/v2\/types\/product"}],"replies":[{"embeddable":true,"href":"https:\/\/lyfilter.com\/pt\/wp-json\/wp\/v2\/comments?post=4384"}],"wp:featuredmedia":[{"embeddable":true,"href":"https:\/\/lyfilter.com\/pt\/wp-json\/wp\/v2\/media\/4386"}],"wp:attachment":[{"href":"https:\/\/lyfilter.com\/pt\/wp-json\/wp\/v2\/media?parent=4384"}],"wp:term":[{"taxonomy":"product_brand","embeddable":true,"href":"https:\/\/lyfilter.com\/pt\/wp-json\/wp\/v2\/product_brand?post=4384"},{"taxonomy":"product_cat","embeddable":true,"href":"https:\/\/lyfilter.com\/pt\/wp-json\/wp\/v2\/product_cat?post=4384"},{"taxonomy":"product_tag","embeddable":true,"href":"https:\/\/lyfilter.com\/pt\/wp-json\/wp\/v2\/product_tag?post=4384"}],"curies":[{"name":"wp","href":"https:\/\/api.w.org\/{rel}","templated":true}]}}