{"id":4374,"date":"2026-04-04T08:52:56","date_gmt":"2026-04-04T08:52:56","guid":{"rendered":"https:\/\/lyfilter.com\/"},"modified":"2026-04-04T08:52:56","modified_gmt":"2026-04-04T08:52:56","slug":"lvyuan-filter-5-micron-water-filter-supplier","status":"publish","type":"product","link":"https:\/\/lyfilter.com\/pt\/lvyuan-filter-5-micron-water-filter-supplier\/","title":{"rendered":"Fornecedor de filtro de \u00e1gua de 5 m\u00edcrons Lvyuan Filter"},"content":{"rendered":"<p>Concebido para uma filtragem fi\u00e1vel, este filtro de \u00e1gua de 5 m\u00edcrones da Lvyuan ajuda a reduzir os sedimentos finos, ao mesmo tempo que permite um fluxo mais limpo e est\u00e1vel. O InversaFilterPurification proporciona um desempenho pr\u00e1tico, uma qualidade fi\u00e1vel e um toque profissional para a utiliza\u00e7\u00e3o di\u00e1ria.<\/p>","protected":false},"excerpt":{"rendered":"<table>\n<thead>\n<tr>\n<th>Campo<\/th>\n<th>Valor<\/th>\n<\/tr>\n<\/thead>\n<tbody>\n<tr>\n<td>Local de origem<\/td>\n<td>China<\/td>\n<\/tr>\n<tr>\n<td>Nome da marca<\/td>\n<td>Lvyuan\/OEM<\/td>\n<\/tr>\n<tr>\n<td>N\u00famero do modelo<\/td>\n<td>LY-PLF-01<\/td>\n<\/tr>\n<tr>\n<td>Pot\u00eancia (W)<\/td>\n<td>0<\/td>\n<\/tr>\n<tr>\n<td>Tens\u00e3o (V)<\/td>\n<td>0<\/td>\n<\/tr>\n<tr>\n<td>Servi\u00e7o p\u00f3s-venda prestado<\/td>\n<td>nenhum<\/td>\n<\/tr>\n<tr>\n<td>Garantia<\/td>\n<td>nenhum<\/td>\n<\/tr>\n<tr>\n<td>Tipo<\/td>\n<td>Osmose inversa<\/td>\n<\/tr>\n<tr>\n<td>Certifica\u00e7\u00e3o<\/td>\n<td>GS<\/td>\n<\/tr>\n<tr>\n<td>Utiliza\u00e7\u00e3o<\/td>\n<td>Pr\u00e9-filtragem dom\u00e9stica<\/td>\n<\/tr>\n<tr>\n<td>Aplica\u00e7\u00e3o<\/td>\n<td>Autom\u00f3vel, caravana, exterior, hotel, garagem, comercial, dom\u00e9stico<\/td>\n<\/tr>\n<tr>\n<td>Fonte de energia<\/td>\n<td>Manual<\/td>\n<\/tr>\n<tr>\n<td>Nome<\/td>\n<td>elemento filtrante tipo cartucho<\/td>\n<\/tr>\n<tr>\n<td>Material da membrana filtrante<\/td>\n<td>PP\/PVDF\/PTFE\/PES\/Nylon<\/td>\n<\/tr>\n<tr>\n<td>Comprimento<\/td>\n<td>5 \/ 10 \/ 20 \/ 30 \/ 40 \/ 50 \/ 60 polegadas<\/td>\n<\/tr>\n<tr>\n<td>Conector<\/td>\n<td>Fin\/222\/226\/215\/DOE\/Thread<\/td>\n<\/tr>\n<tr>\n<td>Micron<\/td>\n<td>0.22\/0.5\/1\/3\/5\/10\/25\/50\/75\/100\/150<\/td>\n<\/tr>\n<tr>\n<td>M\u00e9todo de selagem<\/td>\n<td>Soldadura por fus\u00e3o a quente<\/td>\n<\/tr>\n<tr>\n<td>Di\u00e2metro<\/td>\n<td>70mm\/OEM<\/td>\n<\/tr>\n<tr>\n<td>N\u00facleo interno<\/td>\n<td>PP\/SS\/OEM<\/td>\n<\/tr>\n<tr>\n<td>QUANTIDADE M\u00c1XIMA DE ENCOMENDA<\/td>\n<td>Atualmente, n\u00e3o h\u00e1<\/td>\n<\/tr>\n<tr>\n<td>Capacidade de fornecimento<\/td>\n<td>5000 pe\u00e7as\/pe\u00e7as por semana<\/td>\n<\/tr>\n<\/tbody>\n<\/table>","protected":false},"featured_media":4380,"comment_status":"open","ping_status":"closed","template":"","meta":{"_gspb_post_css":""},"product_brand":[],"product_cat":[1202],"product_tag":[1601,334,1534,1600,1136,1602],"class_list":{"0":"post-4374","1":"product","2":"type-product","3":"status-publish","4":"has-post-thumbnail","6":"product_cat-filter-cartridge","7":"product_tag-5-micron-water-filter-supplier","8":"product_tag-industrial-water-filter","9":"product_tag-inversafilterpurification","10":"product_tag-lvyuan-5-micron-water-filter","11":"product_tag-water-filter-locks","12":"product_tag-water-sediment-filter","14":"first","15":"instock","16":"shipping-taxable","17":"product-type-simple"},"_links":{"self":[{"href":"https:\/\/lyfilter.com\/pt\/wp-json\/wp\/v2\/product\/4374","targetHints":{"allow":["GET"]}}],"collection":[{"href":"https:\/\/lyfilter.com\/pt\/wp-json\/wp\/v2\/product"}],"about":[{"href":"https:\/\/lyfilter.com\/pt\/wp-json\/wp\/v2\/types\/product"}],"replies":[{"embeddable":true,"href":"https:\/\/lyfilter.com\/pt\/wp-json\/wp\/v2\/comments?post=4374"}],"wp:featuredmedia":[{"embeddable":true,"href":"https:\/\/lyfilter.com\/pt\/wp-json\/wp\/v2\/media\/4380"}],"wp:attachment":[{"href":"https:\/\/lyfilter.com\/pt\/wp-json\/wp\/v2\/media?parent=4374"}],"wp:term":[{"taxonomy":"product_brand","embeddable":true,"href":"https:\/\/lyfilter.com\/pt\/wp-json\/wp\/v2\/product_brand?post=4374"},{"taxonomy":"product_cat","embeddable":true,"href":"https:\/\/lyfilter.com\/pt\/wp-json\/wp\/v2\/product_cat?post=4374"},{"taxonomy":"product_tag","embeddable":true,"href":"https:\/\/lyfilter.com\/pt\/wp-json\/wp\/v2\/product_tag?post=4374"}],"curies":[{"name":"wp","href":"https:\/\/api.w.org\/{rel}","templated":true}]}}