{"id":4372,"date":"2026-04-04T08:49:40","date_gmt":"2026-04-04T08:49:40","guid":{"rendered":"https:\/\/lyfilter.com\/"},"modified":"2026-04-04T08:49:40","modified_gmt":"2026-04-04T08:49:40","slug":"lvyuan-affordable-titanium-filter-suppliers-for-factory","status":"publish","type":"product","link":"https:\/\/lyfilter.com\/pt\/lvyuan-affordable-titanium-filter-suppliers-for-factory\/","title":{"rendered":"Filtro de tit\u00e2nio acess\u00edvel Lvyuan Fornecedores para a f\u00e1brica"},"content":{"rendered":"<p><b>Vantagens da empresa<\/b><br \/>\n<b>1.<\/b>\u00a0Esta conce\u00e7\u00e3o de a\u00e7o inoxid\u00e1vel\u00a0<a href=\"https:\/\/lyfilter.com\/pt\/sintered-filter-cartridge.html\/\">cartucho de filtro sinterizado<\/a>\u00a0pode potencialmente revolucionar a ind\u00fastria de filtros de tit\u00e2nio. Sendo termicamente soldadas, as suas tampas n\u00e3o s\u00e3o suscept\u00edveis de rachar ou cair<br \/>\n<b>2.<\/b>\u00a0Com a divulga\u00e7\u00e3o boca a boca, o produto tem o grande potencial de conquistar uma maior quota de mercado no futuro. Pode controlar eficazmente a precis\u00e3o da filtragem<br \/>\n<b>3.<\/b>\u00a0O desenvolvimento vigoroso do filtro de tit\u00e2nio deve-se \u00e0s carater\u00edsticas do cartucho de filtro sinterizado de a\u00e7o inoxid\u00e1vel. Capturar\u00e1 as part\u00edculas maiores nas camadas exteriores e as part\u00edculas mais pequenas na camada profunda<br \/>\n<b>4.<\/b>\u00a0Em compara\u00e7\u00e3o com o cartucho de filtro sinterizado de a\u00e7o inoxid\u00e1vel geral, o filtro de tit\u00e2nio tem as carater\u00edsticas de filtros de metal poroso. Tem uma grande \u00e1rea de filtragem efectiva<\/p>\n<p>&nbsp;<\/p>\n<div class=\"scc-wrapper detail-module module-productPackagingAndQuickDetail\" data-spm=\"prilinga1e\">\n<div class=\"widget-detail-overview\">\n<div class=\"do-content\">\n<div class=\"do-overview\">\n<div class=\"do-entry do-entry-full\">\n<h3 class=\"do-entry-title\">Embalagem e entrega<\/h3>\n<div class=\"do-entry-list\">\n<dl class=\"do-entry-item\">\n<dt class=\"do-entry-item-key\">Unidades de venda:<\/dt>\n<dd class=\"do-entry-item-val\">Artigo \u00fanico<\/dd>\n<\/dl>\n<dl class=\"do-entry-item\">\n<dt class=\"do-entry-item-key\" title=\"Tamanho da embalagem individual:\">Tamanho da embalagem individual:<\/dt>\n<dd class=\"do-entry-item-val\">20X20X20 cm<\/dd>\n<\/dl>\n<dl class=\"do-entry-item\">\n<dt class=\"do-entry-item-key\" title=\"Peso bruto \u00fanico:\">Peso bruto \u00fanico:<\/dt>\n<dd class=\"do-entry-item-val\">1.000 kg<\/dd>\n<\/dl>\n<dl class=\"do-entry-item\">\n<dt class=\"do-entry-item-key\">Tipo de embalagem:<\/dt>\n<dd class=\"do-entry-item-val pkg-method\">Filtro de m\u00edcron de p\u00f3 de tit\u00e2nio de 10 20 40 polegadas de alta qualidade\/Filtro de tit\u00e2nio de 5 m\u00edcrones Tamanho da embalagem: Embalagem simples 1pc\/Box 112*41*41cm\/CTN<\/dd>\n<\/dl>\n<dl class=\"do-entry-item\">\n<dt class=\"do-entry-item-key\" title=\"Prazo de execu\u00e7\u00e3o\">Prazo de execu\u00e7\u00e3o\u00a0<i class=\"next-icon next-icon-help next-icon-xs js-leadtimes-tips\"><\/i>:<\/dt>\n<dd class=\"do-entry-item-val\" title=\"Prazo de execu\u00e7\u00e3o\">\n<div class=\"table-responsive\">\n<table class=\"supply-ability-table ui2-table ui2-table-normal ui2-table-zebra ui2-table-hover\">\n<tbody>\n<tr>\n<td>Quantidade (pe\u00e7as)<\/td>\n<td>1 - 500<\/td>\n<td>&gt;500<\/td>\n<\/tr>\n<tr>\n<td>Est. Tempo (dias)<\/td>\n<td>10<\/td>\n<td>A ser negociado<\/td>\n<\/tr>\n<\/tbody>\n<\/table>\n<\/div>\n<\/dd>\n<\/dl>\n<\/div>\n<\/div>\n<\/div>\n<\/div>\n<\/div>\n<\/div>","protected":false},"excerpt":{"rendered":"<table>\n<thead>\n<tr>\n<th>Campo<\/th>\n<th>Valor<\/th>\n<\/tr>\n<\/thead>\n<tbody>\n<tr>\n<td>Sectores aplic\u00e1veis<\/td>\n<td>Utiliza\u00e7\u00e3o dom\u00e9stica<\/td>\n<\/tr>\n<tr>\n<td>Servi\u00e7o p\u00f3s-garantia<\/td>\n<td>Apoio em linha<\/td>\n<\/tr>\n<tr>\n<td>Localiza\u00e7\u00e3o do servi\u00e7o local<\/td>\n<td>nenhum<\/td>\n<\/tr>\n<tr>\n<td>Localiza\u00e7\u00e3o da sala de exposi\u00e7\u00f5es<\/td>\n<td>nenhum<\/td>\n<\/tr>\n<tr>\n<td>Inspe\u00e7\u00e3o de sa\u00edda de v\u00eddeo<\/td>\n<td>Fornecido<\/td>\n<\/tr>\n<tr>\n<td>Relat\u00f3rio de ensaio de m\u00e1quinas<\/td>\n<td>Fornecido<\/td>\n<\/tr>\n<tr>\n<td>Tipo de marketing<\/td>\n<td>Produto normal<\/td>\n<\/tr>\n<tr>\n<td>Garantia dos componentes principais<\/td>\n<td>1 ano<\/td>\n<\/tr>\n<tr>\n<td>Componentes principais<\/td>\n<td>Recipiente sob press\u00e3o<\/td>\n<\/tr>\n<tr>\n<td>Local de origem<\/td>\n<td>China<\/td>\n<\/tr>\n<tr>\n<td>Garantia<\/td>\n<td>1 ano<\/td>\n<\/tr>\n<tr>\n<td>Servi\u00e7o p\u00f3s-venda prestado<\/td>\n<td>Apoio em linha<\/td>\n<\/tr>\n<tr>\n<td>Nome do artigo<\/td>\n<td>filtro de micr\u00f5es de p\u00f3 de tit\u00e2nio<\/td>\n<\/tr>\n<tr>\n<td>Material<\/td>\n<td>Tit\u00e2nio puro 99.6%<\/td>\n<\/tr>\n<tr>\n<td>Comprimento<\/td>\n<td>10\u201d, 20\u201d, 30\u201d, 40\u201d<\/td>\n<\/tr>\n<tr>\n<td>Interface<\/td>\n<td>222,226,227,Flat,M20,M30,M42<\/td>\n<\/tr>\n<tr>\n<td>Di\u00e2metro exterior<\/td>\n<td>60mm<\/td>\n<\/tr>\n<tr>\n<td>Porosidade<\/td>\n<td>28~50%<\/td>\n<\/tr>\n<tr>\n<td>Toler\u00e2ncia de temperatura<\/td>\n<td>\u2264300\u2103(h\u00famido)<\/td>\n<\/tr>\n<tr>\n<td>Utiliza\u00e7\u00e3o<\/td>\n<td>filtrar \u00e1gua mineral, vinho, etc.<\/td>\n<\/tr>\n<tr>\n<td>Forma de lavagem<\/td>\n<td>Lavagem de po\u00e7os e retrolavagem<\/td>\n<\/tr>\n<\/tbody>\n<\/table>","protected":false},"featured_media":4373,"comment_status":"open","ping_status":"closed","template":"","meta":{"_gspb_post_css":""},"product_brand":[],"product_cat":[1141],"product_tag":[1597,1598,1599,1534,1596,1136],"class_list":{"0":"post-4372","1":"product","2":"type-product","3":"status-publish","4":"has-post-thumbnail","6":"product_cat-titanium-filter-cartridge","7":"product_tag-affordable-titanium-filter","8":"product_tag-factory-titanium-filter-supplier","9":"product_tag-industrial-titanium-filter","10":"product_tag-inversafilterpurification","11":"product_tag-lvyuan-titanium-filter","12":"product_tag-water-filter-locks","14":"first","15":"instock","16":"shipping-taxable","17":"product-type-simple"},"_links":{"self":[{"href":"https:\/\/lyfilter.com\/pt\/wp-json\/wp\/v2\/product\/4372","targetHints":{"allow":["GET"]}}],"collection":[{"href":"https:\/\/lyfilter.com\/pt\/wp-json\/wp\/v2\/product"}],"about":[{"href":"https:\/\/lyfilter.com\/pt\/wp-json\/wp\/v2\/types\/product"}],"replies":[{"embeddable":true,"href":"https:\/\/lyfilter.com\/pt\/wp-json\/wp\/v2\/comments?post=4372"}],"wp:featuredmedia":[{"embeddable":true,"href":"https:\/\/lyfilter.com\/pt\/wp-json\/wp\/v2\/media\/4373"}],"wp:attachment":[{"href":"https:\/\/lyfilter.com\/pt\/wp-json\/wp\/v2\/media?parent=4372"}],"wp:term":[{"taxonomy":"product_brand","embeddable":true,"href":"https:\/\/lyfilter.com\/pt\/wp-json\/wp\/v2\/product_brand?post=4372"},{"taxonomy":"product_cat","embeddable":true,"href":"https:\/\/lyfilter.com\/pt\/wp-json\/wp\/v2\/product_cat?post=4372"},{"taxonomy":"product_tag","embeddable":true,"href":"https:\/\/lyfilter.com\/pt\/wp-json\/wp\/v2\/product_tag?post=4372"}],"curies":[{"name":"wp","href":"https:\/\/api.w.org\/{rel}","templated":true}]}}