{"id":4364,"date":"2026-04-04T08:43:05","date_gmt":"2026-04-04T08:43:05","guid":{"rendered":"https:\/\/lyfilter.com\/"},"modified":"2026-04-04T08:43:05","modified_gmt":"2026-04-04T08:43:05","slug":"pvdf-membrane-pleated-filter-industrial-water-filter-cartridge-for-mineral-water-filtration","status":"publish","type":"product","link":"https:\/\/lyfilter.com\/pt\/pvdf-membrane-pleated-filter-industrial-water-filter-cartridge-for-mineral-water-filtration\/","title":{"rendered":"Filtro plissado de membrana PVDF \/ Cartucho de filtro de \u00e1gua industrial para filtra\u00e7\u00e3o de \u00e1gua mineral"},"content":{"rendered":"<p>Concebido para a filtragem de \u00e1gua mineral, este cartucho de filtro plissado com membrana PVDF suporta um fluxo limpo, uma reten\u00e7\u00e3o fi\u00e1vel de part\u00edculas e um desempenho di\u00e1rio est\u00e1vel. A InversaFilterPurification oferece uma qualidade pr\u00e1tica com um toque duradouro e profissional.<\/p>","protected":false},"excerpt":{"rendered":"<table>\n<thead>\n<tr>\n<th>Campo<\/th>\n<th>Valor<\/th>\n<\/tr>\n<\/thead>\n<tbody>\n<tr>\n<td>Sectores aplic\u00e1veis<\/td>\n<td>F\u00e1brica de alimentos e bebidas, tratamento de \u00e1gua<\/td>\n<\/tr>\n<tr>\n<td>Local de origem<\/td>\n<td>Guangdong, China<\/td>\n<\/tr>\n<tr>\n<td>Nome da marca<\/td>\n<td>Lvyuan,OEM,ODM<\/td>\n<\/tr>\n<tr>\n<td>Material<\/td>\n<td>PVDF<\/td>\n<\/tr>\n<tr>\n<td>Peso<\/td>\n<td>personalizado<\/td>\n<\/tr>\n<tr>\n<td>Tamanho<\/td>\n<td>personalizado<\/td>\n<\/tr>\n<tr>\n<td>Pot\u00eancia<\/td>\n<td>0<\/td>\n<\/tr>\n<tr>\n<td>Garantia<\/td>\n<td>N\u00e3o dispon\u00edvel<\/td>\n<\/tr>\n<tr>\n<td>Carater\u00edstica<\/td>\n<td>aumento da \u00e1rea de filtragem<\/td>\n<\/tr>\n<tr>\n<td>comprimento<\/td>\n<td>10\/20\/30\/40 Polegadas<\/td>\n<\/tr>\n<tr>\n<td>Certifica\u00e7\u00e3o<\/td>\n<td>SGS\/ISO<\/td>\n<\/tr>\n<tr>\n<td>Forma<\/td>\n<td>cilindro<\/td>\n<\/tr>\n<tr>\n<td>Utiliza\u00e7\u00e3o<\/td>\n<td>filtragem de \u00e1gua industrial<\/td>\n<\/tr>\n<tr>\n<td>Cor<\/td>\n<td>branco<\/td>\n<\/tr>\n<tr>\n<td>Embalagem<\/td>\n<td>caixa de papel<\/td>\n<\/tr>\n<tr>\n<td>Outro nome<\/td>\n<td>cartucho de filtro plissado<\/td>\n<\/tr>\n<tr>\n<td>taxa de microns<\/td>\n<td>0,1, 0,2, 0,45, 1, 3, 5 micon<\/td>\n<\/tr>\n<tr>\n<td>material de veda\u00e7\u00e3o<\/td>\n<td>silicone, EPDM, NBR, Viton<\/td>\n<\/tr>\n<tr>\n<td>Servi\u00e7o p\u00f3s-venda prestado<\/td>\n<td>Apoio em linha<\/td>\n<\/tr>\n<tr>\n<td>Capacidade de fornecimento<\/td>\n<td>5000 pe\u00e7as\/pe\u00e7as por semana<\/td>\n<\/tr>\n<\/tbody>\n<\/table>","protected":false},"featured_media":4368,"comment_status":"open","ping_status":"closed","template":"","meta":{"_gspb_post_css":""},"product_brand":[],"product_cat":[21],"product_tag":[743,1534,1591,814,1590,1136],"class_list":{"0":"post-4364","1":"product","2":"type-product","3":"status-publish","4":"has-post-thumbnail","6":"product_cat-pleated-filter-cartridge","7":"product_tag-industrial-water-filter-cartridge","8":"product_tag-inversafilterpurification","9":"product_tag-mineral-water-filtration-filter","10":"product_tag-pleated-water-filter-cartridge","11":"product_tag-pvdf-membrane-pleated-filter","12":"product_tag-water-filter-locks","14":"first","15":"instock","16":"shipping-taxable","17":"product-type-simple"},"_links":{"self":[{"href":"https:\/\/lyfilter.com\/pt\/wp-json\/wp\/v2\/product\/4364","targetHints":{"allow":["GET"]}}],"collection":[{"href":"https:\/\/lyfilter.com\/pt\/wp-json\/wp\/v2\/product"}],"about":[{"href":"https:\/\/lyfilter.com\/pt\/wp-json\/wp\/v2\/types\/product"}],"replies":[{"embeddable":true,"href":"https:\/\/lyfilter.com\/pt\/wp-json\/wp\/v2\/comments?post=4364"}],"wp:featuredmedia":[{"embeddable":true,"href":"https:\/\/lyfilter.com\/pt\/wp-json\/wp\/v2\/media\/4368"}],"wp:attachment":[{"href":"https:\/\/lyfilter.com\/pt\/wp-json\/wp\/v2\/media?parent=4364"}],"wp:term":[{"taxonomy":"product_brand","embeddable":true,"href":"https:\/\/lyfilter.com\/pt\/wp-json\/wp\/v2\/product_brand?post=4364"},{"taxonomy":"product_cat","embeddable":true,"href":"https:\/\/lyfilter.com\/pt\/wp-json\/wp\/v2\/product_cat?post=4364"},{"taxonomy":"product_tag","embeddable":true,"href":"https:\/\/lyfilter.com\/pt\/wp-json\/wp\/v2\/product_tag?post=4364"}],"curies":[{"name":"wp","href":"https:\/\/api.w.org\/{rel}","templated":true}]}}