{"id":4362,"date":"2026-04-04T08:37:15","date_gmt":"2026-04-04T08:37:15","guid":{"rendered":"https:\/\/lyfilter.com\/"},"modified":"2026-04-04T08:37:15","modified_gmt":"2026-04-04T08:37:15","slug":"compressed-sintered-cto-water-filter-25-microns-activated-carbon-filter-element-for-household-water-purifier-filter","status":"publish","type":"product","link":"https:\/\/lyfilter.com\/pt\/compressed-sintered-cto-water-filter-25-microns-activated-carbon-filter-element-for-household-water-purifier-filter\/","title":{"rendered":"Filtro de \u00e1gua CTO comprimido\/sinterizado Elemento filtrante de carv\u00e3o ativado de 25 m\u00edcrons para filtro purificador de \u00e1gua dom\u00e9stico"},"content":{"rendered":"<h3 class=\"do-entry-title\">Embalagem e entrega<\/h3>\n<div class=\"do-entry-list\">\n<dl class=\"do-entry-item\">\n<dt class=\"do-entry-item-key\">Unidades de venda:<\/dt>\n<dd class=\"do-entry-item-val\">Artigo \u00fanico<\/dd>\n<\/dl>\n<dl class=\"do-entry-item\">\n<dt class=\"do-entry-item-key\" title=\"Tamanho da embalagem individual:\">Tamanho da embalagem individual:<\/dt>\n<dd class=\"do-entry-item-val\">6,5X2,8X25 cm<\/dd>\n<\/dl>\n<dl class=\"do-entry-item\">\n<dt class=\"do-entry-item-key\" title=\"Peso bruto \u00fanico:\">Peso bruto \u00fanico:<\/dt>\n<dd class=\"do-entry-item-val\">0,200 kg<\/dd>\n<\/dl>\n<dl class=\"do-entry-item\">\n<dt class=\"do-entry-item-key\">Tipo de embalagem:<\/dt>\n<dd class=\"do-entry-item-val pkg-method\">Filtro de \u00e1gua comprimido\/sinterizado CTO elemento filtrante de carv\u00e3o ativado de 25 microns para filtro purificador de \u00e1gua dom\u00e9stico: 53x33x33cm, 64x33x33cm<\/dd>\n<\/dl>\n<dl class=\"do-entry-item\">\n<dt class=\"do-entry-item-key\" title=\"Prazo de execu\u00e7\u00e3o\">Prazo de execu\u00e7\u00e3o\u00a0<i class=\"next-icon next-icon-help next-icon-xs js-leadtimes-tips\"><\/i>:<\/dt>\n<dd class=\"do-entry-item-val\" title=\"Prazo de execu\u00e7\u00e3o\">\n<div class=\"table-responsive\">\n<table class=\"supply-ability-table ui2-table ui2-table-normal ui2-table-zebra ui2-table-hover\">\n<tbody>\n<tr>\n<td>Quantidade (pe\u00e7as)<\/td>\n<td>1 - 100<\/td>\n<td>101 - 500<\/td>\n<td>501 - 1000<\/td>\n<td>&gt;1000<\/td>\n<\/tr>\n<tr>\n<td>Est. Tempo (dias)<\/td>\n<td>3<\/td>\n<td>5<\/td>\n<td>7<\/td>\n<td>A ser negociado<\/td>\n<\/tr>\n<\/tbody>\n<\/table>\n<\/div>\n<\/dd>\n<\/dl>\n<\/div>","protected":false},"excerpt":{"rendered":"<table>\n<thead>\n<tr>\n<th>Campo<\/th>\n<th>Valor<\/th>\n<\/tr>\n<\/thead>\n<tbody>\n<tr>\n<td>Local de origem<\/td>\n<td>China<\/td>\n<\/tr>\n<tr>\n<td>Pot\u00eancia (W)<\/td>\n<td>0<\/td>\n<\/tr>\n<tr>\n<td>Tens\u00e3o (V)<\/td>\n<td>0<\/td>\n<\/tr>\n<tr>\n<td>Servi\u00e7o p\u00f3s-venda prestado<\/td>\n<td>Instala\u00e7\u00e3o no local, suporte online<\/td>\n<\/tr>\n<tr>\n<td>Garantia<\/td>\n<td>1 ano<\/td>\n<\/tr>\n<tr>\n<td>Tipo<\/td>\n<td>Carv\u00e3o ativado<\/td>\n<\/tr>\n<tr>\n<td>Certifica\u00e7\u00e3o<\/td>\n<td>ce, CSA, ISO<\/td>\n<\/tr>\n<tr>\n<td>Utiliza\u00e7\u00e3o<\/td>\n<td>Pr\u00e9-filtragem dom\u00e9stica<\/td>\n<\/tr>\n<tr>\n<td>Aplica\u00e7\u00e3o<\/td>\n<td>Agregado familiar<\/td>\n<\/tr>\n<tr>\n<td>Fonte de energia<\/td>\n<td>Manual<\/td>\n<\/tr>\n<tr>\n<td>Nome do produto<\/td>\n<td>elemento filtrante de carv\u00e3o ativado<\/td>\n<\/tr>\n<tr>\n<td>Material<\/td>\n<td>Carv\u00e3o de coco ativado sinterizado<\/td>\n<\/tr>\n<tr>\n<td>Comprimento<\/td>\n<td>10-1050mm<\/td>\n<\/tr>\n<tr>\n<td>OD<\/td>\n<td>14-121 mm<\/td>\n<\/tr>\n<tr>\n<td>ID<\/td>\n<td>6-50 mm<\/td>\n<\/tr>\n<tr>\n<td>Taxa de microns<\/td>\n<td>0,5-20um<\/td>\n<\/tr>\n<tr>\n<td>Valor de iodo<\/td>\n<td>at\u00e9 1000<\/td>\n<\/tr>\n<tr>\n<td>Caudal<\/td>\n<td>\u2264300L\/h<\/td>\n<\/tr>\n<\/tbody>\n<\/table>","protected":false},"featured_media":4363,"comment_status":"open","ping_status":"closed","template":"","meta":{"_gspb_post_css":""},"product_brand":[],"product_cat":[1339],"product_tag":[1587,1586,1588,1534,1589,1136],"class_list":{"0":"post-4362","1":"product","2":"type-product","3":"status-publish","4":"has-post-thumbnail","6":"product_cat-carbon-filter","7":"product_tag-25-micron-activated-carbon-filter","8":"product_tag-compressed-cto-water-filter","9":"product_tag-household-water-purifier-filter","10":"product_tag-inversafilterpurification","11":"product_tag-sintered-carbon-filter-element","12":"product_tag-water-filter-locks","14":"first","15":"instock","16":"shipping-taxable","17":"product-type-simple"},"_links":{"self":[{"href":"https:\/\/lyfilter.com\/pt\/wp-json\/wp\/v2\/product\/4362","targetHints":{"allow":["GET"]}}],"collection":[{"href":"https:\/\/lyfilter.com\/pt\/wp-json\/wp\/v2\/product"}],"about":[{"href":"https:\/\/lyfilter.com\/pt\/wp-json\/wp\/v2\/types\/product"}],"replies":[{"embeddable":true,"href":"https:\/\/lyfilter.com\/pt\/wp-json\/wp\/v2\/comments?post=4362"}],"wp:featuredmedia":[{"embeddable":true,"href":"https:\/\/lyfilter.com\/pt\/wp-json\/wp\/v2\/media\/4363"}],"wp:attachment":[{"href":"https:\/\/lyfilter.com\/pt\/wp-json\/wp\/v2\/media?parent=4362"}],"wp:term":[{"taxonomy":"product_brand","embeddable":true,"href":"https:\/\/lyfilter.com\/pt\/wp-json\/wp\/v2\/product_brand?post=4362"},{"taxonomy":"product_cat","embeddable":true,"href":"https:\/\/lyfilter.com\/pt\/wp-json\/wp\/v2\/product_cat?post=4362"},{"taxonomy":"product_tag","embeddable":true,"href":"https:\/\/lyfilter.com\/pt\/wp-json\/wp\/v2\/product_tag?post=4362"}],"curies":[{"name":"wp","href":"https:\/\/api.w.org\/{rel}","templated":true}]}}