{"id":4359,"date":"2026-04-04T08:32:27","date_gmt":"2026-04-04T08:32:27","guid":{"rendered":"https:\/\/lyfilter.com\/"},"modified":"2026-04-04T08:32:27","modified_gmt":"2026-04-04T08:32:27","slug":"lvyuan-stainless-steel-bag-filter-wholesale-for-sea-water","status":"publish","type":"product","link":"https:\/\/lyfilter.com\/pt\/lvyuan-stainless-steel-bag-filter-wholesale-for-sea-water\/","title":{"rendered":"Lvyuan Filtro de saco de a\u00e7o inoxid\u00e1vel por atacado para \u00e1gua do mar"},"content":{"rendered":"<p><b>Vantagens da empresa<\/b><br \/>\n<b>1.<\/b>\u00a0O filtro de saco de a\u00e7o inoxid\u00e1vel Lvyuan \u00e9 fabricado com materiais de alta qualidade com a ajuda de tecnologia de ponta. Oferece excelente filtragem e boa estabilidade t\u00e9rmica<br \/>\n<b>2.<\/b>\u00a0Guangzhou Lvyuan Water Purification Equipment Co., Ltd. fornece apoio profissional de vendas a parceiros locais e contas-chave. Ele ir\u00e1 capturar part\u00edculas maiores nas camadas externas e capturar part\u00edculas menores na camada profunda<br \/>\n<b>3.<\/b>\u00a0Este produto \u00e9 resistente \u00e0 corros\u00e3o. Foi testado em ambiente agressivo de nevoeiro salino para determinar a sua resist\u00eancia aos efeitos de uma atmosfera salina. N\u00e3o segrega material dissol\u00favel durante o funcionamento<br \/>\n<b>4.<\/b>\u00a0O produto apresenta uma forte resist\u00eancia \u00e0 corros\u00e3o. Foram utilizados materiais n\u00e3o corrosivos na sua estrutura para aumentar a sua capacidade de resistir \u00e0 ferrugem ou a l\u00edquidos \u00e1cidos. A matriz de fibra auto-sustentada permite um design sem n\u00facleo que \u00e9 simultaneamente econ\u00f3mico e forte<br \/>\n<b>5.<\/b>\u00a0O produto \u00e9 f\u00e1cil de utilizar. Tem um sistema operativo relativamente simples que combina um fluxo de processamento poderoso e fornece instru\u00e7\u00f5es de opera\u00e7\u00e3o simples. Todos os seus elementos s\u00e3o fabricados com material compat\u00edvel com a FDA para contacto com alimentos e bebidas<\/p>","protected":false},"excerpt":{"rendered":"<p>Concebido para a filtragem de \u00e1gua do mar, este filtro de saco em a\u00e7o inoxid\u00e1vel da Lvyuan permite um fluxo mais limpo, uma captura fi\u00e1vel de part\u00edculas e uma utiliza\u00e7\u00e3o duradoura. O InversaFilterPurification oferece uma qualidade pr\u00e1tica com um toque suave e profissional.<\/p>","protected":false},"featured_media":4361,"comment_status":"open","ping_status":"closed","template":"","meta":{"_gspb_post_css":""},"product_brand":[],"product_cat":[1135],"product_tag":[1534,1582,1585,1583,1584,1136],"class_list":{"0":"post-4359","1":"product","2":"type-product","3":"status-publish","4":"has-post-thumbnail","6":"product_cat-stainless-steel-bag-filter-housing","7":"product_tag-inversafilterpurification","8":"product_tag-lvyuan-stainless-steel-bag-filter","9":"product_tag-marine-filtration-system","10":"product_tag-sea-water-bag-filter","11":"product_tag-stainless-steel-sea-water-filter","12":"product_tag-water-filter-locks","14":"first","15":"instock","16":"shipping-taxable","17":"product-type-simple"},"_links":{"self":[{"href":"https:\/\/lyfilter.com\/pt\/wp-json\/wp\/v2\/product\/4359","targetHints":{"allow":["GET"]}}],"collection":[{"href":"https:\/\/lyfilter.com\/pt\/wp-json\/wp\/v2\/product"}],"about":[{"href":"https:\/\/lyfilter.com\/pt\/wp-json\/wp\/v2\/types\/product"}],"replies":[{"embeddable":true,"href":"https:\/\/lyfilter.com\/pt\/wp-json\/wp\/v2\/comments?post=4359"}],"wp:featuredmedia":[{"embeddable":true,"href":"https:\/\/lyfilter.com\/pt\/wp-json\/wp\/v2\/media\/4361"}],"wp:attachment":[{"href":"https:\/\/lyfilter.com\/pt\/wp-json\/wp\/v2\/media?parent=4359"}],"wp:term":[{"taxonomy":"product_brand","embeddable":true,"href":"https:\/\/lyfilter.com\/pt\/wp-json\/wp\/v2\/product_brand?post=4359"},{"taxonomy":"product_cat","embeddable":true,"href":"https:\/\/lyfilter.com\/pt\/wp-json\/wp\/v2\/product_cat?post=4359"},{"taxonomy":"product_tag","embeddable":true,"href":"https:\/\/lyfilter.com\/pt\/wp-json\/wp\/v2\/product_tag?post=4359"}],"curies":[{"name":"wp","href":"https:\/\/api.w.org\/{rel}","templated":true}]}}