{"id":4348,"date":"2026-04-04T08:13:40","date_gmt":"2026-04-04T08:13:40","guid":{"rendered":"https:\/\/lyfilter.com\/"},"modified":"2026-04-04T08:13:40","modified_gmt":"2026-04-04T08:13:40","slug":"china-factory-nano-carbon-water-filter-for-water-treatment-purification","status":"publish","type":"product","link":"https:\/\/lyfilter.com\/pt\/china-factory-nano-carbon-water-filter-for-water-treatment-purification\/","title":{"rendered":"China F\u00e1brica de Filtro de \u00c1gua de Nano Carbono para Tratamento de \u00c1gua Purifica\u00e7\u00e3o"},"content":{"rendered":"<p>Concebido para a purifica\u00e7\u00e3o moderna do tratamento da \u00e1gua, este filtro de \u00e1gua de nano-carbono ajuda a suportar um fluxo mais limpo, uma melhor redu\u00e7\u00e3o das impurezas e um desempenho di\u00e1rio mais fi\u00e1vel. O InversaFilterPurification oferece um valor pr\u00e1tico com uma sensa\u00e7\u00e3o de filtragem limpa e fi\u00e1vel.<\/p>","protected":false},"excerpt":{"rendered":"<table>\n<thead>\n<tr>\n<th>Campo<\/th>\n<th>Valor<\/th>\n<\/tr>\n<\/thead>\n<tbody>\n<tr>\n<td>Sectores aplic\u00e1veis<\/td>\n<td>F\u00e1brica de produ\u00e7\u00e3o, F\u00e1brica de alimentos e bebidas, tratamento de \u00e1gua<\/td>\n<\/tr>\n<tr>\n<td>Servi\u00e7o p\u00f3s-garantia<\/td>\n<td>Apoio em linha<\/td>\n<\/tr>\n<tr>\n<td>Localiza\u00e7\u00e3o do servi\u00e7o local<\/td>\n<td>nenhum<\/td>\n<\/tr>\n<tr>\n<td>Localiza\u00e7\u00e3o da sala de exposi\u00e7\u00f5es<\/td>\n<td>nenhum<\/td>\n<\/tr>\n<tr>\n<td>Local de origem<\/td>\n<td>Guangdong, China<\/td>\n<\/tr>\n<tr>\n<td>Nome da marca<\/td>\n<td>Lvyuan ou OEM\/ ODM<\/td>\n<\/tr>\n<tr>\n<td>Material<\/td>\n<td>carv\u00e3o de coco, carv\u00e3o de coco, carv\u00e3o de carv\u00e3o<\/td>\n<\/tr>\n<tr>\n<td>Peso<\/td>\n<td>personalizado<\/td>\n<\/tr>\n<tr>\n<td>Tamanho<\/td>\n<td>personalizado, personalizado<\/td>\n<\/tr>\n<tr>\n<td>Pot\u00eancia<\/td>\n<td>0<\/td>\n<\/tr>\n<tr>\n<td>Garantia<\/td>\n<td>N\u00e3o dispon\u00edvel<\/td>\n<\/tr>\n<tr>\n<td>Palavras-chave<\/td>\n<td>filtro de \u00e1gua de carbono nano<\/td>\n<\/tr>\n<tr>\n<td>Servi\u00e7o p\u00f3s-venda prestado<\/td>\n<td>Apoio em linha<\/td>\n<\/tr>\n<tr>\n<td>Carater\u00edstica<\/td>\n<td>eliminar odores, sedimentos, cheiros, etc.<\/td>\n<\/tr>\n<tr>\n<td>Aplica\u00e7\u00e3o<\/td>\n<td>Pr\u00e9-filtragem<\/td>\n<\/tr>\n<tr>\n<td>Cor<\/td>\n<td>Preto\/cinzento<\/td>\n<\/tr>\n<tr>\n<td>Tipo<\/td>\n<td>Pe\u00e7as para filtros de \u00e1gua<\/td>\n<\/tr>\n<tr>\n<td>Di\u00e2metro<\/td>\n<td>personalizado<\/td>\n<\/tr>\n<tr>\n<td>taxa de microns<\/td>\n<td>5\/10\/25 m\u00edcrones<\/td>\n<\/tr>\n<tr>\n<td>Capacidade de fornecimento<\/td>\n<td>500 pe\u00e7as\/pe\u00e7as por semana<\/td>\n<\/tr>\n<\/tbody>\n<\/table>","protected":false},"featured_media":4356,"comment_status":"open","ping_status":"closed","template":"","meta":{"_gspb_post_css":""},"product_brand":[],"product_cat":[1339],"product_tag":[1577,1574,1534,1575,1136,1576],"class_list":{"0":"post-4348","1":"product","2":"type-product","3":"status-publish","4":"has-post-thumbnail","6":"product_cat-carbon-filter","7":"product_tag-carbon-water-filter-cartridge","8":"product_tag-china-factory-nano-carbon-water-filter","9":"product_tag-inversafilterpurification","10":"product_tag-nano-carbon-water-filter","11":"product_tag-water-filter-locks","12":"product_tag-water-treatment-purification-filter","14":"first","15":"instock","16":"shipping-taxable","17":"product-type-simple"},"_links":{"self":[{"href":"https:\/\/lyfilter.com\/pt\/wp-json\/wp\/v2\/product\/4348","targetHints":{"allow":["GET"]}}],"collection":[{"href":"https:\/\/lyfilter.com\/pt\/wp-json\/wp\/v2\/product"}],"about":[{"href":"https:\/\/lyfilter.com\/pt\/wp-json\/wp\/v2\/types\/product"}],"replies":[{"embeddable":true,"href":"https:\/\/lyfilter.com\/pt\/wp-json\/wp\/v2\/comments?post=4348"}],"wp:featuredmedia":[{"embeddable":true,"href":"https:\/\/lyfilter.com\/pt\/wp-json\/wp\/v2\/media\/4356"}],"wp:attachment":[{"href":"https:\/\/lyfilter.com\/pt\/wp-json\/wp\/v2\/media?parent=4348"}],"wp:term":[{"taxonomy":"product_brand","embeddable":true,"href":"https:\/\/lyfilter.com\/pt\/wp-json\/wp\/v2\/product_brand?post=4348"},{"taxonomy":"product_cat","embeddable":true,"href":"https:\/\/lyfilter.com\/pt\/wp-json\/wp\/v2\/product_cat?post=4348"},{"taxonomy":"product_tag","embeddable":true,"href":"https:\/\/lyfilter.com\/pt\/wp-json\/wp\/v2\/product_tag?post=4348"}],"curies":[{"name":"wp","href":"https:\/\/api.w.org\/{rel}","templated":true}]}}