{"id":4339,"date":"2026-04-04T08:10:36","date_gmt":"2026-04-04T08:10:36","guid":{"rendered":"https:\/\/lyfilter.com\/"},"modified":"2026-04-04T08:10:36","modified_gmt":"2026-04-04T08:10:36","slug":"guangzhou-manufacturer-9-75-10-18-5-water-carbon-filter-cartridge-for-water-filter-housings","status":"publish","type":"product","link":"https:\/\/lyfilter.com\/pt\/guangzhou-manufacturer-9-75-10-18-5-water-carbon-filter-cartridge-for-water-filter-housings\/","title":{"rendered":"Fabricante de Guangzhou 9.75 \u2033 10 \u2033 18.5 \u2033 Cartucho de filtro de carbono de \u00e1gua para caixas de filtro de \u00e1gua"},"content":{"rendered":"<p>Concebido para uma filtragem quotidiana mais limpa, este cartucho de filtro de carv\u00e3o para \u00e1gua do fabricante de Guangzhou adapta-se a caixas de filtro de \u00e1gua de 9,75 polegadas, 10 polegadas e 18,5 polegadas com um desempenho fi\u00e1vel. A InversaFilterPurification oferece uma qualidade pr\u00e1tica, um fluxo suave e uma utiliza\u00e7\u00e3o di\u00e1ria fi\u00e1vel.<\/p>","protected":false},"excerpt":{"rendered":"<table>\n<thead>\n<tr>\n<th>Campo<\/th>\n<th>Valor<\/th>\n<\/tr>\n<\/thead>\n<tbody>\n<tr>\n<td>Local de origem<\/td>\n<td>Guangdong, China<\/td>\n<\/tr>\n<tr>\n<td>Nome da marca<\/td>\n<td>OEM\/LVYUAN<\/td>\n<\/tr>\n<tr>\n<td>Material<\/td>\n<td>CARBONO, carv\u00e3o de coco ativado sinterizado<\/td>\n<\/tr>\n<tr>\n<td>Peso<\/td>\n<td>200<\/td>\n<\/tr>\n<tr>\n<td>Tamanho<\/td>\n<td>68x28x250mm<\/td>\n<\/tr>\n<tr>\n<td>Pot\u00eancia<\/td>\n<td>0<\/td>\n<\/tr>\n<tr>\n<td>Garantia<\/td>\n<td>N\u00e3o dispon\u00edvel<\/td>\n<\/tr>\n<tr>\n<td>Nome do produto<\/td>\n<td>Fabricante de Guangzhou 9.75 \u2033 10 \u2033 18.5 \u2033 cartucho de filtro de carbono de \u00e1gua<\/td>\n<\/tr>\n<tr>\n<td>Servi\u00e7o p\u00f3s-venda prestado<\/td>\n<td>Suporte online, Suporte online<\/td>\n<\/tr>\n<tr>\n<td>Certifica\u00e7\u00e3o<\/td>\n<td>SGS\/ISO<\/td>\n<\/tr>\n<tr>\n<td>Comprimento<\/td>\n<td>10-1050mm<\/td>\n<\/tr>\n<tr>\n<td>OD<\/td>\n<td>14-121 mm<\/td>\n<\/tr>\n<tr>\n<td>ID<\/td>\n<td>6-50 mm<\/td>\n<\/tr>\n<tr>\n<td>Taxa de microns<\/td>\n<td>0,5-20um<\/td>\n<\/tr>\n<tr>\n<td>Valor de iodo<\/td>\n<td>at\u00e9 1000<\/td>\n<\/tr>\n<tr>\n<td>Caudal<\/td>\n<td>\u2264300L\/h<\/td>\n<\/tr>\n<tr>\n<td>Capacidade de fornecimento<\/td>\n<td>500 pe\u00e7as\/pe\u00e7as por dia<\/td>\n<\/tr>\n<\/tbody>\n<\/table>","protected":false},"featured_media":4340,"comment_status":"open","ping_status":"closed","template":"","meta":{"_gspb_post_css":""},"product_brand":[],"product_cat":[22],"product_tag":[1572,1573,1571,1569,1534,1570],"class_list":{"0":"post-4339","1":"product","2":"type-product","3":"status-publish","4":"has-post-thumbnail","6":"product_cat-sintered-filter-cartridge","7":"product_tag-10-inch-carbon-filter-cartridge","8":"product_tag-18-5-inch-water-filter-cartridge","9":"product_tag-9-75-inch-carbon-filter","10":"product_tag-guangzhou-water-carbon-filter-cartridge","11":"product_tag-inversafilterpurification","12":"product_tag-water-filter-housings","14":"first","15":"instock","16":"shipping-taxable","17":"product-type-simple"},"_links":{"self":[{"href":"https:\/\/lyfilter.com\/pt\/wp-json\/wp\/v2\/product\/4339","targetHints":{"allow":["GET"]}}],"collection":[{"href":"https:\/\/lyfilter.com\/pt\/wp-json\/wp\/v2\/product"}],"about":[{"href":"https:\/\/lyfilter.com\/pt\/wp-json\/wp\/v2\/types\/product"}],"replies":[{"embeddable":true,"href":"https:\/\/lyfilter.com\/pt\/wp-json\/wp\/v2\/comments?post=4339"}],"wp:featuredmedia":[{"embeddable":true,"href":"https:\/\/lyfilter.com\/pt\/wp-json\/wp\/v2\/media\/4340"}],"wp:attachment":[{"href":"https:\/\/lyfilter.com\/pt\/wp-json\/wp\/v2\/media?parent=4339"}],"wp:term":[{"taxonomy":"product_brand","embeddable":true,"href":"https:\/\/lyfilter.com\/pt\/wp-json\/wp\/v2\/product_brand?post=4339"},{"taxonomy":"product_cat","embeddable":true,"href":"https:\/\/lyfilter.com\/pt\/wp-json\/wp\/v2\/product_cat?post=4339"},{"taxonomy":"product_tag","embeddable":true,"href":"https:\/\/lyfilter.com\/pt\/wp-json\/wp\/v2\/product_tag?post=4339"}],"curies":[{"name":"wp","href":"https:\/\/api.w.org\/{rel}","templated":true}]}}