{"id":4331,"date":"2026-04-04T08:02:54","date_gmt":"2026-04-04T08:02:54","guid":{"rendered":"https:\/\/lyfilter.com\/"},"modified":"2026-04-04T08:02:54","modified_gmt":"2026-04-04T08:02:54","slug":"lvyuan-professional-ss-cartridge-filter-housing-suppliers-for-purify","status":"publish","type":"product","link":"https:\/\/lyfilter.com\/pt\/lvyuan-professional-ss-cartridge-filter-housing-suppliers-for-purify\/","title":{"rendered":"Lvyuan Professional SS Cartridge Filter Housing Fornecedores para Purificar"},"content":{"rendered":"<h3 class=\"do-entry-title\">Embalagem e entrega<\/h3>\n<div class=\"do-entry-list\">\n<dl class=\"do-entry-item\">\n<dt class=\"do-entry-item-key\">Unidades de venda:<\/dt>\n<dd class=\"do-entry-item-val\">Artigo \u00fanico<\/dd>\n<\/dl>\n<dl class=\"do-entry-item\">\n<dt class=\"do-entry-item-key\" title=\"Tamanho da embalagem individual:\">Tamanho da embalagem individual:<\/dt>\n<dd class=\"do-entry-item-val\">50X25X25 cm<\/dd>\n<\/dl>\n<dl class=\"do-entry-item\">\n<dt class=\"do-entry-item-key\" title=\"Peso bruto \u00fanico:\">Peso bruto \u00fanico:<\/dt>\n<dd class=\"do-entry-item-val\">6.000 kg<\/dd>\n<\/dl>\n<dl class=\"do-entry-item\">\n<dt class=\"do-entry-item-key\">Tipo de embalagem:<\/dt>\n<dd class=\"do-entry-item-val pkg-method\">Caixa de filtro de \u00e1gua de a\u00e7o inoxid\u00e1vel 304 316L para purifica\u00e7\u00e3o de \u00e1gua de 10 polegadas com elemento de cartucho de filtro de \u00e1gua PP: Embalagem: Caixa padr\u00e3o de exporta\u00e7\u00e3o \/ Conforme necess\u00e1rio<\/dd>\n<\/dl>\n<dl class=\"do-entry-item\">\n<dt class=\"do-entry-item-key\" title=\"Prazo de execu\u00e7\u00e3o\">Prazo de execu\u00e7\u00e3o\u00a0<i class=\"next-icon next-icon-help next-icon-xs js-leadtimes-tips\"><\/i>:<\/dt>\n<dd class=\"do-entry-item-val\" title=\"Prazo de execu\u00e7\u00e3o\">\n<div class=\"table-responsive\">\n<table class=\"supply-ability-table ui2-table ui2-table-normal ui2-table-zebra ui2-table-hover\">\n<tbody>\n<tr>\n<td>Quantidade (unidades)<\/td>\n<td>1 - 10<\/td>\n<td>11 - 100<\/td>\n<td>&gt;100<\/td>\n<\/tr>\n<tr>\n<td>Est. Tempo (dias)<\/td>\n<td>7<\/td>\n<td>15<\/td>\n<td>A ser negociado<\/td>\n<\/tr>\n<\/tbody>\n<\/table>\n<\/div>\n<\/dd>\n<\/dl>\n<\/div>","protected":false},"excerpt":{"rendered":"<table>\n<thead>\n<tr>\n<th>Campo<\/th>\n<th>Valor<\/th>\n<\/tr>\n<\/thead>\n<tbody>\n<tr>\n<td>Local de origem<\/td>\n<td>Guangdong, China<\/td>\n<\/tr>\n<tr>\n<td>Nome da marca<\/td>\n<td>Personalizado<\/td>\n<\/tr>\n<tr>\n<td>Material<\/td>\n<td>Personalizado<\/td>\n<\/tr>\n<tr>\n<td>Peso<\/td>\n<td>Personalizado<\/td>\n<\/tr>\n<tr>\n<td>Tamanho<\/td>\n<td>Personalizado<\/td>\n<\/tr>\n<tr>\n<td>Pot\u00eancia<\/td>\n<td>Personalizado<\/td>\n<\/tr>\n<tr>\n<td>Garantia<\/td>\n<td>N\u00e3o dispon\u00edvel<\/td>\n<\/tr>\n<tr>\n<td>Nome do artigo<\/td>\n<td>Caixa do filtro de \u00e1gua em a\u00e7o inoxid\u00e1vel 304 316L de 10 polegadas<\/td>\n<\/tr>\n<tr>\n<td>Comprimento do cartucho do filtro<\/td>\n<td>10\u2033 20\u2033 30\u2033 40\u2033<\/td>\n<\/tr>\n<tr>\n<td>A\u00e7o inoxid\u00e1vel<\/td>\n<td>SUS304, SUS316L<\/td>\n<\/tr>\n<tr>\n<td>Quantidade de filtros de cartucho<\/td>\n<td>N\u00facleo \u00fanico<\/td>\n<\/tr>\n<tr>\n<td>Tratamento de superf\u00edcie<\/td>\n<td>Polido e jato de areia<\/td>\n<\/tr>\n<tr>\n<td>Anel o-ring de veda\u00e7\u00e3o<\/td>\n<td>Sil\u00e1stico\/NBR\/EPDM\/Viton<\/td>\n<\/tr>\n<tr>\n<td>Tipo de tampa superior instalada<\/td>\n<td>Tipo de bra\u00e7adeira<\/td>\n<\/tr>\n<tr>\n<td>Tipo de conetor<\/td>\n<td>222\/226\/DOE<\/td>\n<\/tr>\n<tr>\n<td>Tipo de entrada e de sa\u00edda<\/td>\n<td>Rosca interna<\/td>\n<\/tr>\n<tr>\n<td>M\u00e9todo de acondicionamento<\/td>\n<td>Caixa normalizada para exporta\u00e7\u00e3o<\/td>\n<\/tr>\n<tr>\n<td>Servi\u00e7o p\u00f3s-venda prestado<\/td>\n<td>Apoio em linha<\/td>\n<\/tr>\n<\/tbody>\n<\/table>","protected":false},"featured_media":4334,"comment_status":"open","ping_status":"closed","template":"","meta":{"_gspb_post_css":""},"product_brand":[],"product_cat":[15],"product_tag":[1534,1566,1567,1568,34,1136],"class_list":{"0":"post-4331","1":"product","2":"type-product","3":"status-publish","4":"has-post-thumbnail","6":"product_cat-stainless-steel-filter-housing","7":"product_tag-inversafilterpurification","8":"product_tag-lvyuan-cartridge-filter-housing","9":"product_tag-professional-water-filter-housing","10":"product_tag-purification-filter-housing","11":"product_tag-stainless-steel-filter-housing","12":"product_tag-water-filter-locks","14":"first","15":"instock","16":"shipping-taxable","17":"product-type-simple"},"_links":{"self":[{"href":"https:\/\/lyfilter.com\/pt\/wp-json\/wp\/v2\/product\/4331","targetHints":{"allow":["GET"]}}],"collection":[{"href":"https:\/\/lyfilter.com\/pt\/wp-json\/wp\/v2\/product"}],"about":[{"href":"https:\/\/lyfilter.com\/pt\/wp-json\/wp\/v2\/types\/product"}],"replies":[{"embeddable":true,"href":"https:\/\/lyfilter.com\/pt\/wp-json\/wp\/v2\/comments?post=4331"}],"wp:featuredmedia":[{"embeddable":true,"href":"https:\/\/lyfilter.com\/pt\/wp-json\/wp\/v2\/media\/4334"}],"wp:attachment":[{"href":"https:\/\/lyfilter.com\/pt\/wp-json\/wp\/v2\/media?parent=4331"}],"wp:term":[{"taxonomy":"product_brand","embeddable":true,"href":"https:\/\/lyfilter.com\/pt\/wp-json\/wp\/v2\/product_brand?post=4331"},{"taxonomy":"product_cat","embeddable":true,"href":"https:\/\/lyfilter.com\/pt\/wp-json\/wp\/v2\/product_cat?post=4331"},{"taxonomy":"product_tag","embeddable":true,"href":"https:\/\/lyfilter.com\/pt\/wp-json\/wp\/v2\/product_tag?post=4331"}],"curies":[{"name":"wp","href":"https:\/\/api.w.org\/{rel}","templated":true}]}}