{"id":4314,"date":"2026-04-04T07:50:08","date_gmt":"2026-04-04T07:50:08","guid":{"rendered":"https:\/\/lyfilter.com\/"},"modified":"2026-04-04T07:50:08","modified_gmt":"2026-04-04T07:50:08","slug":"pure-quality-reverse-osmosis-filtration-large-scale-water-purification-system-for-school-hospital-factory","status":"publish","type":"product","link":"https:\/\/lyfilter.com\/pt\/pure-quality-reverse-osmosis-filtration-large-scale-water-purification-system-for-school-hospital-factory\/","title":{"rendered":"Sistema de purifica\u00e7\u00e3o de \u00e1gua de grande escala com filtragem por osmose inversa de qualidade pura para f\u00e1brica de hospitais escolares"},"content":{"rendered":"<p>Constru\u00eddo para ambientes de elevada procura, este sistema de filtragem por osmose inversa fornece \u00e1gua limpa e consistente a escolas, hospitais e f\u00e1bricas. O InversaFilterPurification combina um desempenho pr\u00e1tico, um rendimento fi\u00e1vel e um design concebido para uma utiliza\u00e7\u00e3o di\u00e1ria em grande escala.<\/p>","protected":false},"excerpt":{"rendered":"<table>\n<thead>\n<tr>\n<th>Campo<\/th>\n<th>Valor<\/th>\n<\/tr>\n<\/thead>\n<tbody>\n<tr>\n<td>Local de origem<\/td>\n<td>Guangdong, China<\/td>\n<\/tr>\n<tr>\n<td>Nome da marca<\/td>\n<td>LvYuan \/ OEM<\/td>\n<\/tr>\n<tr>\n<td>Material<\/td>\n<td>cart\u00e3o \/ caixa de madeira<\/td>\n<\/tr>\n<tr>\n<td>Peso<\/td>\n<td>depende<\/td>\n<\/tr>\n<tr>\n<td>Tamanho<\/td>\n<td>depende<\/td>\n<\/tr>\n<tr>\n<td>Pot\u00eancia<\/td>\n<td>96<\/td>\n<\/tr>\n<tr>\n<td>Garantia<\/td>\n<td>1 ano<\/td>\n<\/tr>\n<tr>\n<td>Servi\u00e7o p\u00f3s-venda prestado<\/td>\n<td>Apoio em linha<\/td>\n<\/tr>\n<tr>\n<td>Nome do produto<\/td>\n<td>sistema de filtragem de \u00e1gua<\/td>\n<\/tr>\n<tr>\n<td>Filtros<\/td>\n<td>PP+GAC+CTO+RO+T33<\/td>\n<\/tr>\n<tr>\n<td>Esterilizador UV<\/td>\n<td>Op\u00e7\u00e3o<\/td>\n<\/tr>\n<tr>\n<td>Capacidade de \u00e1gua pura<\/td>\n<td>200, 300, 400, 600, 800 GPD<\/td>\n<\/tr>\n<tr>\n<td>Utilizador simult\u00e2neo<\/td>\n<td>50 a 300 pessoas<\/td>\n<\/tr>\n<tr>\n<td>Tanque de \u00e1gua<\/td>\n<td>Reservat\u00f3rio de press\u00e3o em a\u00e7o 11G\/42L<\/td>\n<\/tr>\n<tr>\n<td>Tecnologia<\/td>\n<td>Purifica\u00e7\u00e3o de \u00e1gua por osmose inversa<\/td>\n<\/tr>\n<tr>\n<td>Acess\u00f3rios el\u00e9ctricos<\/td>\n<td>Medidor de caudal, ecr\u00e3 digital e man\u00f3metro<\/td>\n<\/tr>\n<tr>\n<td>Descarga<\/td>\n<td>Lavagem autom\u00e1tica controlada por microeletr\u00f3nica<\/td>\n<\/tr>\n<tr>\n<td>Bomba de refor\u00e7o<\/td>\n<td>E-CHEN\/Grand Forest\/Dengyuan<\/td>\n<\/tr>\n<tr>\n<td>Capacidade de fornecimento<\/td>\n<td>3000 pe\u00e7as\/pe\u00e7as por m\u00eas de sistema de purifica\u00e7\u00e3o de \u00e1gua em grande escala<\/td>\n<\/tr>\n<\/tbody>\n<\/table>","protected":false},"featured_media":4318,"comment_status":"open","ping_status":"closed","template":"","meta":{"_gspb_post_css":""},"product_brand":[],"product_cat":[1558],"product_tag":[1561,1534,1559,1288,1560,1136],"class_list":{"0":"post-4314","1":"product","2":"type-product","3":"status-publish","4":"has-post-thumbnail","6":"product_cat-commercial-ro-water-purifier","7":"product_tag-industrial-ro-system","8":"product_tag-inversafilterpurification","9":"product_tag-large-scale-water-purification-system","10":"product_tag-reverse-osmosis-filtration","11":"product_tag-school-hospital-factory-water-system","12":"product_tag-water-filter-locks","14":"first","15":"instock","16":"shipping-taxable","17":"product-type-simple"},"_links":{"self":[{"href":"https:\/\/lyfilter.com\/pt\/wp-json\/wp\/v2\/product\/4314","targetHints":{"allow":["GET"]}}],"collection":[{"href":"https:\/\/lyfilter.com\/pt\/wp-json\/wp\/v2\/product"}],"about":[{"href":"https:\/\/lyfilter.com\/pt\/wp-json\/wp\/v2\/types\/product"}],"replies":[{"embeddable":true,"href":"https:\/\/lyfilter.com\/pt\/wp-json\/wp\/v2\/comments?post=4314"}],"wp:featuredmedia":[{"embeddable":true,"href":"https:\/\/lyfilter.com\/pt\/wp-json\/wp\/v2\/media\/4318"}],"wp:attachment":[{"href":"https:\/\/lyfilter.com\/pt\/wp-json\/wp\/v2\/media?parent=4314"}],"wp:term":[{"taxonomy":"product_brand","embeddable":true,"href":"https:\/\/lyfilter.com\/pt\/wp-json\/wp\/v2\/product_brand?post=4314"},{"taxonomy":"product_cat","embeddable":true,"href":"https:\/\/lyfilter.com\/pt\/wp-json\/wp\/v2\/product_cat?post=4314"},{"taxonomy":"product_tag","embeddable":true,"href":"https:\/\/lyfilter.com\/pt\/wp-json\/wp\/v2\/product_tag?post=4314"}],"curies":[{"name":"wp","href":"https:\/\/api.w.org\/{rel}","templated":true}]}}