{"id":4312,"date":"2026-04-04T07:45:28","date_gmt":"2026-04-04T07:45:28","guid":{"rendered":"https:\/\/lyfilter.com\/"},"modified":"2026-04-04T07:45:29","modified_gmt":"2026-04-04T07:45:29","slug":"high-technology-customized-5-micron-titanium-filter-cartridges-series-for-water-ozone-treatment","status":"publish","type":"product","link":"https:\/\/lyfilter.com\/pt\/high-technology-customized-5-micron-titanium-filter-cartridges-series-for-water-ozone-treatment\/","title":{"rendered":"S\u00e9rie de cartuchos de filtro de tit\u00e2nio de 5 microns personalizados de alta tecnologia para tratamento de ozono de \u00e1gua"},"content":{"rendered":"<p>Concebida para o tratamento avan\u00e7ado da \u00e1gua com ozono, esta s\u00e9rie personalizada de cartuchos de filtro de tit\u00e2nio de 5 m\u00edcrones suporta um fluxo limpo, uma forte resist\u00eancia \u00e0 corros\u00e3o e um controlo fi\u00e1vel das part\u00edculas. A InversaFilterPurification proporciona uma qualidade pr\u00e1tica com uma confian\u00e7a duradoura na filtragem.<\/p>","protected":false},"excerpt":{"rendered":"<table>\n<thead>\n<tr>\n<th>Campo<\/th>\n<th>Valor<\/th>\n<\/tr>\n<\/thead>\n<tbody>\n<tr>\n<td>Local de origem<\/td>\n<td>Guangdong, China<\/td>\n<\/tr>\n<tr>\n<td>Nome da marca<\/td>\n<td>Lvyuan\/OEM<\/td>\n<\/tr>\n<tr>\n<td>Material<\/td>\n<td>Tit\u00e2nio, tit\u00e2nio puro<\/td>\n<\/tr>\n<tr>\n<td>Peso<\/td>\n<td>Personalizado<\/td>\n<\/tr>\n<tr>\n<td>Tamanho<\/td>\n<td>Personalizado<\/td>\n<\/tr>\n<tr>\n<td>Pot\u00eancia<\/td>\n<td>0<\/td>\n<\/tr>\n<tr>\n<td>Garantia<\/td>\n<td>N\u00e3o dispon\u00edvel<\/td>\n<\/tr>\n<tr>\n<td>Nome do artigo<\/td>\n<td>S\u00e9rie de cartuchos de filtro de tit\u00e2nio personalizados de alta tecnologia<\/td>\n<\/tr>\n<tr>\n<td>Interface<\/td>\n<td>222,226,227,Flat,M20,M30,M42<\/td>\n<\/tr>\n<tr>\n<td>Di\u00e2metro exterior<\/td>\n<td>60mm<\/td>\n<\/tr>\n<tr>\n<td>Comprimento<\/td>\n<td>5 ~ 40 polegadas<\/td>\n<\/tr>\n<tr>\n<td>Micron<\/td>\n<td>0,1 ~ 100 m\u00edcrones<\/td>\n<\/tr>\n<tr>\n<td>Porosidade<\/td>\n<td>28~50%<\/td>\n<\/tr>\n<tr>\n<td>Toler\u00e2ncia de temperatura<\/td>\n<td>\u2264300\u2103(h\u00famido)<\/td>\n<\/tr>\n<tr>\n<td>Utiliza\u00e7\u00e3o<\/td>\n<td>filtrar \u00e1gua mineral, vinho, ozono, etc.<\/td>\n<\/tr>\n<tr>\n<td>Forma de lavagem<\/td>\n<td>Lavagem de po\u00e7os e retrolavagem<\/td>\n<\/tr>\n<tr>\n<td>Servi\u00e7o p\u00f3s-venda prestado<\/td>\n<td>Apoio em linha<\/td>\n<\/tr>\n<tr>\n<td>Capacidade de fornecimento<\/td>\n<td>500 pe\u00e7as\/pe\u00e7as por dia<\/td>\n<\/tr>\n<\/tbody>\n<\/table>","protected":false},"featured_media":4313,"comment_status":"open","ping_status":"closed","template":"","meta":{"_gspb_post_css":""},"product_brand":[],"product_cat":[1141],"product_tag":[1554,1556,1534,1557,1136,1555],"class_list":{"0":"post-4312","1":"product","2":"type-product","3":"status-publish","4":"has-post-thumbnail","6":"product_cat-titanium-filter-cartridge","7":"product_tag-5-micron-titanium-filter-cartridges","8":"product_tag-customized-titanium-filter-cartridge","9":"product_tag-inversafilterpurification","10":"product_tag-sintered-titanium-water-filter","11":"product_tag-water-filter-locks","12":"product_tag-water-ozone-treatment-filter","14":"first","15":"instock","16":"shipping-taxable","17":"product-type-simple"},"_links":{"self":[{"href":"https:\/\/lyfilter.com\/pt\/wp-json\/wp\/v2\/product\/4312","targetHints":{"allow":["GET"]}}],"collection":[{"href":"https:\/\/lyfilter.com\/pt\/wp-json\/wp\/v2\/product"}],"about":[{"href":"https:\/\/lyfilter.com\/pt\/wp-json\/wp\/v2\/types\/product"}],"replies":[{"embeddable":true,"href":"https:\/\/lyfilter.com\/pt\/wp-json\/wp\/v2\/comments?post=4312"}],"wp:featuredmedia":[{"embeddable":true,"href":"https:\/\/lyfilter.com\/pt\/wp-json\/wp\/v2\/media\/4313"}],"wp:attachment":[{"href":"https:\/\/lyfilter.com\/pt\/wp-json\/wp\/v2\/media?parent=4312"}],"wp:term":[{"taxonomy":"product_brand","embeddable":true,"href":"https:\/\/lyfilter.com\/pt\/wp-json\/wp\/v2\/product_brand?post=4312"},{"taxonomy":"product_cat","embeddable":true,"href":"https:\/\/lyfilter.com\/pt\/wp-json\/wp\/v2\/product_cat?post=4312"},{"taxonomy":"product_tag","embeddable":true,"href":"https:\/\/lyfilter.com\/pt\/wp-json\/wp\/v2\/product_tag?post=4312"}],"curies":[{"name":"wp","href":"https:\/\/api.w.org\/{rel}","templated":true}]}}