{"id":4290,"date":"2026-04-04T07:30:39","date_gmt":"2026-04-04T07:30:39","guid":{"rendered":"https:\/\/lyfilter.com\/"},"modified":"2026-04-04T07:30:39","modified_gmt":"2026-04-04T07:30:39","slug":"pp-pleated-filter-cartridge-wholesaler-for-sea-water","status":"publish","type":"product","link":"https:\/\/lyfilter.com\/pt\/pp-pleated-filter-cartridge-wholesaler-for-sea-water\/","title":{"rendered":"Cartucho de filtro plissado PP atacadista para \u00e1gua do mar"},"content":{"rendered":"<p><b>Vantagens da empresa<\/b><br \/>\n<b>1.<\/b>\u00a0O filtro de \u00e1gua plissado de 20 m\u00edcrones Lvyuan foi seriamente testado. As suas propriedades como a resist\u00eancia, ductilidade e tenacidade s\u00e3o todas verificadas por estes testes. Pode controlar eficazmente a precis\u00e3o da filtragem<br \/>\n<b>2.<\/b>\u00a0Ao longo dos anos, desenvolvemos uma compet\u00eancia acrescida no estabelecimento de PP\u00a0<a href=\"https:\/\/lyfilter.com\/pt\/pleated-filter-cartridge.html\/\">cartucho de filtro plissado<\/a>\u00a0. Tamb\u00e9m pode filtrar part\u00edculas, organismos microbianos, \u00f3xido f\u00e9rrico e outras impurezas<br \/>\n<b>3.<\/b>\u00a0O produto apresenta uma elevada seguran\u00e7a durante o funcionamento. Porque tem prote\u00e7\u00e3o autom\u00e1tica contra fugas de energia e curto-circuitos. Est\u00e1 dispon\u00edvel numa vasta sele\u00e7\u00e3o de classifica\u00e7\u00f5es de microns de 1 a 100 \u03bcm<br \/>\n<b>4.<\/b>\u00a0O produto pode acender-se instantaneamente. Os seus elementos de ilumina\u00e7\u00e3o de alta intensidade podem n\u00e3o s\u00f3 suportar o impacto da corrente instant\u00e2nea, mas tamb\u00e9m entrar no estado normal de funcionamento pela primeira vez. Possui um caudal elevado e uma precis\u00e3o de filtragem est\u00e1vel<\/p>","protected":false},"excerpt":{"rendered":"<table>\n<thead>\n<tr>\n<th>Campo<\/th>\n<th>Valor<\/th>\n<\/tr>\n<\/thead>\n<tbody>\n<tr>\n<td>Sectores aplic\u00e1veis<\/td>\n<td>F\u00e1brica de produ\u00e7\u00e3o, F\u00e1brica de alimentos e bebidas, tratamento de \u00e1gua<\/td>\n<\/tr>\n<tr>\n<td>Local de origem<\/td>\n<td>Guangdong, China<\/td>\n<\/tr>\n<tr>\n<td>Nome da marca<\/td>\n<td>Lvyuan, OEM, ODM<\/td>\n<\/tr>\n<tr>\n<td>Material<\/td>\n<td>pp\/PES\/PVDF\/PTFE\/Nylon<\/td>\n<\/tr>\n<tr>\n<td>Peso<\/td>\n<td>personalizado<\/td>\n<\/tr>\n<tr>\n<td>Tamanho<\/td>\n<td>personalizado, slim, jumbo<\/td>\n<\/tr>\n<tr>\n<td>Pot\u00eancia<\/td>\n<td>0<\/td>\n<\/tr>\n<tr>\n<td>Garantia<\/td>\n<td>N\u00e3o dispon\u00edvel<\/td>\n<\/tr>\n<tr>\n<td>Carater\u00edstica<\/td>\n<td>aumento da \u00e1rea de filtragem<\/td>\n<\/tr>\n<tr>\n<td>Certifica\u00e7\u00e3o<\/td>\n<td>SGS<\/td>\n<\/tr>\n<tr>\n<td>Forma<\/td>\n<td>cilindro<\/td>\n<\/tr>\n<tr>\n<td>Utiliza\u00e7\u00e3o<\/td>\n<td>tratamento da \u00e1gua<\/td>\n<\/tr>\n<tr>\n<td>Aplica\u00e7\u00e3o<\/td>\n<td>setorial<\/td>\n<\/tr>\n<tr>\n<td>Cor<\/td>\n<td>branco<\/td>\n<\/tr>\n<tr>\n<td>Embalagem<\/td>\n<td>caixa de papel<\/td>\n<\/tr>\n<tr>\n<td>Outro nome<\/td>\n<td>cartucho de filtro dobr\u00e1vel<\/td>\n<\/tr>\n<tr>\n<td>taxa de mircroniza\u00e7\u00e3o<\/td>\n<td>0,1 m\u00edcron a 100 m\u00edcron<\/td>\n<\/tr>\n<tr>\n<td>Servi\u00e7o p\u00f3s-venda prestado<\/td>\n<td>Apoio em linha<\/td>\n<\/tr>\n<tr>\n<td>Capacidade de fornecimento<\/td>\n<td>5000 pe\u00e7as\/pe\u00e7as por m\u00eas<\/td>\n<\/tr>\n<\/tbody>\n<\/table>","protected":false},"featured_media":4295,"comment_status":"open","ping_status":"closed","template":"","meta":{"_gspb_post_css":""},"product_brand":[],"product_cat":[21],"product_tag":[1534,1548,1181,1293,1549,1136],"class_list":{"0":"post-4290","1":"product","2":"type-product","3":"status-publish","4":"has-post-thumbnail","6":"product_cat-pleated-filter-cartridge","7":"product_tag-inversafilterpurification","8":"product_tag-pp-filter-wholesaler","9":"product_tag-pp-pleated-filter-cartridge","10":"product_tag-sea-water-filter-cartridge","11":"product_tag-sediment-filtration","12":"product_tag-water-filter-locks","14":"first","15":"instock","16":"shipping-taxable","17":"product-type-simple"},"_links":{"self":[{"href":"https:\/\/lyfilter.com\/pt\/wp-json\/wp\/v2\/product\/4290","targetHints":{"allow":["GET"]}}],"collection":[{"href":"https:\/\/lyfilter.com\/pt\/wp-json\/wp\/v2\/product"}],"about":[{"href":"https:\/\/lyfilter.com\/pt\/wp-json\/wp\/v2\/types\/product"}],"replies":[{"embeddable":true,"href":"https:\/\/lyfilter.com\/pt\/wp-json\/wp\/v2\/comments?post=4290"}],"wp:featuredmedia":[{"embeddable":true,"href":"https:\/\/lyfilter.com\/pt\/wp-json\/wp\/v2\/media\/4295"}],"wp:attachment":[{"href":"https:\/\/lyfilter.com\/pt\/wp-json\/wp\/v2\/media?parent=4290"}],"wp:term":[{"taxonomy":"product_brand","embeddable":true,"href":"https:\/\/lyfilter.com\/pt\/wp-json\/wp\/v2\/product_brand?post=4290"},{"taxonomy":"product_cat","embeddable":true,"href":"https:\/\/lyfilter.com\/pt\/wp-json\/wp\/v2\/product_cat?post=4290"},{"taxonomy":"product_tag","embeddable":true,"href":"https:\/\/lyfilter.com\/pt\/wp-json\/wp\/v2\/product_tag?post=4290"}],"curies":[{"name":"wp","href":"https:\/\/api.w.org\/{rel}","templated":true}]}}