{"id":4276,"date":"2026-04-04T07:14:56","date_gmt":"2026-04-04T07:14:56","guid":{"rendered":"https:\/\/lyfilter.com\/"},"modified":"2026-04-04T07:14:56","modified_gmt":"2026-04-04T07:14:56","slug":"professional-stainless-water-filter-housing-stainless-water-filter-housing-company","status":"publish","type":"product","link":"https:\/\/lyfilter.com\/pt\/professional-stainless-water-filter-housing-stainless-water-filter-housing-company\/","title":{"rendered":"Carca\u00e7a de filtro de \u00e1gua inoxid\u00e1vel profissional Carca\u00e7a de filtro de \u00e1gua inoxid\u00e1vel Empresa"},"content":{"rendered":"<p>Constru\u00edda para um desempenho fi\u00e1vel e limpo, esta caixa de filtro de \u00e1gua inoxid\u00e1vel d\u00e1 \u00e0 sua instala\u00e7\u00e3o um toque seguro e profissional. O InversaFilterPurification oferece uma constru\u00e7\u00e3o duradoura que suporta um fluxo mais seguro e uma paz de esp\u00edrito a longo prazo.<\/p>","protected":false},"excerpt":{"rendered":"<table>\n<thead>\n<tr>\n<th>Campo<\/th>\n<th>Valor<\/th>\n<\/tr>\n<\/thead>\n<tbody>\n<tr>\n<td>Sectores aplic\u00e1veis<\/td>\n<td>F\u00e1brica de produ\u00e7\u00e3o, F\u00e1brica de alimentos e bebidas, Quintas, Restaurante, Loja de alimentos, Energia e minas, Lojas de alimentos e bebidas<\/td>\n<\/tr>\n<tr>\n<td>Local de origem<\/td>\n<td>Guangdong, China<\/td>\n<\/tr>\n<tr>\n<td>Nome da marca<\/td>\n<td>Lvyuan\/OEM<\/td>\n<\/tr>\n<tr>\n<td>Material<\/td>\n<td>Personalizado<\/td>\n<\/tr>\n<tr>\n<td>Peso<\/td>\n<td>Personalizado<\/td>\n<\/tr>\n<tr>\n<td>Tamanho<\/td>\n<td>Personalizado<\/td>\n<\/tr>\n<tr>\n<td>Pot\u00eancia<\/td>\n<td>Personalizado<\/td>\n<\/tr>\n<tr>\n<td>Garantia<\/td>\n<td>1 ano<\/td>\n<\/tr>\n<tr>\n<td>Servi\u00e7o p\u00f3s-venda prestado<\/td>\n<td>Apoio em linha<\/td>\n<\/tr>\n<tr>\n<td>Nome do modelo<\/td>\n<td>Filtro com caixa de a\u00e7o inoxid\u00e1vel Sistema de filtragem de \u00e1gua de cartucho de 1~7 fases<\/td>\n<\/tr>\n<tr>\n<td>Comprimento<\/td>\n<td>10 polegadas, 20 polegadas, 30 polegadas, 40 polegadas<\/td>\n<\/tr>\n<tr>\n<td>Utiliza\u00e7\u00e3o<\/td>\n<td>Filtragem de \u00f3leo\/g\u00e1s\/ar\/\u00e1gua l\u00edquida<\/td>\n<\/tr>\n<tr>\n<td>Material do corpo principal<\/td>\n<td>A\u00e7o inoxid\u00e1vel 304 \/ 316L<\/td>\n<\/tr>\n<tr>\n<td>Tipo de caixa do filtro<\/td>\n<td>Tubular<\/td>\n<\/tr>\n<tr>\n<td>Princ\u00edpio<\/td>\n<td>Filtragem por press\u00e3o<\/td>\n<\/tr>\n<tr>\n<td>Fases<\/td>\n<td>1 - 7 fases<\/td>\n<\/tr>\n<tr>\n<td>Embalagem<\/td>\n<td>Embalagem de rede ou caixa de madeira<\/td>\n<\/tr>\n<tr>\n<td>Filtro<\/td>\n<td>Filtro de mangas e filtro de cartucho<\/td>\n<\/tr>\n<tr>\n<td>Carrinho<\/td>\n<td>A\u00e7o inoxid\u00e1vel 304\/316L<\/td>\n<\/tr>\n<tr>\n<td>Capacidade de fornecimento<\/td>\n<td>100 pe\u00e7as\/pe\u00e7as por dia<\/td>\n<\/tr>\n<\/tbody>\n<\/table>","protected":false},"featured_media":4279,"comment_status":"open","ping_status":"closed","template":"","meta":{"_gspb_post_css":""},"product_brand":[],"product_cat":[15],"product_tag":[38,1534,1542,1541,1540,1136],"class_list":{"0":"post-4276","1":"product","2":"type-product","3":"status-publish","4":"has-post-thumbnail","6":"product_cat-stainless-steel-filter-housing","7":"product_tag-industrial-water-filtration","8":"product_tag-inversafilterpurification","9":"product_tag-secure-water-filter-system","10":"product_tag-stainless-filter-housing","11":"product_tag-stainless-water-filter-housing","12":"product_tag-water-filter-locks","14":"first","15":"instock","16":"shipping-taxable","17":"product-type-simple"},"_links":{"self":[{"href":"https:\/\/lyfilter.com\/pt\/wp-json\/wp\/v2\/product\/4276","targetHints":{"allow":["GET"]}}],"collection":[{"href":"https:\/\/lyfilter.com\/pt\/wp-json\/wp\/v2\/product"}],"about":[{"href":"https:\/\/lyfilter.com\/pt\/wp-json\/wp\/v2\/types\/product"}],"replies":[{"embeddable":true,"href":"https:\/\/lyfilter.com\/pt\/wp-json\/wp\/v2\/comments?post=4276"}],"wp:featuredmedia":[{"embeddable":true,"href":"https:\/\/lyfilter.com\/pt\/wp-json\/wp\/v2\/media\/4279"}],"wp:attachment":[{"href":"https:\/\/lyfilter.com\/pt\/wp-json\/wp\/v2\/media?parent=4276"}],"wp:term":[{"taxonomy":"product_brand","embeddable":true,"href":"https:\/\/lyfilter.com\/pt\/wp-json\/wp\/v2\/product_brand?post=4276"},{"taxonomy":"product_cat","embeddable":true,"href":"https:\/\/lyfilter.com\/pt\/wp-json\/wp\/v2\/product_cat?post=4276"},{"taxonomy":"product_tag","embeddable":true,"href":"https:\/\/lyfilter.com\/pt\/wp-json\/wp\/v2\/product_tag?post=4276"}],"curies":[{"name":"wp","href":"https:\/\/api.w.org\/{rel}","templated":true}]}}