{"id":4260,"date":"2026-04-04T06:57:14","date_gmt":"2026-04-04T06:57:14","guid":{"rendered":"https:\/\/lyfilter.com\/"},"modified":"2026-04-04T06:57:15","modified_gmt":"2026-04-04T06:57:15","slug":"pp-filter-cartridge-wholesale-lvyuan-filter","status":"publish","type":"product","link":"https:\/\/lyfilter.com\/pt\/pp-filter-cartridge-wholesale-lvyuan-filter\/","title":{"rendered":"Cartucho de Filtro Pp Atacado - Filtro Lvyuan"},"content":{"rendered":"<p><b>Detalhe r\u00e1pido<\/b><\/p>\n<p>O equipamento mec\u00e2nico da Lvyuan Water Purification Equipment tem design razo\u00e1vel, estrutura compacta e desempenho est\u00e1vel. Al\u00e9m disso, o nosso produto \u00e9 f\u00e1cil e conveniente de ser operado e instalado. Guangzhou Lvyuan Water Purification Equipment Co., Ltd. presta grande aten\u00e7\u00e3o na sele\u00e7\u00e3o dos melhores materiais a serem utilizados na nossa cole\u00e7\u00e3o de cartuchos de filtro pp. O produto \u00e9 de alta qualidade e desempenho fi\u00e1vel. Guangzhou Lvyuan Water Purification Equipment Co., Ltd. tornou-se uma das empresas de grande escala no campo profissional global de cartuchos de filtro pp.<\/p>\n<p>&nbsp;<\/p>\n<p><b>Informa\u00e7\u00f5es sobre o produto<\/b><\/p>\n<p>Com foco na qualidade do produto, Lvyuan Water Purification Equipment esfor\u00e7a-se para a excel\u00eancia de qualidade na produ\u00e7\u00e3o de cartucho de filtro pp.<\/p>","protected":false},"excerpt":{"rendered":"<table>\n<thead>\n<tr>\n<th>Sectores aplic\u00e1veis<\/th>\n<th>F\u00e1brica de produ\u00e7\u00e3o, F\u00e1brica de alimentos e bebidas, Uso dom\u00e9stico, tratamento de \u00e1gua<\/th>\n<th>Local de origem<\/th>\n<th>Guangdong, China<\/th>\n<\/tr>\n<\/thead>\n<tbody>\n<tr>\n<td>Nome da marca<\/td>\n<td>Lvyuan, OEM, ODM<\/td>\n<td>Material<\/td>\n<td>pp<\/td>\n<\/tr>\n<tr>\n<td>Peso<\/td>\n<td>personalizado<\/td>\n<td>Tamanho<\/td>\n<td>personalizado, slim, jumbo<\/td>\n<\/tr>\n<tr>\n<td>Pot\u00eancia<\/td>\n<td>0<\/td>\n<td>Garantia<\/td>\n<td>N\u00e3o dispon\u00edvel<\/td>\n<\/tr>\n<tr>\n<td>Carater\u00edstica<\/td>\n<td>tamanho e log\u00f3tipo personalizados em a\u00e7o<\/td>\n<td>Certifica\u00e7\u00e3o<\/td>\n<td>SGS<\/td>\n<\/tr>\n<tr>\n<td>Forma<\/td>\n<td>cilindro<\/td>\n<td>Utiliza\u00e7\u00e3o<\/td>\n<td>tratamento da \u00e1gua<\/td>\n<\/tr>\n<tr>\n<td>Aplica\u00e7\u00e3o<\/td>\n<td>setorial<\/td>\n<td>Cor<\/td>\n<td>branco<\/td>\n<\/tr>\n<tr>\n<td>Embalagem<\/td>\n<td>caixa de papel<\/td>\n<td>Mat\u00e9ria-prima<\/td>\n<td>fibra pp<\/td>\n<\/tr>\n<tr>\n<td>Apar\u00eancia<\/td>\n<td>em relevo, brilhante, etc.<\/td>\n<td>Servi\u00e7o p\u00f3s-venda prestado<\/td>\n<td>Apoio em linha<\/td>\n<\/tr>\n<tr>\n<td>Capacidade de fornecimento<\/td>\n<td>5000 pe\u00e7as\/pe\u00e7as por semana<\/td>\n<td><\/td>\n<td><\/td>\n<\/tr>\n<\/tbody>\n<\/table>","protected":false},"featured_media":4266,"comment_status":"open","ping_status":"closed","template":"","meta":{"_gspb_post_css":""},"product_brand":[],"product_cat":[23],"product_tag":[1534,1242,648,1136,866,1536],"class_list":{"0":"post-4260","1":"product","2":"type-product","3":"status-publish","4":"has-post-thumbnail","6":"product_cat-pp-filter-cartridge","7":"product_tag-inversafilterpurification","8":"product_tag-lvyuan-filter","9":"product_tag-pp-filter-cartridge","10":"product_tag-water-filter-locks","11":"product_tag-water-filtration-cartridge","12":"product_tag-wholesale-filter-cartridge","14":"first","15":"instock","16":"shipping-taxable","17":"product-type-simple"},"_links":{"self":[{"href":"https:\/\/lyfilter.com\/pt\/wp-json\/wp\/v2\/product\/4260","targetHints":{"allow":["GET"]}}],"collection":[{"href":"https:\/\/lyfilter.com\/pt\/wp-json\/wp\/v2\/product"}],"about":[{"href":"https:\/\/lyfilter.com\/pt\/wp-json\/wp\/v2\/types\/product"}],"replies":[{"embeddable":true,"href":"https:\/\/lyfilter.com\/pt\/wp-json\/wp\/v2\/comments?post=4260"}],"wp:featuredmedia":[{"embeddable":true,"href":"https:\/\/lyfilter.com\/pt\/wp-json\/wp\/v2\/media\/4266"}],"wp:attachment":[{"href":"https:\/\/lyfilter.com\/pt\/wp-json\/wp\/v2\/media?parent=4260"}],"wp:term":[{"taxonomy":"product_brand","embeddable":true,"href":"https:\/\/lyfilter.com\/pt\/wp-json\/wp\/v2\/product_brand?post=4260"},{"taxonomy":"product_cat","embeddable":true,"href":"https:\/\/lyfilter.com\/pt\/wp-json\/wp\/v2\/product_cat?post=4260"},{"taxonomy":"product_tag","embeddable":true,"href":"https:\/\/lyfilter.com\/pt\/wp-json\/wp\/v2\/product_tag?post=4260"}],"curies":[{"name":"wp","href":"https:\/\/api.w.org\/{rel}","templated":true}]}}