{"id":4226,"date":"2026-04-04T06:34:39","date_gmt":"2026-04-04T06:34:39","guid":{"rendered":"https:\/\/lyfilter.com\/"},"modified":"2026-04-04T06:34:39","modified_gmt":"2026-04-04T06:34:39","slug":"customized-activated-carbon-filter-element-suppliers-for-water","status":"publish","type":"product","link":"https:\/\/lyfilter.com\/pt\/customized-activated-carbon-filter-element-suppliers-for-water\/","title":{"rendered":"Elemento de filtro de carv\u00e3o ativado personalizado Fornecedores para \u00e1gua"},"content":{"rendered":"<p>Concebido para uma \u00e1gua mais limpa e uma filtragem mais suave, este elemento filtrante personalizado de carv\u00e3o ativado ajuda a reduzir o odor, o cloro e as impurezas indesejadas. O seu forte desempenho de adsor\u00e7\u00e3o suporta um fluxo constante e uma utiliza\u00e7\u00e3o di\u00e1ria fi\u00e1vel em sistemas de tratamento de \u00e1gua.<\/p>","protected":false},"excerpt":{"rendered":"<table>\n<thead>\n<tr>\n<th>Campo<\/th>\n<th>Valor<\/th>\n<\/tr>\n<\/thead>\n<tbody>\n<tr>\n<td>Sectores aplic\u00e1veis<\/td>\n<td>F\u00e1brica de produ\u00e7\u00e3o; F\u00e1brica de alimentos e bebidas; tratamento de \u00e1gua<\/td>\n<\/tr>\n<tr>\n<td>Local de origem<\/td>\n<td>Guangdong, China<\/td>\n<\/tr>\n<tr>\n<td>Nome da marca<\/td>\n<td>Lvyuan ou OEM\/ ODM<\/td>\n<\/tr>\n<tr>\n<td>Material<\/td>\n<td>carv\u00e3o de coco, carv\u00e3o de coco, carv\u00e3o de carv\u00e3o<\/td>\n<\/tr>\n<tr>\n<td>Peso<\/td>\n<td>personalizado<\/td>\n<\/tr>\n<tr>\n<td>Tamanho<\/td>\n<td>personalizado, personalizado<\/td>\n<\/tr>\n<tr>\n<td>Pot\u00eancia<\/td>\n<td>0<\/td>\n<\/tr>\n<tr>\n<td>Garantia<\/td>\n<td>N\u00e3o dispon\u00edvel<\/td>\n<\/tr>\n<tr>\n<td>Servi\u00e7o p\u00f3s-venda prestado<\/td>\n<td>Suporte online, Suporte online<\/td>\n<\/tr>\n<tr>\n<td>Carater\u00edstica<\/td>\n<td>eliminar odores, sedimentos, cheiros, etc.<\/td>\n<\/tr>\n<tr>\n<td>Aplica\u00e7\u00e3o<\/td>\n<td>Pr\u00e9-filtragem<\/td>\n<\/tr>\n<tr>\n<td>Cor<\/td>\n<td>Preto\/cinzento<\/td>\n<\/tr>\n<tr>\n<td>Tipo<\/td>\n<td>Pe\u00e7as para filtros de \u00e1gua<\/td>\n<\/tr>\n<tr>\n<td>Di\u00e2metro<\/td>\n<td>personalizado<\/td>\n<\/tr>\n<tr>\n<td>Palavras-chave<\/td>\n<td>s\u00e9ries de carv\u00e3o ativado<\/td>\n<\/tr>\n<tr>\n<td>taxa de microns<\/td>\n<td>5\/10\/25 m\u00edcrones<\/td>\n<\/tr>\n<tr>\n<td>Capacidade de fornecimento<\/td>\n<td>500 pe\u00e7as\/pe\u00e7as por semana<\/td>\n<\/tr>\n<\/tbody>\n<\/table>","protected":false},"featured_media":4228,"comment_status":"open","ping_status":"closed","template":"","meta":{"_gspb_post_css":""},"product_brand":[],"product_cat":[1339],"product_tag":[1292,1525,1523,1486,1136,1524],"class_list":{"0":"post-4226","1":"product","2":"type-product","3":"status-publish","4":"has-post-thumbnail","6":"product_cat-carbon-filter","7":"product_tag-activated-carbon-water-filter","8":"product_tag-carbon-filter-suppliers","9":"product_tag-customized-activated-carbon-filter-element","10":"product_tag-industrial-carbon-filter-element","11":"product_tag-water-filter-locks","12":"product_tag-water-purification-carbon-filter","14":"first","15":"instock","16":"shipping-taxable","17":"product-type-simple"},"_links":{"self":[{"href":"https:\/\/lyfilter.com\/pt\/wp-json\/wp\/v2\/product\/4226","targetHints":{"allow":["GET"]}}],"collection":[{"href":"https:\/\/lyfilter.com\/pt\/wp-json\/wp\/v2\/product"}],"about":[{"href":"https:\/\/lyfilter.com\/pt\/wp-json\/wp\/v2\/types\/product"}],"replies":[{"embeddable":true,"href":"https:\/\/lyfilter.com\/pt\/wp-json\/wp\/v2\/comments?post=4226"}],"wp:featuredmedia":[{"embeddable":true,"href":"https:\/\/lyfilter.com\/pt\/wp-json\/wp\/v2\/media\/4228"}],"wp:attachment":[{"href":"https:\/\/lyfilter.com\/pt\/wp-json\/wp\/v2\/media?parent=4226"}],"wp:term":[{"taxonomy":"product_brand","embeddable":true,"href":"https:\/\/lyfilter.com\/pt\/wp-json\/wp\/v2\/product_brand?post=4226"},{"taxonomy":"product_cat","embeddable":true,"href":"https:\/\/lyfilter.com\/pt\/wp-json\/wp\/v2\/product_cat?post=4226"},{"taxonomy":"product_tag","embeddable":true,"href":"https:\/\/lyfilter.com\/pt\/wp-json\/wp\/v2\/product_tag?post=4226"}],"curies":[{"name":"wp","href":"https:\/\/api.w.org\/{rel}","templated":true}]}}