{"id":4216,"date":"2026-04-04T06:27:05","date_gmt":"2026-04-04T06:27:05","guid":{"rendered":"https:\/\/lyfilter.com\/"},"modified":"2026-04-04T06:27:05","modified_gmt":"2026-04-04T06:27:05","slug":"lvyuan-string-wound-filter-cartridge-exporter-for-water","status":"publish","type":"product","link":"https:\/\/lyfilter.com\/pt\/lvyuan-string-wound-filter-cartridge-exporter-for-water\/","title":{"rendered":"Exportador de cartucho de filtro enrolado em corda Lvyuan para \u00e1gua"},"content":{"rendered":"<p>Constru\u00eddo para uma \u00e1gua mais limpa e uma filtragem est\u00e1vel, este cartucho de filtro enrolado em cadeia da Lvyuan ajuda a reduzir os sedimentos e as part\u00edculas em suspens\u00e3o, mantendo o fluxo consistente. A sua estrutura em camadas permite um desempenho fi\u00e1vel e uma substitui\u00e7\u00e3o di\u00e1ria pr\u00e1tica.<\/p>","protected":false},"excerpt":{"rendered":"<table>\n<thead>\n<tr>\n<th>Atributo<\/th>\n<th>Valor<\/th>\n<th>Atributo<\/th>\n<th>Valor<\/th>\n<\/tr>\n<\/thead>\n<tbody>\n<tr>\n<td>Servi\u00e7o p\u00f3s-garantia<\/td>\n<td>Apoio em linha<\/td>\n<td>Localiza\u00e7\u00e3o do servi\u00e7o local<\/td>\n<td>nenhum<\/td>\n<\/tr>\n<tr>\n<td>Localiza\u00e7\u00e3o da sala de exposi\u00e7\u00f5es<\/td>\n<td>nenhum<\/td>\n<td>Local de origem<\/td>\n<td>Guangdong, China<\/td>\n<\/tr>\n<tr>\n<td>Nome da marca<\/td>\n<td>Lvyuan \/ OEM<\/td>\n<td>Material<\/td>\n<td>cart\u00e3o, PP \/ algod\u00e3o \/ fibra de vidro<\/td>\n<\/tr>\n<tr>\n<td>Peso<\/td>\n<td>depende<\/td>\n<td>Tamanho<\/td>\n<td>depende<\/td>\n<\/tr>\n<tr>\n<td>Pot\u00eancia<\/td>\n<td>0<\/td>\n<td>Garantia<\/td>\n<td>N\u00e3o dispon\u00edvel<\/td>\n<\/tr>\n<tr>\n<td>Nome do produto<\/td>\n<td>Cartucho de filtro enrolado em fio pp de 20 polegadas<\/td>\n<td>Taxa de microns<\/td>\n<td>Cartucho de filtro de 1, 3, 5, 10 m\u00edcrones<\/td>\n<\/tr>\n<tr>\n<td>N\u00facleo interno<\/td>\n<td>PP ou a\u00e7o inoxid\u00e1vel<\/td>\n<td>Comprimento<\/td>\n<td>5\u2033, 10\u2033, 20\u2033, 30\u2033, 40\u2033, 50\u201d polegadas<\/td>\n<\/tr>\n<tr>\n<td>Material da junta\/anel<\/td>\n<td>Sil\u00edcio\/EPDM\/Vit\u00e3o<\/td>\n<td>Utiliza\u00e7\u00e3o<\/td>\n<td>filtro de l\u00edquidos, pe\u00e7as para filtros de \u00e1gua<\/td>\n<\/tr>\n<tr>\n<td>Di\u00e2metro interior<\/td>\n<td>28, 30 mm<\/td>\n<td>Di\u00e2metro exterior<\/td>\n<td>60~62mm, Jumbo 110~115mm<\/td>\n<\/tr>\n<tr>\n<td>Certifica\u00e7\u00e3o<\/td>\n<td>CE SGS ISO<\/td>\n<td>Capacidade de fornecimento<\/td>\n<td>5000 Pe\u00e7as\/Pe\u00e7as por dia de cartucho de filtro de fio de algod\u00e3o<\/td>\n<\/tr>\n<\/tbody>\n<\/table>","protected":false},"featured_media":4218,"comment_status":"open","ping_status":"closed","template":"","meta":{"_gspb_post_css":""},"product_brand":[],"product_cat":[1095],"product_tag":[1517,1515,1518,1516,357,1136],"class_list":{"0":"post-4216","1":"product","2":"type-product","3":"status-publish","4":"has-post-thumbnail","6":"product_cat-string-wound-filter-cartridge","7":"product_tag-industrial-water-purification-filter","8":"product_tag-lvyuan-string-wound-filter-cartridge","9":"product_tag-replacement-string-wound-filter","10":"product_tag-string-wound-sediment-filter","11":"product_tag-water-filter-cartridge","12":"product_tag-water-filter-locks","14":"first","15":"instock","16":"shipping-taxable","17":"product-type-simple"},"_links":{"self":[{"href":"https:\/\/lyfilter.com\/pt\/wp-json\/wp\/v2\/product\/4216","targetHints":{"allow":["GET"]}}],"collection":[{"href":"https:\/\/lyfilter.com\/pt\/wp-json\/wp\/v2\/product"}],"about":[{"href":"https:\/\/lyfilter.com\/pt\/wp-json\/wp\/v2\/types\/product"}],"replies":[{"embeddable":true,"href":"https:\/\/lyfilter.com\/pt\/wp-json\/wp\/v2\/comments?post=4216"}],"wp:featuredmedia":[{"embeddable":true,"href":"https:\/\/lyfilter.com\/pt\/wp-json\/wp\/v2\/media\/4218"}],"wp:attachment":[{"href":"https:\/\/lyfilter.com\/pt\/wp-json\/wp\/v2\/media?parent=4216"}],"wp:term":[{"taxonomy":"product_brand","embeddable":true,"href":"https:\/\/lyfilter.com\/pt\/wp-json\/wp\/v2\/product_brand?post=4216"},{"taxonomy":"product_cat","embeddable":true,"href":"https:\/\/lyfilter.com\/pt\/wp-json\/wp\/v2\/product_cat?post=4216"},{"taxonomy":"product_tag","embeddable":true,"href":"https:\/\/lyfilter.com\/pt\/wp-json\/wp\/v2\/product_tag?post=4216"}],"curies":[{"name":"wp","href":"https:\/\/api.w.org\/{rel}","templated":true}]}}