{"id":4211,"date":"2026-04-04T06:24:57","date_gmt":"2026-04-04T06:24:57","guid":{"rendered":"https:\/\/lyfilter.com\/"},"modified":"2026-04-04T06:24:57","modified_gmt":"2026-04-04T06:24:57","slug":"cleanable-20-inch-0-2-micron-sintered-titanium-water-filter-candle-porous-titanium-filter","status":"publish","type":"product","link":"https:\/\/lyfilter.com\/pt\/cleanable-20-inch-0-2-micron-sintered-titanium-water-filter-candle-porous-titanium-filter\/","title":{"rendered":"Vela de filtro de \u00e1gua de tit\u00e2nio sinterizado limp\u00e1vel de 20 polegadas e 0,2 m\u00edcron \/ filtro de tit\u00e2nio poroso"},"content":{"rendered":"<p>Concebida para a purifica\u00e7\u00e3o de \u00e1guas finas, esta vela filtrante de tit\u00e2nio sinterizado de 20 polegadas e 0,2 m\u00edcrones oferece um desempenho limpo e duradouro com uma estrutura porosa que suporta um fluxo est\u00e1vel, uma remo\u00e7\u00e3o fi\u00e1vel de part\u00edculas e uma utiliza\u00e7\u00e3o di\u00e1ria pr\u00e1tica.<\/p>","protected":false},"excerpt":{"rendered":"<table>\n<thead>\n<tr>\n<th>Atributo<\/th>\n<th>Valor<\/th>\n<th>Atributo<\/th>\n<th>Valor<\/th>\n<\/tr>\n<\/thead>\n<tbody>\n<tr>\n<td>Sectores aplic\u00e1veis<\/td>\n<td>Lojas de materiais de constru\u00e7\u00e3o, F\u00e1brica de alimentos e bebidas, Uso dom\u00e9stico, Lojas de impress\u00e3o, Energia e minas, Lojas de alimentos e bebidas<\/td>\n<td>Local de origem<\/td>\n<td>Guangdong, China<\/td>\n<\/tr>\n<tr>\n<td>Nome da marca<\/td>\n<td>Lvyuan\/OEM<\/td>\n<td>Material<\/td>\n<td>Tit\u00e2nio, tit\u00e2nio puro<\/td>\n<\/tr>\n<tr>\n<td>Peso<\/td>\n<td>Personalizado<\/td>\n<td>Tamanho<\/td>\n<td>Personalizado<\/td>\n<\/tr>\n<tr>\n<td>Pot\u00eancia<\/td>\n<td>0<\/td>\n<td>Garantia<\/td>\n<td>N\u00e3o dispon\u00edvel<\/td>\n<\/tr>\n<tr>\n<td>Nome<\/td>\n<td>Vela de filtro de \u00e1gua de tit\u00e2nio sinterizado de 20 polegadas lav\u00e1vel<\/td>\n<td>Interface<\/td>\n<td>222, 226, 215, Flat, M20, M30, M42<\/td>\n<\/tr>\n<tr>\n<td>Di\u00e2metro exterior<\/td>\n<td>60-70mm<\/td>\n<td>Comprimento<\/td>\n<td>5, 10, 20, 30, 40 polegadas ou personalizado<\/td>\n<\/tr>\n<tr>\n<td>Micron<\/td>\n<td>0,1 ~ 100 m\u00edcrones<\/td>\n<td>Porosidade<\/td>\n<td>28~50%<\/td>\n<\/tr>\n<tr>\n<td>Toler\u00e2ncia de temperatura<\/td>\n<td>\u2264300\u2103(h\u00famido)<\/td>\n<td>Utiliza\u00e7\u00e3o<\/td>\n<td>filtrar \u00e1gua mineral, vinho, etc.<\/td>\n<\/tr>\n<tr>\n<td>Forma de lavagem<\/td>\n<td>Lavagem de po\u00e7os e retrolavagem<\/td>\n<td>Servi\u00e7o p\u00f3s-venda prestado<\/td>\n<td>Apoio em linha<\/td>\n<\/tr>\n<tr>\n<td>Capacidade de fornecimento<\/td>\n<td>500 pe\u00e7as\/pe\u00e7as por dia<\/td>\n<td><\/td>\n<td><\/td>\n<\/tr>\n<\/tbody>\n<\/table>","protected":false},"featured_media":4212,"comment_status":"open","ping_status":"closed","template":"","meta":{"_gspb_post_css":""},"product_brand":[],"product_cat":[1141],"product_tag":[1512,1511,1514,1513,1492,1136],"class_list":{"0":"post-4211","1":"product","2":"type-product","3":"status-publish","4":"has-post-thumbnail","6":"product_cat-titanium-filter-cartridge","7":"product_tag-0-2-micron-sintered-titanium-filter","8":"product_tag-20-inch-titanium-filter-candle","9":"product_tag-cleanable-water-filter-candle","10":"product_tag-porous-titanium-water-filter","11":"product_tag-sintered-metal-water-filter","12":"product_tag-water-filter-locks","14":"first","15":"instock","16":"shipping-taxable","17":"product-type-simple"},"_links":{"self":[{"href":"https:\/\/lyfilter.com\/pt\/wp-json\/wp\/v2\/product\/4211","targetHints":{"allow":["GET"]}}],"collection":[{"href":"https:\/\/lyfilter.com\/pt\/wp-json\/wp\/v2\/product"}],"about":[{"href":"https:\/\/lyfilter.com\/pt\/wp-json\/wp\/v2\/types\/product"}],"replies":[{"embeddable":true,"href":"https:\/\/lyfilter.com\/pt\/wp-json\/wp\/v2\/comments?post=4211"}],"wp:featuredmedia":[{"embeddable":true,"href":"https:\/\/lyfilter.com\/pt\/wp-json\/wp\/v2\/media\/4212"}],"wp:attachment":[{"href":"https:\/\/lyfilter.com\/pt\/wp-json\/wp\/v2\/media?parent=4211"}],"wp:term":[{"taxonomy":"product_brand","embeddable":true,"href":"https:\/\/lyfilter.com\/pt\/wp-json\/wp\/v2\/product_brand?post=4211"},{"taxonomy":"product_cat","embeddable":true,"href":"https:\/\/lyfilter.com\/pt\/wp-json\/wp\/v2\/product_cat?post=4211"},{"taxonomy":"product_tag","embeddable":true,"href":"https:\/\/lyfilter.com\/pt\/wp-json\/wp\/v2\/product_tag?post=4211"}],"curies":[{"name":"wp","href":"https:\/\/api.w.org\/{rel}","templated":true}]}}