{"id":4203,"date":"2026-04-04T06:21:48","date_gmt":"2026-04-04T06:21:48","guid":{"rendered":"https:\/\/lyfilter.com\/"},"modified":"2026-04-04T06:21:49","modified_gmt":"2026-04-04T06:21:49","slug":"40-inch-stainless-steel-precision-water-filter-housing-with-cartridge-for-water-treatment","status":"publish","type":"product","link":"https:\/\/lyfilter.com\/pt\/40-inch-stainless-steel-precision-water-filter-housing-with-cartridge-for-water-treatment\/","title":{"rendered":"Caixa de filtro de \u00e1gua de precis\u00e3o de a\u00e7o inoxid\u00e1vel de 40 polegadas com cartucho para tratamento de \u00e1gua"},"content":{"rendered":"<p>Concebida para o tratamento de \u00e1gua limpa e est\u00e1vel, esta caixa de filtro de precis\u00e3o em a\u00e7o inoxid\u00e1vel de 40 polegadas com cartucho ajuda a captar part\u00edculas finas, mantendo o fluxo regular. O seu corpo duradouro permite uma filtragem fi\u00e1vel e uma utiliza\u00e7\u00e3o pr\u00e1tica a longo prazo.<\/p>","protected":false},"excerpt":{"rendered":"<table>\n<thead>\n<tr>\n<th>Atributo<\/th>\n<th>Valor<\/th>\n<th>Atributo<\/th>\n<th>Valor<\/th>\n<\/tr>\n<\/thead>\n<tbody>\n<tr>\n<td>Sectores aplic\u00e1veis<\/td>\n<td>F\u00e1brica de produ\u00e7\u00e3o, F\u00e1brica de alimentos e bebidas, tratamento de \u00e1gua<\/td>\n<td>Local de origem<\/td>\n<td>Guangdong, China<\/td>\n<\/tr>\n<tr>\n<td>Nome da marca<\/td>\n<td>Lvyuan, OEM, ODM<\/td>\n<td>Material<\/td>\n<td>a\u00e7o inoxid\u00e1vel 304\/316<\/td>\n<\/tr>\n<tr>\n<td>Peso<\/td>\n<td>personalizado<\/td>\n<td>Tamanho<\/td>\n<td>personalizado, 10\u201d, 20\u201d, 30\u201d, 40\u201d<\/td>\n<\/tr>\n<tr>\n<td>Pot\u00eancia<\/td>\n<td>0<\/td>\n<td>Garantia<\/td>\n<td>N\u00e3o dispon\u00edvel<\/td>\n<\/tr>\n<tr>\n<td>Carater\u00edstica<\/td>\n<td>facilmente parcel\u00e1vel<\/td>\n<td>Certifica\u00e7\u00e3o<\/td>\n<td>SGS<\/td>\n<\/tr>\n<tr>\n<td>material<\/td>\n<td>SS304\/SS316<\/td>\n<td>Utiliza\u00e7\u00e3o<\/td>\n<td>filtragem de \u00e1gua<\/td>\n<\/tr>\n<tr>\n<td>Aplica\u00e7\u00e3o<\/td>\n<td>setorial<\/td>\n<td>superf\u00edcie<\/td>\n<td>polido<\/td>\n<\/tr>\n<tr>\n<td>Modelo<\/td>\n<td>LY02<\/td>\n<td>Mat\u00e9ria-prima<\/td>\n<td>a\u00e7o inoxid\u00e1vel<\/td>\n<\/tr>\n<tr>\n<td>Press\u00e3o de trabalho<\/td>\n<td>150 psi<\/td>\n<td>Servi\u00e7o p\u00f3s-venda prestado<\/td>\n<td>Apoio em linha<\/td>\n<\/tr>\n<tr>\n<td>Capacidade de fornecimento<\/td>\n<td>1000 pe\u00e7as\/pe\u00e7as por m\u00eas<\/td>\n<td><\/td>\n<td><\/td>\n<\/tr>\n<\/tbody>\n<\/table>","protected":false},"featured_media":4209,"comment_status":"open","ping_status":"closed","template":"","meta":{"_gspb_post_css":""},"product_brand":[],"product_cat":[15],"product_tag":[1507,1510,1508,1440,1136,1509],"class_list":{"0":"post-4203","1":"product","2":"type-product","3":"status-publish","4":"has-post-thumbnail","6":"product_cat-stainless-steel-filter-housing","7":"product_tag-40-inch-filter-housing","8":"product_tag-industrial-water-filtration-housing","9":"product_tag-precision-cartridge-filter-housing","10":"product_tag-stainless-steel-water-filter-housing","11":"product_tag-water-filter-locks","12":"product_tag-water-treatment-filter-housing","14":"first","15":"instock","16":"shipping-taxable","17":"product-type-simple"},"_links":{"self":[{"href":"https:\/\/lyfilter.com\/pt\/wp-json\/wp\/v2\/product\/4203","targetHints":{"allow":["GET"]}}],"collection":[{"href":"https:\/\/lyfilter.com\/pt\/wp-json\/wp\/v2\/product"}],"about":[{"href":"https:\/\/lyfilter.com\/pt\/wp-json\/wp\/v2\/types\/product"}],"replies":[{"embeddable":true,"href":"https:\/\/lyfilter.com\/pt\/wp-json\/wp\/v2\/comments?post=4203"}],"wp:featuredmedia":[{"embeddable":true,"href":"https:\/\/lyfilter.com\/pt\/wp-json\/wp\/v2\/media\/4209"}],"wp:attachment":[{"href":"https:\/\/lyfilter.com\/pt\/wp-json\/wp\/v2\/media?parent=4203"}],"wp:term":[{"taxonomy":"product_brand","embeddable":true,"href":"https:\/\/lyfilter.com\/pt\/wp-json\/wp\/v2\/product_brand?post=4203"},{"taxonomy":"product_cat","embeddable":true,"href":"https:\/\/lyfilter.com\/pt\/wp-json\/wp\/v2\/product_cat?post=4203"},{"taxonomy":"product_tag","embeddable":true,"href":"https:\/\/lyfilter.com\/pt\/wp-json\/wp\/v2\/product_tag?post=4203"}],"curies":[{"name":"wp","href":"https:\/\/api.w.org\/{rel}","templated":true}]}}