{"id":4185,"date":"2026-04-04T06:09:21","date_gmt":"2026-04-04T06:09:21","guid":{"rendered":"https:\/\/lyfilter.com\/"},"modified":"2026-04-04T06:09:21","modified_gmt":"2026-04-04T06:09:21","slug":"wholesale-sinter-candle-filter-oem-microns-sintered-carbon-block-water-filter-for-drinking-water-bottle","status":"publish","type":"product","link":"https:\/\/lyfilter.com\/pt\/wholesale-sinter-candle-filter-oem-microns-sintered-carbon-block-water-filter-for-drinking-water-bottle\/","title":{"rendered":"Filtro de vela sinterizado por atacado Oem Microns Filtro de \u00e1gua de bloco de carbono sinterizado para garrafa de \u00e1gua pot\u00e1vel"},"content":{"rendered":"<p>Concebido para uma hidrata\u00e7\u00e3o quotidiana mais limpa, este filtro de vela sinterizada utiliza uma estrutura de blocos de carbono sinterizado para reduzir as part\u00edculas indesejadas e proporcionar um melhor sabor. Adapta-se a aplica\u00e7\u00f5es de garrafas de \u00e1gua pot\u00e1vel que necessitam de um fluxo constante e de uma filtragem pr\u00e1tica.<\/p>","protected":false},"excerpt":{"rendered":"<table>\n<thead>\n<tr>\n<th>Atributo<\/th>\n<th>Valor<\/th>\n<th>Atributo<\/th>\n<th>Valor<\/th>\n<\/tr>\n<\/thead>\n<tbody>\n<tr>\n<td>Local de origem<\/td>\n<td>China<\/td>\n<td>Pot\u00eancia (W)<\/td>\n<td>0<\/td>\n<\/tr>\n<tr>\n<td>Tens\u00e3o (V)<\/td>\n<td>0<\/td>\n<td>Servi\u00e7o p\u00f3s-venda prestado<\/td>\n<td>Instala\u00e7\u00e3o no local, suporte online<\/td>\n<\/tr>\n<tr>\n<td>Garantia<\/td>\n<td>1 ano<\/td>\n<td>Tipo<\/td>\n<td>Carv\u00e3o ativado<\/td>\n<\/tr>\n<tr>\n<td>Certifica\u00e7\u00e3o<\/td>\n<td>ce, ISO<\/td>\n<td>Utiliza\u00e7\u00e3o<\/td>\n<td>Pr\u00e9-filtragem dom\u00e9stica<\/td>\n<\/tr>\n<tr>\n<td>Aplica\u00e7\u00e3o<\/td>\n<td>Agregado familiar<\/td>\n<td>Fonte de energia<\/td>\n<td>Manual<\/td>\n<\/tr>\n<tr>\n<td>Nome do produto<\/td>\n<td>filtro de \u00e1gua de bloco de carbono sinterizado<\/td>\n<td>Material<\/td>\n<td>Carv\u00e3o de coco ativado sinterizado<\/td>\n<\/tr>\n<tr>\n<td>Comprimento<\/td>\n<td>10-1050mm<\/td>\n<td>OD<\/td>\n<td>14-121 mm<\/td>\n<\/tr>\n<tr>\n<td>ID<\/td>\n<td>6-50 mm<\/td>\n<td>Taxa de microns<\/td>\n<td>0,5-20um<\/td>\n<\/tr>\n<tr>\n<td>Valor de iodo<\/td>\n<td>at\u00e9 1000<\/td>\n<td>Caudal<\/td>\n<td>\u2264300L\/h<\/td>\n<\/tr>\n<\/tbody>\n<\/table>","protected":false},"featured_media":4191,"comment_status":"open","ping_status":"closed","template":"","meta":{"_gspb_post_css":""},"product_brand":[],"product_cat":[22],"product_tag":[1497,1495,1494,1496,1136,1498],"class_list":{"0":"post-4185","1":"product","2":"type-product","3":"status-publish","4":"has-post-thumbnail","6":"product_cat-sintered-filter-cartridge","7":"product_tag-drinking-water-bottle-filter","8":"product_tag-oem-micron-water-filter","9":"product_tag-sinter-candle-filter","10":"product_tag-sintered-carbon-block-filter","11":"product_tag-water-filter-locks","12":"product_tag-wholesale-water-purification-filter","14":"first","15":"instock","16":"shipping-taxable","17":"product-type-simple"},"_links":{"self":[{"href":"https:\/\/lyfilter.com\/pt\/wp-json\/wp\/v2\/product\/4185","targetHints":{"allow":["GET"]}}],"collection":[{"href":"https:\/\/lyfilter.com\/pt\/wp-json\/wp\/v2\/product"}],"about":[{"href":"https:\/\/lyfilter.com\/pt\/wp-json\/wp\/v2\/types\/product"}],"replies":[{"embeddable":true,"href":"https:\/\/lyfilter.com\/pt\/wp-json\/wp\/v2\/comments?post=4185"}],"wp:featuredmedia":[{"embeddable":true,"href":"https:\/\/lyfilter.com\/pt\/wp-json\/wp\/v2\/media\/4191"}],"wp:attachment":[{"href":"https:\/\/lyfilter.com\/pt\/wp-json\/wp\/v2\/media?parent=4185"}],"wp:term":[{"taxonomy":"product_brand","embeddable":true,"href":"https:\/\/lyfilter.com\/pt\/wp-json\/wp\/v2\/product_brand?post=4185"},{"taxonomy":"product_cat","embeddable":true,"href":"https:\/\/lyfilter.com\/pt\/wp-json\/wp\/v2\/product_cat?post=4185"},{"taxonomy":"product_tag","embeddable":true,"href":"https:\/\/lyfilter.com\/pt\/wp-json\/wp\/v2\/product_tag?post=4185"}],"curies":[{"name":"wp","href":"https:\/\/api.w.org\/{rel}","templated":true}]}}