{"id":4182,"date":"2026-04-04T05:58:10","date_gmt":"2026-04-04T05:58:10","guid":{"rendered":"https:\/\/lyfilter.com\/"},"modified":"2026-04-04T05:58:10","modified_gmt":"2026-04-04T05:58:10","slug":"sintered-metal-filter-10000-units-month-by-lvyuan-filter","status":"publish","type":"product","link":"https:\/\/lyfilter.com\/pt\/sintered-metal-filter-10000-units-month-by-lvyuan-filter\/","title":{"rendered":"Filtro de metal sinterizado 10000 unidades\/m\u00eas por Lvyuan Filter"},"content":{"rendered":"<div class=\"er-fangkuang1\">\n<p>\u25c6\u25c6 Os filtros de pl\u00e1sticos porosos sinterizados Lvyuan podem atender aos requisitos de diferentes clientes. Formas moldadas personalizadas est\u00e3o dispon\u00edveis.<\/p>\n<p>PE e PEAD\u00a0<a href=\"https:\/\/lyfilter.com\/pt\/sintered-filter-cartridge.html\/\">Cartucho de filtro sinterizado<\/a>\uff1a<br \/>\nOs produtos de polietileno poroso sinterizado (PE) s\u00e3o os pl\u00e1sticos mais utilizados\u00a0<a href=\"https:\/\/lyfilter.com\/pt\/products.html\/\">elemento filtrante<\/a>\u00a0no mundo. O pl\u00e1stico PE poroso \u00e9 um termopl\u00e1stico forte e leve, com uma forte resist\u00eancia qu\u00edmica (\u00e1cidos e \u00e1lcalis) e uma ampla gama de microns de 1 a 200um. O polietileno de ultra-alto peso molecular (UHMWPE) e o polietileno de alta densidade (HDPE) est\u00e3o dispon\u00edveis em tubos, folhas, varetas e formas moldadas para diferentes aplica\u00e7\u00f5es.<\/p>\n<p>Cartucho de filtro sinterizado em PTFE:<br \/>\nOs elementos filtrantes microporosos de PTFE s\u00e3o produzidos atrav\u00e9s da sinteriza\u00e7\u00e3o de gr\u00e2nulos de PTFE (Politetrafluoroetileno) puro, n\u00e3o sendo utilizadas quaisquer outras subst\u00e2ncias na sua constru\u00e7\u00e3o. Estes elementos filtrantes s\u00e3o normalmente propostos quando apenas pode ser utilizado PTFE puro descart\u00e1vel 100%. A vantagem do PTFE \u00e9 uma temperatura m\u00e1xima mais alta, at\u00e9 200 \u2103, e uma resist\u00eancia qu\u00edmica um pouco melhor. Esses elementos filtrantes devem ser limpos por ultrassom para obter melhores resultados.<\/p>\n<p>Cartucho de filtro sinterizado PVDF:<br \/>\nOs produtos de PVDF (fluoreto de polivinilideno) poroso sinterizado s\u00e3o uma boa escolha quando expostos a condi\u00e7\u00f5es t\u00e9rmicas, ultravioletas, de ozono e qu\u00edmicas adversas. Os produtos de PVDF poroso s\u00e3o extremamente duros e t\u00eam um tamanho m\u00e9dio de poro de 25 m\u00edcrones. Pode trabalhar em temperatura de -62 a 149 \u2103.<\/p>\n<p>Cartucho de filtro sinterizado PA\/Nylon:<br \/>\nO nylon, nome comercial das poliamidas (PA), \u00e9 um pol\u00edmero semi-cristalino que cont\u00e9m grupos amina e carbonilo. Existem v\u00e1rias vers\u00f5es. Nylon \/ PA tem alta resist\u00eancia e resist\u00eancia t\u00e9rmica com uma termperatura de amolecimento de 190 \u2103. Temperatura de trabalho de -40 \u2103 a 121 \u2103, produtos porosos de PA \/ Nylon sinterizados t\u00eam resist\u00eancia \u00e0 tra\u00e7\u00e3o muito alta, boa resist\u00eancia \u00e0 abras\u00e3o e qu\u00edmica e baixo coeficiente de atrito.<\/p>\n<\/div>\n<div class=\"er-fangkuang1\">\n<p>\u00a0 Carater\u00edstica do produto<\/p>\n<div class=\"description\">\n<ul>\n<li><span class=\"font-color\">\u25ea \u00a0\u00a0<\/span>Elevada porosidade (60%) para assegurar um maior fluxo por unidade de \u00e1rea;<\/li>\n<li><span class=\"font-color\">\u25ea\u00a0 \u00a0<\/span>Superf\u00edcie exterior lisa, as impurezas n\u00e3o s\u00e3o f\u00e1ceis de aderir, a lavagem das costas \u00e9 f\u00e1cil e completa;<\/li>\n<li><span class=\"font-color\">\u25ea\u00a0 \u00a0<\/span>Capacidade anti-incrustante: a pequena dimens\u00e3o do filtro impede que as impurezas fiquem retidas no corpo do filtro;<\/li>\n<li><span class=\"font-color\">\u25ea\u00a0 \u00a0<\/span>Resist\u00eancia a \u00e1cidos fortes, corros\u00e3o alcalina, resist\u00eancia a solventes org\u00e2nicos;<\/li>\n<li><span class=\"font-color\">\u25ea\u00a0 \u00a0<\/span>Excelentes propriedades mec\u00e2nicas;<\/li>\n<li><span class=\"font-color\">\u25ea\u00a0 \u00a0<\/span>N\u00e3o h\u00e1 liberta\u00e7\u00e3o de part\u00edculas.<\/li>\n<li><span class=\"font-color\">\u25ea\u00a0 \u00a0<\/span>Gama de produtos e vasto \u00e2mbito de aplica\u00e7\u00e3o<\/li>\n<\/ul>\n<\/div>\n<\/div>","protected":false},"excerpt":{"rendered":"<table>\n<thead>\n<tr>\n<th>Atributo<\/th>\n<th>Valor<\/th>\n<th>Atributo<\/th>\n<th>Valor<\/th>\n<\/tr>\n<\/thead>\n<tbody>\n<tr>\n<td>Dimens\u00f5es do cartucho Fiter<\/td>\n<td><\/td>\n<td>Tamanho normal (mm)<\/td>\n<td>31x12x1000, 31x20x1000, 38x20x1000, 38x18x1000, 38x20x1200, 38x20x1300, 38x20x150, 38x20x400, 38x20x250, 38x20x200, 38x20x180, 38x20x150, 50x20x1000, 50x31x1000, 50x38x1000, 65x31x1000, 65x38x1000, 64x44x1000, 78x62x750mm, etc.<\/td>\n<\/tr>\n<tr>\n<td>Outras dimens\u00f5es<\/td>\n<td>Personalizado a pedido do cliente.<\/td>\n<td>Material de constru\u00e7\u00e3o<\/td>\n<td><\/td>\n<\/tr>\n<tr>\n<td>Op\u00e7\u00e3o de meio filtrante<\/td>\n<td>PE, HDPE, PTFE, PVDF, PA\/Nylon, etc.<\/td>\n<td>Tipo de conetor<\/td>\n<td>Plano, Tipo de inser\u00e7\u00e3o, Tipo de rosca, Barbatana<\/td>\n<\/tr>\n<tr>\n<td>Tampas de extremidade<\/td>\n<td>PP, M36, M30, M25, M22, M14, M12, ou a pedido.<\/td>\n<td>Desempenho<\/td>\n<td><\/td>\n<\/tr>\n<tr>\n<td>Taxa de remo\u00e7\u00e3o<\/td>\n<td>0,3, 0,45, 1, 3, 5, 10, 20, 30, 40, 50 \u03bcm<\/td>\n<td>Temperatura m\u00e1xima de funcionamento<\/td>\n<td>\u2266 82 \u2103<\/td>\n<\/tr>\n<tr>\n<td>Press\u00e3o m\u00e1xima de funcionamento<\/td>\n<td>6,0 bar<\/td>\n<td><\/td>\n<td><\/td>\n<\/tr>\n<\/tbody>\n<\/table>","protected":false},"featured_media":4183,"comment_status":"open","ping_status":"closed","template":"","meta":{"_gspb_post_css":""},"product_brand":[],"product_cat":[22],"product_tag":[1378,1346,1491,1492,1136,1493],"class_list":{"0":"post-4182","1":"product","2":"type-product","3":"status-publish","4":"has-post-thumbnail","6":"product_cat-sintered-filter-cartridge","7":"product_tag-factory-supply-water-filter","8":"product_tag-industrial-sintered-filter","9":"product_tag-lvyuan-sintered-metal-filter","10":"product_tag-sintered-metal-water-filter","11":"product_tag-water-filter-locks","12":"product_tag-water-purification-metal-filter","14":"first","15":"instock","16":"shipping-taxable","17":"product-type-simple"},"_links":{"self":[{"href":"https:\/\/lyfilter.com\/pt\/wp-json\/wp\/v2\/product\/4182","targetHints":{"allow":["GET"]}}],"collection":[{"href":"https:\/\/lyfilter.com\/pt\/wp-json\/wp\/v2\/product"}],"about":[{"href":"https:\/\/lyfilter.com\/pt\/wp-json\/wp\/v2\/types\/product"}],"replies":[{"embeddable":true,"href":"https:\/\/lyfilter.com\/pt\/wp-json\/wp\/v2\/comments?post=4182"}],"wp:featuredmedia":[{"embeddable":true,"href":"https:\/\/lyfilter.com\/pt\/wp-json\/wp\/v2\/media\/4183"}],"wp:attachment":[{"href":"https:\/\/lyfilter.com\/pt\/wp-json\/wp\/v2\/media?parent=4182"}],"wp:term":[{"taxonomy":"product_brand","embeddable":true,"href":"https:\/\/lyfilter.com\/pt\/wp-json\/wp\/v2\/product_brand?post=4182"},{"taxonomy":"product_cat","embeddable":true,"href":"https:\/\/lyfilter.com\/pt\/wp-json\/wp\/v2\/product_cat?post=4182"},{"taxonomy":"product_tag","embeddable":true,"href":"https:\/\/lyfilter.com\/pt\/wp-json\/wp\/v2\/product_tag?post=4182"}],"curies":[{"name":"wp","href":"https:\/\/api.w.org\/{rel}","templated":true}]}}