{"id":4143,"date":"2026-04-04T03:12:27","date_gmt":"2026-04-04T03:12:27","guid":{"rendered":"https:\/\/lyfilter.com\/"},"modified":"2026-04-04T03:12:27","modified_gmt":"2026-04-04T03:12:27","slug":"good-sellingpleated-water-filters-for-water-purification","status":"publish","type":"product","link":"https:\/\/lyfilter.com\/pt\/good-sellingpleated-water-filters-for-water-purification\/","title":{"rendered":"Filtros de \u00e1gua plana para purifica\u00e7\u00e3o de \u00e1gua"},"content":{"rendered":"<p>Concebida para a purifica\u00e7\u00e3o de \u00e1gua limpa e consistente, esta caixa de filtro multi-cartucho Doe 222 UF \u00e9 feita de a\u00e7o inoxid\u00e1vel SS 304 de qualidade alimentar. Funciona sem problemas com filtros de \u00e1gua plissados, oferecendo uma durabilidade duradoura, um fluxo constante e uma utiliza\u00e7\u00e3o pr\u00e1tica no dia a dia.<\/p>","protected":false},"excerpt":{"rendered":"<table>\n<thead>\n<tr>\n<th>Atributo<\/th>\n<th>Valor<\/th>\n<th>Atributo<\/th>\n<th>Valor<\/th>\n<\/tr>\n<\/thead>\n<tbody>\n<tr>\n<td>Sectores aplic\u00e1veis<\/td>\n<td>F\u00e1brica de produ\u00e7\u00e3o, F\u00e1brica de alimentos e bebidas, tratamento de \u00e1gua<\/td>\n<td>Local de origem<\/td>\n<td>Guangdong, China<\/td>\n<\/tr>\n<tr>\n<td>Nome da marca<\/td>\n<td>Lvyuan, OEM, ODM<\/td>\n<td>Material<\/td>\n<td>membrana de nylon6<\/td>\n<\/tr>\n<tr>\n<td>Peso<\/td>\n<td>personalizado<\/td>\n<td>Tamanho<\/td>\n<td>personalizado<\/td>\n<\/tr>\n<tr>\n<td>Pot\u00eancia<\/td>\n<td>0<\/td>\n<td>Garantia<\/td>\n<td>N\u00e3o dispon\u00edvel<\/td>\n<\/tr>\n<tr>\n<td>Carater\u00edstica<\/td>\n<td>aumento da \u00e1rea de filtragem<\/td>\n<td>Comprimento<\/td>\n<td>10\/20\/30\/40 Polegadas<\/td>\n<\/tr>\n<tr>\n<td>Certifica\u00e7\u00e3o<\/td>\n<td>SGS<\/td>\n<td>Forma<\/td>\n<td>cilindro<\/td>\n<\/tr>\n<tr>\n<td>Utiliza\u00e7\u00e3o<\/td>\n<td>tratamento da \u00e1gua<\/td>\n<td>Aplica\u00e7\u00e3o<\/td>\n<td>setorial<\/td>\n<\/tr>\n<tr>\n<td>Cor<\/td>\n<td>branco<\/td>\n<td>Embalagem<\/td>\n<td>caixa de papel<\/td>\n<\/tr>\n<tr>\n<td>Outro nome<\/td>\n<td>cartucho de filtro dobr\u00e1vel<\/td>\n<td>OD<\/td>\n<td>69 mm<\/td>\n<\/tr>\n<tr>\n<td>Servi\u00e7o p\u00f3s-venda prestado<\/td>\n<td>Servi\u00e7o de manuten\u00e7\u00e3o e repara\u00e7\u00e3o no terreno, apoio em linha<\/td>\n<td>Capacidade de fornecimento<\/td>\n<td>5000 pe\u00e7as\/pe\u00e7as por m\u00eas<\/td>\n<\/tr>\n<\/tbody>\n<\/table>","protected":false},"featured_media":4149,"comment_status":"open","ping_status":"closed","template":"","meta":{"_gspb_post_css":""},"product_brand":[],"product_cat":[1095],"product_tag":[1458,1460,1463,1464,1462,1136],"class_list":{"0":"post-4143","1":"product","2":"type-product","3":"status-publish","4":"has-post-thumbnail","6":"product_cat-string-wound-filter-cartridge","7":"product_tag-doe-222-filter-housing","8":"product_tag-food-grade-ss-304-housing","9":"product_tag-multi-cartridge-filter-housing","10":"product_tag-pleated-water-filters","11":"product_tag-uf-filter-housing","12":"product_tag-water-filter-locks","14":"first","15":"instock","16":"shipping-taxable","17":"product-type-simple"},"_links":{"self":[{"href":"https:\/\/lyfilter.com\/pt\/wp-json\/wp\/v2\/product\/4143","targetHints":{"allow":["GET"]}}],"collection":[{"href":"https:\/\/lyfilter.com\/pt\/wp-json\/wp\/v2\/product"}],"about":[{"href":"https:\/\/lyfilter.com\/pt\/wp-json\/wp\/v2\/types\/product"}],"replies":[{"embeddable":true,"href":"https:\/\/lyfilter.com\/pt\/wp-json\/wp\/v2\/comments?post=4143"}],"wp:featuredmedia":[{"embeddable":true,"href":"https:\/\/lyfilter.com\/pt\/wp-json\/wp\/v2\/media\/4149"}],"wp:attachment":[{"href":"https:\/\/lyfilter.com\/pt\/wp-json\/wp\/v2\/media?parent=4143"}],"wp:term":[{"taxonomy":"product_brand","embeddable":true,"href":"https:\/\/lyfilter.com\/pt\/wp-json\/wp\/v2\/product_brand?post=4143"},{"taxonomy":"product_cat","embeddable":true,"href":"https:\/\/lyfilter.com\/pt\/wp-json\/wp\/v2\/product_cat?post=4143"},{"taxonomy":"product_tag","embeddable":true,"href":"https:\/\/lyfilter.com\/pt\/wp-json\/wp\/v2\/product_tag?post=4143"}],"curies":[{"name":"wp","href":"https:\/\/api.w.org\/{rel}","templated":true}]}}