{"id":4126,"date":"2026-04-04T03:02:29","date_gmt":"2026-04-04T03:02:29","guid":{"rendered":"https:\/\/lyfilter.com\/"},"modified":"2026-04-04T03:02:29","modified_gmt":"2026-04-04T03:02:29","slug":"china-manufacture-custom-ss-304-316l-in-line-stainless-steel-inline-filter-housing-for-milk-oil-gas-air-water-purification","status":"publish","type":"product","link":"https:\/\/lyfilter.com\/pt\/china-manufacture-custom-ss-304-316l-in-line-stainless-steel-inline-filter-housing-for-milk-oil-gas-air-water-purification\/","title":{"rendered":"China Fabrica\u00e7\u00e3o Personalizada SS 304 316L In-Line Carca\u00e7a de Filtro de A\u00e7o Inoxid\u00e1vel para Purifica\u00e7\u00e3o de \u00c1gua de Ar de G\u00e1s de \u00d3leo de Leite"},"content":{"rendered":"<div class=\"scc-wrapper detail-module module-productPackagingAndQuickDetail\" data-spm=\"prilinga1e\">\n<div class=\"widget-detail-overview\">\n<div class=\"do-content\">\n<div class=\"do-overview\">\n<div class=\"do-entry do-entry-full\">\n<div class=\"do-entry-list\">\n<dl class=\"do-entry-item\">\n<dt class=\"do-entry-item-key\">Tipo de embalagem:<\/dt>\n<dd class=\"do-entry-item-val pkg-method\">China Fabrica\u00e7\u00e3o Personalizada SS 304 316L In-line Caixa de filtro em linha de a\u00e7o inoxid\u00e1vel para leite \u00f3leo g\u00e1s ar \u00e1gua purifica\u00e7\u00e3o A cota\u00e7\u00e3o \u00e9 apenas para refer\u00eancia, por favor, sinta-se livre para enviar o requisito de especifica\u00e7\u00e3o para n\u00f3s, e obter o melhor pre\u00e7o. Embalagem: cart\u00e3o<\/dd>\n<\/dl>\n<dl class=\"do-entry-item\">\n<dt class=\"do-entry-item-key\" title=\"Prazo de execu\u00e7\u00e3o\">Prazo de execu\u00e7\u00e3o\u00a0<i class=\"next-icon next-icon-help next-icon-xs js-leadtimes-tips\"><\/i>:<\/dt>\n<dd class=\"do-entry-item-val\" title=\"Prazo de execu\u00e7\u00e3o\">\n<div class=\"table-responsive\">\n<table class=\"supply-ability-table ui2-table ui2-table-normal ui2-table-zebra ui2-table-hover\">\n<tbody>\n<tr>\n<td>Quantidade (pe\u00e7as)<\/td>\n<td>1 - 50<\/td>\n<td>&gt;50<\/td>\n<\/tr>\n<tr>\n<td>Est. Tempo (dias)<\/td>\n<td>15<\/td>\n<td>A ser negociado<\/td>\n<\/tr>\n<\/tbody>\n<\/table>\n<\/div>\n<\/dd>\n<\/dl>\n<\/div>\n<\/div>\n<\/div>\n<\/div>\n<\/div>\n<\/div>\n<div class=\"scc-wrapper detail-module module-detailVideo\" data-spm=\"detailvideo\"><\/div>\n<div class=\"scc-wrapper detail-module module-productSpecification\" data-spm=\"pronpeci14\">\n<div id=\"J-rich-text-description\" class=\"richtext richtext-detail rich-text-description\">\n<div id=\"detail_decorate_root\" data-host=\"111234190\" data-magic-global=\"%7B%22bizId%22%3A17381045746%2C%22pageId%22%3A5063624136%2C%22siteId%22%3A5005126472%7D\" data-id=\"detail_decorate_root\">\n<div class=\"detail-decorate-json-renderer-container\">\n<div class=\"magic-0\">\n<h3 class=\"magic-1\" data-id=\"title0\">China Fabrica\u00e7\u00e3o Personalizada SS 304 316L In-line A\u00e7o Inoxid\u00e1vel Caixa de filtro em linha para leite \u00f3leo g\u00e1s ar \u00e1gua purifica\u00e7\u00e3o<\/h3>\n<\/div>\n<\/div>\n<\/div>\n<\/div>\n<\/div>","protected":false},"excerpt":{"rendered":"<table>\n<thead>\n<tr>\n<th>Item<\/th>\n<th>Valor<\/th>\n<th>Item<\/th>\n<th>Valor<\/th>\n<\/tr>\n<\/thead>\n<tbody>\n<tr>\n<td>Estado<\/td>\n<td>Novo<\/td>\n<td>Sectores aplic\u00e1veis<\/td>\n<td>Hot\u00e9is; Lojas de vestu\u00e1rio; Lojas de materiais de constru\u00e7\u00e3o; F\u00e1brica; Lojas de repara\u00e7\u00e3o de m\u00e1quinas; F\u00e1brica de alimentos e bebidas; Quintas; Restaurante; Uso dom\u00e9stico; Retalho; Loja de alimentos; Gr\u00e1ficas; Obras de constru\u00e7\u00e3o; Energia e minas; Lojas de alimentos e bebidas; Empresa de publicidade<\/td>\n<\/tr>\n<tr>\n<td>Servi\u00e7o p\u00f3s-garantia<\/td>\n<td>Apoio em linha<\/td>\n<td>Localiza\u00e7\u00e3o do servi\u00e7o local<\/td>\n<td>nenhum<\/td>\n<\/tr>\n<tr>\n<td>Localiza\u00e7\u00e3o da sala de exposi\u00e7\u00f5es<\/td>\n<td>nenhum<\/td>\n<td>Local de origem<\/td>\n<td>Guangdong, China<\/td>\n<\/tr>\n<tr>\n<td>Nome da marca<\/td>\n<td>Lvyuan \/ OEM<\/td>\n<td>Material<\/td>\n<td>a\u00e7o inoxid\u00e1vel<\/td>\n<\/tr>\n<tr>\n<td>Peso<\/td>\n<td>depende<\/td>\n<td>Tamanho<\/td>\n<td>depende<\/td>\n<\/tr>\n<tr>\n<td>Pot\u00eancia<\/td>\n<td>0<\/td>\n<td>Garantia<\/td>\n<td>1 ano<\/td>\n<\/tr>\n<tr>\n<td>Servi\u00e7o p\u00f3s-venda prestado<\/td>\n<td>Apoio em linha<\/td>\n<td>Nome do produto<\/td>\n<td>caixa do filtro em linha em a\u00e7o inoxid\u00e1vel<\/td>\n<\/tr>\n<tr>\n<td>materiais de habita\u00e7\u00e3o<\/td>\n<td>ss304; 316; 316L<\/td>\n<td>Quantidade de filtros de cartucho<\/td>\n<td>1 - 160PCS para op\u00e7\u00e3o<\/td>\n<\/tr>\n<tr>\n<td>Comprimento do cartucho do filtro<\/td>\n<td>5; 10; 20; 30; 40; 60 polegadas; OEM<\/td>\n<td>Tratamento de superf\u00edcie<\/td>\n<td>Polido e jato de areia<\/td>\n<\/tr>\n<tr>\n<td>Tipo de tampa superior instalada<\/td>\n<td>Parafusos de eleva\u00e7\u00e3o\/Flange\/Tipo de grampo<\/td>\n<td>Utiliza\u00e7\u00e3o<\/td>\n<td>esta\u00e7\u00e3o de tratamento de \u00e1gua\/l\u00edquido\/vinho<\/td>\n<\/tr>\n<tr>\n<td>Embalagem<\/td>\n<td>Caixa de madeira<\/td>\n<td>Tipo de conetor<\/td>\n<td>c\u00f3digo 0 3 6 7 8 9<\/td>\n<\/tr>\n<tr>\n<td>Certifica\u00e7\u00e3o<\/td>\n<td>CE ISO SGS<\/td>\n<td>Unidades de venda<\/td>\n<td>Artigo \u00fanico<\/td>\n<\/tr>\n<tr>\n<td>Tamanho da embalagem individual<\/td>\n<td>20X20X70 cm<\/td>\n<td>Peso bruto \u00fanico<\/td>\n<td>8.000 kg<\/td>\n<\/tr>\n<\/tbody>\n<\/table>","protected":false},"featured_media":4131,"comment_status":"open","ping_status":"closed","template":"","meta":{"_gspb_post_css":""},"product_brand":[],"product_cat":[15],"product_tag":[1450,1452,1448,1449,1447,1451],"class_list":{"0":"post-4126","1":"product","2":"type-product","3":"status-publish","4":"has-post-thumbnail","6":"product_cat-stainless-steel-filter-housing","7":"product_tag-milk-inline-filter","8":"product_tag-oil-gas-air-filter-housing","9":"product_tag-ss-304-filter-housing","10":"product_tag-ss-316l-filter-housing","11":"product_tag-stainless-steel-inline-filter-housing","12":"product_tag-water-purification-filter-housing","14":"first","15":"instock","16":"shipping-taxable","17":"product-type-simple"},"_links":{"self":[{"href":"https:\/\/lyfilter.com\/pt\/wp-json\/wp\/v2\/product\/4126","targetHints":{"allow":["GET"]}}],"collection":[{"href":"https:\/\/lyfilter.com\/pt\/wp-json\/wp\/v2\/product"}],"about":[{"href":"https:\/\/lyfilter.com\/pt\/wp-json\/wp\/v2\/types\/product"}],"replies":[{"embeddable":true,"href":"https:\/\/lyfilter.com\/pt\/wp-json\/wp\/v2\/comments?post=4126"}],"wp:featuredmedia":[{"embeddable":true,"href":"https:\/\/lyfilter.com\/pt\/wp-json\/wp\/v2\/media\/4131"}],"wp:attachment":[{"href":"https:\/\/lyfilter.com\/pt\/wp-json\/wp\/v2\/media?parent=4126"}],"wp:term":[{"taxonomy":"product_brand","embeddable":true,"href":"https:\/\/lyfilter.com\/pt\/wp-json\/wp\/v2\/product_brand?post=4126"},{"taxonomy":"product_cat","embeddable":true,"href":"https:\/\/lyfilter.com\/pt\/wp-json\/wp\/v2\/product_cat?post=4126"},{"taxonomy":"product_tag","embeddable":true,"href":"https:\/\/lyfilter.com\/pt\/wp-json\/wp\/v2\/product_tag?post=4126"}],"curies":[{"name":"wp","href":"https:\/\/api.w.org\/{rel}","templated":true}]}}