{"id":4119,"date":"2026-04-03T10:54:26","date_gmt":"2026-04-03T10:54:26","guid":{"rendered":"https:\/\/lyfilter.com\/"},"modified":"2026-04-03T10:54:26","modified_gmt":"2026-04-03T10:54:26","slug":"high-temperature-resistance-100-micron-water-mesh-filter-stainless-steel-cartridge-10-inch","status":"publish","type":"product","link":"https:\/\/lyfilter.com\/pt\/high-temperature-resistance-100-micron-water-mesh-filter-stainless-steel-cartridge-10-inch\/","title":{"rendered":"Resist\u00eancia a altas temperaturas Filtro de malha de \u00e1gua de 100 m\u00edcrons Cartucho de a\u00e7o inoxid\u00e1vel de 10 polegadas"},"content":{"rendered":"<p>Constru\u00eddo para filtragem, este cartucho de filtro de malha de \u00e1gua em a\u00e7o inoxid\u00e1vel de 10 polegadas oferece um controlo de 100 m\u00edcrones e resist\u00eancia a altas temperaturas. Ajuda a manter o fluxo, a proteger o equipamento e a suportar um tratamento de \u00e1gua fi\u00e1vel nos dias de trabalho.<\/p>","protected":false},"excerpt":{"rendered":"<table>\n<thead>\n<tr>\n<th>Item<\/th>\n<th>Valor<\/th>\n<th>Item<\/th>\n<th>Valor<\/th>\n<\/tr>\n<\/thead>\n<tbody>\n<tr>\n<td>Estado<\/td>\n<td>Novo<\/td>\n<td>Garantia<\/td>\n<td>6 meses<\/td>\n<\/tr>\n<tr>\n<td>Sectores aplic\u00e1veis<\/td>\n<td>Hot\u00e9is; Lojas de vestu\u00e1rio; Lojas de materiais de constru\u00e7\u00e3o; F\u00e1brica de produ\u00e7\u00e3o; Lojas de repara\u00e7\u00e3o de m\u00e1quinas; F\u00e1brica de alimentos e bebidas; Quintas; Restaurante; Uso dom\u00e9stico; Retalho; Loja de alimentos; Lojas de impress\u00e3o; Obras de constru\u00e7\u00e3o; Energia e minas; Lojas de alimentos e bebidas<\/td>\n<td>Servi\u00e7o p\u00f3s-garantia<\/td>\n<td>Apoio em linha<\/td>\n<\/tr>\n<tr>\n<td>Localiza\u00e7\u00e3o do servi\u00e7o local<\/td>\n<td>nenhum<\/td>\n<td>Localiza\u00e7\u00e3o da sala de exposi\u00e7\u00f5es<\/td>\n<td>nenhum<\/td>\n<\/tr>\n<tr>\n<td>Inspe\u00e7\u00e3o de sa\u00edda de v\u00eddeo<\/td>\n<td>Fornecido<\/td>\n<td>Relat\u00f3rio de ensaio de m\u00e1quinas<\/td>\n<td>Fornecido<\/td>\n<\/tr>\n<tr>\n<td>Tipo de marketing<\/td>\n<td>Produto normal<\/td>\n<td>Garantia dos componentes principais<\/td>\n<td>1 ano<\/td>\n<\/tr>\n<tr>\n<td>Componentes principais<\/td>\n<td>Recipiente sob press\u00e3o<\/td>\n<td>Local de origem<\/td>\n<td>Guangdong, China<\/td>\n<\/tr>\n<tr>\n<td>Nome da marca<\/td>\n<td>Lvyuan\/OEM<\/td>\n<td>Utiliza\u00e7\u00e3o<\/td>\n<td>Filtro de l\u00edquidos; tratamento de \u00e1gua<\/td>\n<\/tr>\n<tr>\n<td>Tipo<\/td>\n<td>Elementos filtrantes<\/td>\n<td>Material<\/td>\n<td>Fibra met\u00e1lica; malha de a\u00e7o inoxid\u00e1vel<\/td>\n<\/tr>\n<tr>\n<td>Carater\u00edstica<\/td>\n<td>boa permeabilidade<\/td>\n<td>Comprimento<\/td>\n<td>10\/20\/30\/40 polegadas ou personalizado<\/td>\n<\/tr>\n<tr>\n<td>Forma<\/td>\n<td>cilindro<\/td>\n<td>Aplica\u00e7\u00e3o<\/td>\n<td>setorial<\/td>\n<\/tr>\n<tr>\n<td>Cor<\/td>\n<td>lasca<\/td>\n<td>Embalagem<\/td>\n<td>caixa de papel<\/td>\n<\/tr>\n<tr>\n<td>taxa de remo\u00e7\u00e3o<\/td>\n<td>2 a 200\u03bcm<\/td>\n<td>Vantagem<\/td>\n<td>reutiliza\u00e7\u00e3o<\/td>\n<\/tr>\n<tr>\n<td>Capacidade de fornecimento<\/td>\n<td>1000 pe\u00e7as\/pe\u00e7as por m\u00eas<\/td>\n<td><\/td>\n<td><\/td>\n<\/tr>\n<\/tbody>\n<\/table>","protected":false},"featured_media":4120,"comment_status":"open","ping_status":"closed","template":"","meta":{"_gspb_post_css":""},"product_brand":[],"product_cat":[1205],"product_tag":[887,1444,1445,743,1257,1446],"class_list":{"0":"post-4119","1":"product","2":"type-product","3":"status-publish","4":"has-post-thumbnail","6":"product_cat-stainless-steel-sintered-filter-cartridge","7":"product_tag-10-inch-water-filter-cartridge","8":"product_tag-100-micron-water-mesh-filter","9":"product_tag-high-temperature-resistant-filter","10":"product_tag-industrial-water-filter-cartridge","11":"product_tag-stainless-steel-cartridge-filter","12":"product_tag-stainless-steel-mesh-filter","14":"first","15":"instock","16":"shipping-taxable","17":"product-type-simple"},"_links":{"self":[{"href":"https:\/\/lyfilter.com\/pt\/wp-json\/wp\/v2\/product\/4119","targetHints":{"allow":["GET"]}}],"collection":[{"href":"https:\/\/lyfilter.com\/pt\/wp-json\/wp\/v2\/product"}],"about":[{"href":"https:\/\/lyfilter.com\/pt\/wp-json\/wp\/v2\/types\/product"}],"replies":[{"embeddable":true,"href":"https:\/\/lyfilter.com\/pt\/wp-json\/wp\/v2\/comments?post=4119"}],"wp:featuredmedia":[{"embeddable":true,"href":"https:\/\/lyfilter.com\/pt\/wp-json\/wp\/v2\/media\/4120"}],"wp:attachment":[{"href":"https:\/\/lyfilter.com\/pt\/wp-json\/wp\/v2\/media?parent=4119"}],"wp:term":[{"taxonomy":"product_brand","embeddable":true,"href":"https:\/\/lyfilter.com\/pt\/wp-json\/wp\/v2\/product_brand?post=4119"},{"taxonomy":"product_cat","embeddable":true,"href":"https:\/\/lyfilter.com\/pt\/wp-json\/wp\/v2\/product_cat?post=4119"},{"taxonomy":"product_tag","embeddable":true,"href":"https:\/\/lyfilter.com\/pt\/wp-json\/wp\/v2\/product_tag?post=4119"}],"curies":[{"name":"wp","href":"https:\/\/api.w.org\/{rel}","templated":true}]}}